{"id":858,"date":"2025-04-11T10:26:33","date_gmt":"2025-04-11T09:26:33","guid":{"rendered":"https:\/\/pavicret.com\/?post_type=product&#038;p=858"},"modified":"2025-04-11T10:54:42","modified_gmt":"2025-04-11T09:54:42","slug":"pavipol-pu-650","status":"publish","type":"product","link":"https:\/\/pavicret.com\/zh-hans\/producto\/pavipol-pu-650\/","title":{"rendered":"PaviPol PU-650"},"content":{"rendered":"<p><strong><a href=\"http:\/\/pavicret.com\/wp-content\/uploads\/2018\/07\/PaviPol-650-FT-2018-01.pdf\" target=\"_blank\" rel=\"noopener noreferrer\">DESCARGAR FICHA T\u00c9CNICA<\/a><\/strong><\/p>\n<p>&nbsp;<\/p>\n<p><strong>BARNIZ DE POLIURETANO <\/strong><\/p>\n<div class=\"page\" title=\"Page 106\">\n<div class=\"section\">\n<div class=\"layoutArea\">\n<div class=\"column\">\n<p>PaviPol-650 es un barniz incoloro a base de resinas reticulables con isocianatos base disolvente, de excelente dureza, tenacidad, resistencia qu\u00edmica y alta resistencia al amarilleo. Se puede aplicar al exterior o en interiores.<\/p>\n<\/div>\n<\/div>\n<\/div>\n<\/div>\n<p><strong>PRESENTACI\u00d3N:<\/strong><\/p>\n<div class=\"page\" title=\"Page 106\">\n<div class=\"section\">\n<div class=\"layoutArea\">\n<div class=\"column\">\n<p>Se suministra en envases de 4 l, el componente A y de 1 litro, el componente B.<\/p>\n<p>Se presenta en color: brillo, satinado y mate<\/p>\n<\/div>\n<\/div>\n<\/div>\n<\/div>\n<p>&nbsp;<\/p>\n<p><strong>PROPIEDADES T\u00c9CNICAS:<\/strong><\/p>\n<p><img fetchpriority=\"high\" decoding=\"async\" class=\"wp-image-3334 size-full aligncenter\" src=\"http:\/\/pavicret.com\/wp-content\/uploads\/2018\/07\/Captura-de-pantalla-2018-07-22-a-las-18.50.23.png\" alt=\"\" width=\"628\" height=\"646\" \/><\/p>\n<p>&nbsp;<\/p>\n<p><strong>APLICACI\u00d3N:\u00a0<\/strong><\/p>\n<div class=\"page\" title=\"Page 106\">\n<div class=\"section\">\n<div class=\"layoutArea\">\n<div class=\"column\">\n<p>Acabado compatible para sistemas epoxi.Acabado para MICROCEMENTO.<\/p>\n<p>Elevada retenci\u00f3n de brillo.<\/p>\n<p>Acabado uniforme.<\/p>\n<\/div>\n<\/div>\n<div class=\"layoutArea\">\n<div class=\"column\">\n<p>Elevada resistencia qu\u00edmica.<\/p>\n<p>Mejora la resistencia al rayado.<\/p>\n<p>Acabado para sistemas de capa fina, autonivelantes o multicapa.<\/p>\n<\/div>\n<\/div>\n<\/div>\n<\/div>\n<p>&nbsp;<\/p>\n<p><strong>ALMACENAMIENTO:<\/strong><\/p>\n<div class=\"page\" title=\"Page 106\">\n<div class=\"section\">\n<div class=\"layoutArea\">\n<div class=\"column\">\n<p>Los envases deben almacenarse en lugar seco y fresco durante no m\u00e1s de 12 meses, Proteger el material contra la humedad y el efecto directo del Sol. a temperatura de almacenaje deber\u00e1 estar entre 5oC y 25oC. El producto deber\u00e1 permanecer en el envase original con el nombre del fabricante, la designaci\u00f3n del producto, el n\u00famero de producci\u00f3n y las etiquetas.<\/p>\n<\/div>\n<\/div>\n<\/div>\n<\/div>\n<p>&nbsp;<\/p>\n<p><strong>APLICACI\u00d3N:<\/strong><\/p>\n<div class=\"page\" title=\"Page 106\">\n<div class=\"section\">\n<div class=\"layoutArea\">\n<div class=\"column\">\n<p>Relaci\u00f3n mezcla: 2 a 1 en peso Vida de la mezcla: 4 horas a 20oC.<\/p>\n<div class=\"page\" title=\"Page 106\">\n<div class=\"section\">\n<div class=\"layoutArea\">\n<div class=\"column\">\n<p>Intervalo de repintado: M\u00ednimo: 4 horas a 20oC M\u00e1ximo: 3 d\u00edas a 20oC.<\/p>\n<div class=\"page\" title=\"Page 106\">\n<div class=\"section\">\n<div class=\"layoutArea\">\n<div class=\"column\">\n<p>Secado Total 24 r. (2oC)<\/p>\n<div class=\"page\" title=\"Page 106\">\n<div class=\"section\">\n<div class=\"layoutArea\">\n<div class=\"column\">\n<p>Temperatura de aplicaci\u00f3n: Entre 10o-5oC. umedad del ambiente: inferior a 90. Viscosidad: 20 seg. Ford 4 (20oC<\/p>\n<div class=\"page\" title=\"Page 106\">\n<div class=\"section\">\n<div class=\"layoutArea\">\n<div class=\"column\">\n<p>La superficie debe estar seca, limpia de grasas y contaminantes.<\/p>\n<div class=\"page\" title=\"Page 106\">\n<div class=\"section\">\n<div class=\"layoutArea\">\n<div class=\"column\">\n<p>Sobre cemento, la superficie debe estar completamente fraguada (&gt;28 d\u00edas) y exenta de humedad.<\/p>\n<div class=\"page\" title=\"Page 106\">\n<div class=\"section\">\n<div class=\"layoutArea\">\n<div class=\"column\">\n<p>El no de capas depender\u00e1 de la absorci\u00f3n del soporte; En superficies muy porosas se necesitan mayor no capas para evitar las diferencias de brillo provocadas por la distinta absorci\u00f3n del ligante en el soporte. a temperatura del substrato debe ser superior a 10oC y al menos 3o por encima del punto de roc\u00edo.<\/p>\n<\/div>\n<\/div>\n<\/div>\n<\/div>\n<\/div>\n<\/div>\n<\/div>\n<\/div>\n<\/div>\n<\/div>\n<\/div>\n<\/div>\n<\/div>\n<\/div>\n<\/div>\n<\/div>\n<\/div>\n<\/div>\n<\/div>\n<\/div>\n<\/div>\n<\/div>\n<\/div>\n<\/div>\n<\/div>\n<\/div>\n<\/div>\n<\/div>\n<p>&nbsp;<\/p>\n<p><strong>RECOMENDACIONES:<\/strong><\/p>\n<div class=\"page\" title=\"Page 106\">\n<div class=\"section\">\n<div class=\"layoutArea\">\n<div class=\"column\">\n<p>Compruebe cuidadosamente la preparaci\u00f3n del substrato<\/p>\n<p>Agitar el contenido del envase antes de usarlo.<\/p>\n<p>No dejar los envases abiertos durante largo periodo de tiempo.Aplicar con buena renovaci\u00f3n de aire.<\/p>\n<p>&nbsp;<\/p>\n<\/div>\n<\/div>\n<\/div>\n<\/div>\n<p><strong>SEGURIDAD:<\/strong><\/p>\n<div class=\"page\" title=\"Page 106\">\n<div class=\"section\">\n<div class=\"layoutArea\">\n<div class=\"column\">\n<p>Utilizar guantes para su empleo.<\/p>\n<div class=\"page\" title=\"Page 106\">\n<div class=\"section\">\n<div class=\"layoutArea\">\n<div class=\"column\">\n<p>Para toda informaci\u00f3n respecto a la seguridad en el manejo, transporte, almacenaje y uso del producto consultar la ficha de seguridad actualizada del producto.<\/p>\n<\/div>\n<\/div>\n<\/div>\n<\/div>\n<\/div>\n<\/div>\n<\/div>\n<\/div>\n<p>&nbsp;<\/p>\n<p><strong><a href=\"https:\/\/pavicret.com\/contacto\/\">SOLICITAR FICHA DE SEGURIDAD<\/a><\/strong><\/p>\n","protected":false},"excerpt":{"rendered":"<p><strong>Barniz de poliuretano alif\u00e1tico con disolvente de 2 componentes.<\/strong><\/p>\n<p><strong><a href=\"http:\/\/pavicret.com\/wp-content\/uploads\/2018\/07\/PaviPol-650-FT-2018-01.pdf\" target=\"_blank\" rel=\"noopener noreferrer\">DESCARGAR FICHA T\u00c9CNICA<\/a><\/strong><\/p>\n<p><strong><a href=\"https:\/\/pavicret.com\/contacto\/\">SOLICITAR FICHA DE SEGURIDAD<\/a><\/strong><\/p>\n","protected":false},"featured_media":0,"template":"","meta":{"_acf_changed":false,"content-type":""},"product_brand":[25],"product_cat":[15],"product_tag":[],"class_list":{"0":"post-858","1":"product","2":"type-product","3":"status-publish","5":"product_brand-pavicret","6":"product_cat-sin-categorizar","8":"first","9":"instock","10":"taxable","11":"shipping-taxable","12":"purchasable","13":"product-type-simple"},"acf":[],"_links":{"self":[{"href":"https:\/\/pavicret.com\/zh-hans\/wp-json\/wp\/v2\/product\/858","targetHints":{"allow":["GET"]}}],"collection":[{"href":"https:\/\/pavicret.com\/zh-hans\/wp-json\/wp\/v2\/product"}],"about":[{"href":"https:\/\/pavicret.com\/zh-hans\/wp-json\/wp\/v2\/types\/product"}],"wp:attachment":[{"href":"https:\/\/pavicret.com\/zh-hans\/wp-json\/wp\/v2\/media?parent=858"}],"wp:term":[{"taxonomy":"product_brand","embeddable":true,"href":"https:\/\/pavicret.com\/zh-hans\/wp-json\/wp\/v2\/product_brand?post=858"},{"taxonomy":"product_cat","embeddable":true,"href":"https:\/\/pavicret.com\/zh-hans\/wp-json\/wp\/v2\/product_cat?post=858"},{"taxonomy":"product_tag","embeddable":true,"href":"https:\/\/pavicret.com\/zh-hans\/wp-json\/wp\/v2\/product_tag?post=858"}],"curies":[{"name":"wp","href":"https:\/\/api.w.org\/{rel}","templated":true}]}}