{"id":725,"date":"2025-04-11T10:26:10","date_gmt":"2025-04-11T09:26:10","guid":{"rendered":"https:\/\/pavicret.com\/?post_type=product&#038;p=725"},"modified":"2025-05-07T13:33:03","modified_gmt":"2025-05-07T12:33:03","slug":"fibra-metalica-cilindrica-ondulada","status":"publish","type":"product","link":"https:\/\/pavicret.com\/zh-hans\/producto\/fibra-metalica-cilindrica-ondulada\/","title":{"rendered":"Fibra Met\u00e1lica Cil\u00edndrica Ondulada"},"content":{"rendered":"","protected":false},"excerpt":{"rendered":"<p><strong>FIBRA MET\u00c1LICA CIL\u00cdNDRICA ONDULADA 50\/1<\/strong><\/p>\n<p>Fibras de acero con extremos conformados seg\u00fan la norma AISI 1010 para el refuerzo eficaz del hormig\u00f3n. Obtenidas a trav\u00e9s de alambre trefilado con extremos en forma de gancho<\/p>\n<p>Sacos de 20 Kg<\/p>\n<p>&nbsp;<\/p>\n","protected":false},"featured_media":3178,"template":"","meta":{"_acf_changed":false,"content-type":""},"product_brand":[25],"product_cat":[15],"product_tag":[],"class_list":{"0":"post-725","1":"product","2":"type-product","3":"status-publish","4":"has-post-thumbnail","6":"product_brand-pavicret","7":"product_cat-sin-categorizar","9":"first","10":"instock","11":"featured","12":"taxable","13":"shipping-taxable","14":"purchasable","15":"product-type-simple"},"acf":[],"_links":{"self":[{"href":"https:\/\/pavicret.com\/zh-hans\/wp-json\/wp\/v2\/product\/725","targetHints":{"allow":["GET"]}}],"collection":[{"href":"https:\/\/pavicret.com\/zh-hans\/wp-json\/wp\/v2\/product"}],"about":[{"href":"https:\/\/pavicret.com\/zh-hans\/wp-json\/wp\/v2\/types\/product"}],"wp:featuredmedia":[{"embeddable":true,"href":"https:\/\/pavicret.com\/zh-hans\/wp-json\/wp\/v2\/media\/3178"}],"wp:attachment":[{"href":"https:\/\/pavicret.com\/zh-hans\/wp-json\/wp\/v2\/media?parent=725"}],"wp:term":[{"taxonomy":"product_brand","embeddable":true,"href":"https:\/\/pavicret.com\/zh-hans\/wp-json\/wp\/v2\/product_brand?post=725"},{"taxonomy":"product_cat","embeddable":true,"href":"https:\/\/pavicret.com\/zh-hans\/wp-json\/wp\/v2\/product_cat?post=725"},{"taxonomy":"product_tag","embeddable":true,"href":"https:\/\/pavicret.com\/zh-hans\/wp-json\/wp\/v2\/product_tag?post=725"}],"curies":[{"name":"wp","href":"https:\/\/api.w.org\/{rel}","templated":true}]}}