{"id":713,"date":"2025-04-11T10:26:10","date_gmt":"2025-04-11T09:26:10","guid":{"rendered":"https:\/\/pavicret.com\/?post_type=product&#038;p=713"},"modified":"2025-05-15T12:18:37","modified_gmt":"2025-05-15T11:18:37","slug":"pavicret-micro-acrilic","status":"publish","type":"product","link":"https:\/\/pavicret.com\/zh-hans\/producto\/pavicret-micro-acrilic\/","title":{"rendered":"PaviCret Micro Acr\u00edlic"},"content":{"rendered":"<p><strong><a href=\"http:\/\/pavicret.com\/wp-content\/uploads\/2019\/12\/PaviCret-Micro-Acri\u0301lic-FT-2018-02.pdf\" target=\"_blank\" rel=\"noopener noreferrer\">DESCARGAR FICHA T\u00c9CNICA<\/a><\/strong><\/p>\n<p><strong>RESINA DE MEZCLA<\/strong><\/p>\n<p><strong>L\u00edquido sint\u00e9tico a base de copol\u00edmeros\u00a0acr\u00edlicos que se utiliza para mezclar tanto el\u00a0PaviCret-Micro F como el PaviCret-Micro M.<\/strong><\/p>\n<p>La Resina de mezcla PaviCret-Micro Acrilic es un l\u00edquido sint\u00e9tico\u00a0a base de copol\u00edmeros acr\u00edlicos que se utiliza para mezclar tanto\u00a0el PaviCret-Micro F como el PaviCretMicro M.<\/p>\n<p>&nbsp;<\/p>\n<p><strong>SOPORTE:<\/strong><\/p>\n<p>El soporte deber\u00e1 ser resistente, lo m\u00e1s fino posible, estar fraguado,\u00a0y limpio de polvo, pintura, aceite.<\/p>\n<p>&nbsp;<\/p>\n<p><strong>PRESENTACI\u00d3N:<\/strong><\/p>\n<p>PaviCret-Micro Acrilic: garrafas de 2l 8l o 25l.<\/p>\n<p>&nbsp;<\/p>\n<p><strong>APLICACIONES:<\/strong><\/p>\n<p>Sus principales caracter\u00edsticas son:<\/p>\n<p>\u2022 Aumenta la resistencia mec\u00e1nica.<\/p>\n<p>\u2022 Mejora la adherencia.<\/p>\n<p>\u2022 Aumenta la resistencia a los agentes qu\u00edmicos y naturales (CO<span style=\"font-size: 12px;\">2<\/span>, agua, etc.).<\/p>\n<p>\u2022 Aumenta la cohesi\u00f3n.<\/p>\n<p>\u2022 Incrementa la impermeabilidad.<\/p>\n<p>\u2022 Aumenta la durabilidad.<\/p>\n<p>\u2022 Aumenta la elasticidad.<\/p>\n<p>&nbsp;<\/p>\n<p><strong>CONSUMO:<\/strong><\/p>\n<p>Consumo 1 a 2kg\/m\u00b2 aprox., dependiendo de las capas.<\/p>\n<p>&nbsp;<\/p>\n<p><strong>ALMACENAMIENTO:<\/strong><\/p>\n<p>El tiempo de almacenaje es de aproximadamente 12 meses, en\u00a0su envase original, cerrado y al abrigo de la intemperie y de\u00a0la humedad.<\/p>\n<p>&nbsp;<\/p>\n<p><strong>APLICACI\u00d3N:<\/strong><\/p>\n<p>\u2022 Mezclar PaviCret-Micro Acrilic con PaviCret-Micro F \u00f3 Pavi-Cret-Micro M en la dosis recomendada hasta obtener una mezcla\u00a0homog\u00e9nea.<\/p>\n<p>\u2022 Dejar reposar el producto amasado durante cinco minutos.<\/p>\n<p>&nbsp;<\/p>\n<p><strong>RECOMENDACIONES:<\/strong><\/p>\n<p>\u2022 El soporte deber\u00e1 ser resistente, lo m\u00e1s fino posible, estar\u00a0fraguado, y limpio de polvo, pintura, aceite.<\/p>\n<p>\u2022 No incorporar ning\u00fan aditivo al mortero.<\/p>\n<p>\u2022 La temperatura de aplicaci\u00f3n est\u00e1 comprendida entre + 5\u00a0\u00baC y 35 \u00baC. En tiempo caluroso debe mojarse previamente el\u00a0revestimiento.<\/p>\n<p>\u2022 Mant\u00e9ngase en lugar seco y al abrigo de la intemperie.<\/p>\n<p>&nbsp;<\/p>\n<p><strong><a href=\"https:\/\/pavicret.com\/contacto\/\">SOLICITAR FICHA DE SEGURIDAD<\/a><\/strong><\/p>\n","protected":false},"excerpt":{"rendered":"<p><strong><a href=\"https:\/\/issuu.com\/pavicret\/docs\/microcemento\" target=\"_blank\" rel=\"noopener noreferrer\">VER CAT\u00c1LOGO MICROCEMENTO<\/a><\/strong><\/p>\n<p><strong>L\u00edquido sint\u00e9tico a base de copol\u00edmeros\u00a0acr\u00edlicos que se utiliza para mezclar tanto el\u00a0PaviCret-Micro F como el PaviCret-Micro M.<\/strong><\/p>\n<p>La Resina de mezcla PaviCret-Micro Acrilic es un l\u00edquido sint\u00e9tico\u00a0a base de copol\u00edmeros acr\u00edlicos que se utiliza para mezclar tanto\u00a0el PaviCret-Micro F como el PaviCretMicro M<\/p>\n<p><strong>Botes de 2, 8 y 25Lts.<\/strong><\/p>\n<p><strong><a href=\"http:\/\/pavicret.com\/wp-content\/uploads\/2019\/12\/PaviCret-Micro-Acri\u0301lic-FT-2018-02.pdf\" target=\"_blank\" rel=\"noopener noreferrer\">DESCARGAR FICHA T\u00c9CNICA<\/a><\/strong><\/p>\n<p><strong><a href=\"https:\/\/pavicret.com\/contacto\/\">SOLICITAR FICHA DE SEGURIDAD<\/a><\/strong><\/p>\n","protected":false},"featured_media":0,"template":"","meta":{"_acf_changed":false,"content-type":""},"product_brand":[25],"product_cat":[15],"product_tag":[],"class_list":{"0":"post-713","1":"product","2":"type-product","3":"status-publish","5":"product_brand-pavicret","6":"product_cat-sin-categorizar","8":"first","9":"instock","10":"taxable","11":"shipping-taxable","12":"purchasable","13":"product-type-variable"},"acf":[],"_links":{"self":[{"href":"https:\/\/pavicret.com\/zh-hans\/wp-json\/wp\/v2\/product\/713","targetHints":{"allow":["GET"]}}],"collection":[{"href":"https:\/\/pavicret.com\/zh-hans\/wp-json\/wp\/v2\/product"}],"about":[{"href":"https:\/\/pavicret.com\/zh-hans\/wp-json\/wp\/v2\/types\/product"}],"wp:attachment":[{"href":"https:\/\/pavicret.com\/zh-hans\/wp-json\/wp\/v2\/media?parent=713"}],"wp:term":[{"taxonomy":"product_brand","embeddable":true,"href":"https:\/\/pavicret.com\/zh-hans\/wp-json\/wp\/v2\/product_brand?post=713"},{"taxonomy":"product_cat","embeddable":true,"href":"https:\/\/pavicret.com\/zh-hans\/wp-json\/wp\/v2\/product_cat?post=713"},{"taxonomy":"product_tag","embeddable":true,"href":"https:\/\/pavicret.com\/zh-hans\/wp-json\/wp\/v2\/product_tag?post=713"}],"curies":[{"name":"wp","href":"https:\/\/api.w.org\/{rel}","templated":true}]}}