{"id":669,"date":"2025-04-11T10:25:49","date_gmt":"2025-04-11T09:25:49","guid":{"rendered":"https:\/\/pavicret.com\/?post_type=product&#038;p=669"},"modified":"2025-09-18T11:48:32","modified_gmt":"2025-09-18T10:48:32","slug":"paviseal-df","status":"publish","type":"product","link":"https:\/\/pavicret.com\/zh-hans\/producto\/paviseal-df\/","title":{"rendered":"PaviSeal DF"},"content":{"rendered":"","protected":false},"excerpt":{"rendered":"<p><strong>Laca de curado a base de resinas\u00a0acr\u00edlicas con disolventes, especial para\u00a0el curado de pavimentos de hormig\u00f3n\u00a0fratasado.<\/strong><\/p>\n<p>PaviSeal DF es un l\u00edquido de curado de resinas acr\u00edlicas en dispersi\u00f3n\u00a0el cual forma una pel\u00edcula en el hormig\u00f3n evitando la r\u00e1pida\u00a0evaporaci\u00f3n del agua de amasado, previniendo la aparici\u00f3n\u00a0de fisura temprana por retracci\u00f3n, afogarada, etc.<\/p>\n<p><strong>Garrafa de 25lts.<\/strong><\/p>\n","protected":false},"featured_media":5130,"template":"","meta":{"_acf_changed":false,"content-type":""},"product_brand":[25],"product_cat":[357,38,355],"product_tag":[],"class_list":{"0":"post-669","1":"product","2":"type-product","3":"status-publish","4":"has-post-thumbnail","6":"product_brand-pavicret","7":"product_cat-base-disolvente","8":"product_cat-complementos","9":"product_cat-curadores","11":"first","12":"instock","13":"taxable","14":"shipping-taxable","15":"purchasable","16":"product-type-simple"},"acf":[],"_links":{"self":[{"href":"https:\/\/pavicret.com\/zh-hans\/wp-json\/wp\/v2\/product\/669","targetHints":{"allow":["GET"]}}],"collection":[{"href":"https:\/\/pavicret.com\/zh-hans\/wp-json\/wp\/v2\/product"}],"about":[{"href":"https:\/\/pavicret.com\/zh-hans\/wp-json\/wp\/v2\/types\/product"}],"wp:featuredmedia":[{"embeddable":true,"href":"https:\/\/pavicret.com\/zh-hans\/wp-json\/wp\/v2\/media\/5130"}],"wp:attachment":[{"href":"https:\/\/pavicret.com\/zh-hans\/wp-json\/wp\/v2\/media?parent=669"}],"wp:term":[{"taxonomy":"product_brand","embeddable":true,"href":"https:\/\/pavicret.com\/zh-hans\/wp-json\/wp\/v2\/product_brand?post=669"},{"taxonomy":"product_cat","embeddable":true,"href":"https:\/\/pavicret.com\/zh-hans\/wp-json\/wp\/v2\/product_cat?post=669"},{"taxonomy":"product_tag","embeddable":true,"href":"https:\/\/pavicret.com\/zh-hans\/wp-json\/wp\/v2\/product_tag?post=669"}],"curies":[{"name":"wp","href":"https:\/\/api.w.org\/{rel}","templated":true}]}}