{"id":668,"date":"2025-04-11T10:25:49","date_gmt":"2025-04-11T09:25:49","guid":{"rendered":"https:\/\/pavicret.com\/?post_type=product&#038;p=668"},"modified":"2025-09-18T11:48:14","modified_gmt":"2025-09-18T10:48:14","slug":"paviseal-pro","status":"publish","type":"product","link":"https:\/\/pavicret.com\/zh-hans\/producto\/paviseal-pro\/","title":{"rendered":"PaviSeal Pro"},"content":{"rendered":"","protected":false},"excerpt":{"rendered":"<p><strong>Laca de curado para hormigones\u00a0fratasados.<\/strong><\/p>\n<p>PaviSeal es una laca de curado para pavimentos industriales de\u00a0hormig\u00f3n, ayuda a controlar la evaporaci\u00f3n del agua del hormig\u00f3n,\u00a0retrasa el secado, aumenta la resistencia superficial en\u00a0general y elimina las grietas superficiales por contracci\u00f3n.<\/p>\n","protected":false},"featured_media":5132,"template":"","meta":{"_acf_changed":false,"content-type":""},"product_brand":[25],"product_cat":[357,38,355],"product_tag":[],"class_list":{"0":"post-668","1":"product","2":"type-product","3":"status-publish","4":"has-post-thumbnail","6":"product_brand-pavicret","7":"product_cat-base-disolvente","8":"product_cat-complementos","9":"product_cat-curadores","11":"first","12":"instock","13":"taxable","14":"shipping-taxable","15":"purchasable","16":"product-type-simple"},"acf":[],"_links":{"self":[{"href":"https:\/\/pavicret.com\/zh-hans\/wp-json\/wp\/v2\/product\/668","targetHints":{"allow":["GET"]}}],"collection":[{"href":"https:\/\/pavicret.com\/zh-hans\/wp-json\/wp\/v2\/product"}],"about":[{"href":"https:\/\/pavicret.com\/zh-hans\/wp-json\/wp\/v2\/types\/product"}],"wp:featuredmedia":[{"embeddable":true,"href":"https:\/\/pavicret.com\/zh-hans\/wp-json\/wp\/v2\/media\/5132"}],"wp:attachment":[{"href":"https:\/\/pavicret.com\/zh-hans\/wp-json\/wp\/v2\/media?parent=668"}],"wp:term":[{"taxonomy":"product_brand","embeddable":true,"href":"https:\/\/pavicret.com\/zh-hans\/wp-json\/wp\/v2\/product_brand?post=668"},{"taxonomy":"product_cat","embeddable":true,"href":"https:\/\/pavicret.com\/zh-hans\/wp-json\/wp\/v2\/product_cat?post=668"},{"taxonomy":"product_tag","embeddable":true,"href":"https:\/\/pavicret.com\/zh-hans\/wp-json\/wp\/v2\/product_tag?post=668"}],"curies":[{"name":"wp","href":"https:\/\/api.w.org\/{rel}","templated":true}]}}