{"id":667,"date":"2025-04-11T10:25:49","date_gmt":"2025-04-11T09:25:49","guid":{"rendered":"https:\/\/pavicret.com\/?post_type=product&#038;p=667"},"modified":"2025-09-18T11:47:46","modified_gmt":"2025-09-18T10:47:46","slug":"polisol","status":"publish","type":"product","link":"https:\/\/pavicret.com\/zh-hans\/producto\/polisol\/","title":{"rendered":"PoliSol"},"content":{"rendered":"","protected":false},"excerpt":{"rendered":"<p><strong>RESINA DE SELLADO BASE ACUOSA<\/strong><\/p>\n<p><strong>Laca de curado para hormigones\u00a0fratasados.<\/strong><\/p>\n<p>PoliSol es una laca de curado para pavimentos industriales de\u00a0hormig\u00f3n, ayuda a controlar la evaporaci\u00f3n del agua del hormig\u00f3n,\u00a0retrasa el secado, aumenta la resistencia en general y\u00a0elimina las grietas en superficiales por contracci\u00f3n.<\/p>\n<p>&nbsp;<\/p>\n","protected":false},"featured_media":5146,"template":"","meta":{"_acf_changed":false,"content-type":""},"product_brand":[25],"product_cat":[356,38,355],"product_tag":[],"class_list":{"0":"post-667","1":"product","2":"type-product","3":"status-publish","4":"has-post-thumbnail","6":"product_brand-pavicret","7":"product_cat-base-agua","8":"product_cat-complementos","9":"product_cat-curadores","11":"first","12":"instock","13":"taxable","14":"shipping-taxable","15":"purchasable","16":"product-type-simple"},"acf":[],"_links":{"self":[{"href":"https:\/\/pavicret.com\/zh-hans\/wp-json\/wp\/v2\/product\/667","targetHints":{"allow":["GET"]}}],"collection":[{"href":"https:\/\/pavicret.com\/zh-hans\/wp-json\/wp\/v2\/product"}],"about":[{"href":"https:\/\/pavicret.com\/zh-hans\/wp-json\/wp\/v2\/types\/product"}],"wp:featuredmedia":[{"embeddable":true,"href":"https:\/\/pavicret.com\/zh-hans\/wp-json\/wp\/v2\/media\/5146"}],"wp:attachment":[{"href":"https:\/\/pavicret.com\/zh-hans\/wp-json\/wp\/v2\/media?parent=667"}],"wp:term":[{"taxonomy":"product_brand","embeddable":true,"href":"https:\/\/pavicret.com\/zh-hans\/wp-json\/wp\/v2\/product_brand?post=667"},{"taxonomy":"product_cat","embeddable":true,"href":"https:\/\/pavicret.com\/zh-hans\/wp-json\/wp\/v2\/product_cat?post=667"},{"taxonomy":"product_tag","embeddable":true,"href":"https:\/\/pavicret.com\/zh-hans\/wp-json\/wp\/v2\/product_tag?post=667"}],"curies":[{"name":"wp","href":"https:\/\/api.w.org\/{rel}","templated":true}]}}