{"id":628,"date":"2025-04-11T10:25:26","date_gmt":"2025-04-11T09:25:26","guid":{"rendered":"https:\/\/pavicret.com\/?post_type=product&#038;p=628"},"modified":"2025-09-18T12:00:33","modified_gmt":"2025-09-18T11:00:33","slug":"pavilat","status":"publish","type":"product","link":"https:\/\/pavicret.com\/zh-hans\/producto\/pavilat\/","title":{"rendered":"PaviLat"},"content":{"rendered":"","protected":false},"excerpt":{"rendered":"<p><strong>Puente de uni\u00f3n acr\u00edlica<\/strong><strong>\u00a0para morteros y hormigones<\/strong><\/p>\n<p>Mezcla de aditivos modificadores de la reolog\u00eda del mortero para su transformaci\u00f3n en un mortero de1 cm de espesor tanto para aplicaci\u00f3n vertical como horizontal en peque\u00f1as extensiones.<\/p>\n<p><strong>Garrafa de pl\u00e1stico de 25lts.<\/strong><\/p>\n","protected":false},"featured_media":3185,"template":"","meta":{"_acf_changed":false,"content-type":""},"product_brand":[25],"product_cat":[38,329],"product_tag":[],"class_list":{"0":"post-628","1":"product","2":"type-product","3":"status-publish","4":"has-post-thumbnail","6":"product_brand-pavicret","7":"product_cat-complementos","8":"product_cat-puentes-de-union","10":"first","11":"instock","12":"featured","13":"taxable","14":"shipping-taxable","15":"purchasable","16":"product-type-simple"},"acf":[],"_links":{"self":[{"href":"https:\/\/pavicret.com\/zh-hans\/wp-json\/wp\/v2\/product\/628","targetHints":{"allow":["GET"]}}],"collection":[{"href":"https:\/\/pavicret.com\/zh-hans\/wp-json\/wp\/v2\/product"}],"about":[{"href":"https:\/\/pavicret.com\/zh-hans\/wp-json\/wp\/v2\/types\/product"}],"wp:featuredmedia":[{"embeddable":true,"href":"https:\/\/pavicret.com\/zh-hans\/wp-json\/wp\/v2\/media\/3185"}],"wp:attachment":[{"href":"https:\/\/pavicret.com\/zh-hans\/wp-json\/wp\/v2\/media?parent=628"}],"wp:term":[{"taxonomy":"product_brand","embeddable":true,"href":"https:\/\/pavicret.com\/zh-hans\/wp-json\/wp\/v2\/product_brand?post=628"},{"taxonomy":"product_cat","embeddable":true,"href":"https:\/\/pavicret.com\/zh-hans\/wp-json\/wp\/v2\/product_cat?post=628"},{"taxonomy":"product_tag","embeddable":true,"href":"https:\/\/pavicret.com\/zh-hans\/wp-json\/wp\/v2\/product_tag?post=628"}],"curies":[{"name":"wp","href":"https:\/\/api.w.org\/{rel}","templated":true}]}}