{"id":619,"date":"2025-04-11T10:25:26","date_gmt":"2025-04-11T09:25:26","guid":{"rendered":"https:\/\/pavicret.com\/?post_type=product&#038;p=619"},"modified":"2025-09-18T11:57:53","modified_gmt":"2025-09-18T10:57:53","slug":"pavicril-imp","status":"publish","type":"product","link":"https:\/\/pavicret.com\/zh-hans\/producto\/pavicril-imp\/","title":{"rendered":"PaviCril IMP"},"content":{"rendered":"","protected":false},"excerpt":{"rendered":"<p><strong>Resina de sellado base disolvente.<\/strong><\/p>\n<p>PaviCril IMP es un formulado a base de resinas de metacrilato en dispersi\u00f3n de part\u00edcula fina y gran anclaje, dureza, con excelente resistencia a la abrasi\u00f3n y gran resistencia a los rayos UV.<\/p>\n<p><strong>Color: <\/strong>Incoloro brillo.<\/p>\n<p><strong>Bid\u00f3n de metal de 25 lts.<\/strong><\/p>\n","protected":false},"featured_media":5036,"template":"","meta":{"_acf_changed":false,"content-type":""},"product_brand":[25],"product_cat":[357,38,355,328],"product_tag":[],"class_list":{"0":"post-619","1":"product","2":"type-product","3":"status-publish","4":"has-post-thumbnail","6":"product_brand-pavicret","7":"product_cat-base-disolvente","8":"product_cat-complementos","9":"product_cat-curadores","10":"product_cat-protectores","12":"first","13":"instock","14":"featured","15":"taxable","16":"shipping-taxable","17":"purchasable","18":"product-type-simple"},"acf":[],"_links":{"self":[{"href":"https:\/\/pavicret.com\/zh-hans\/wp-json\/wp\/v2\/product\/619","targetHints":{"allow":["GET"]}}],"collection":[{"href":"https:\/\/pavicret.com\/zh-hans\/wp-json\/wp\/v2\/product"}],"about":[{"href":"https:\/\/pavicret.com\/zh-hans\/wp-json\/wp\/v2\/types\/product"}],"wp:featuredmedia":[{"embeddable":true,"href":"https:\/\/pavicret.com\/zh-hans\/wp-json\/wp\/v2\/media\/5036"}],"wp:attachment":[{"href":"https:\/\/pavicret.com\/zh-hans\/wp-json\/wp\/v2\/media?parent=619"}],"wp:term":[{"taxonomy":"product_brand","embeddable":true,"href":"https:\/\/pavicret.com\/zh-hans\/wp-json\/wp\/v2\/product_brand?post=619"},{"taxonomy":"product_cat","embeddable":true,"href":"https:\/\/pavicret.com\/zh-hans\/wp-json\/wp\/v2\/product_cat?post=619"},{"taxonomy":"product_tag","embeddable":true,"href":"https:\/\/pavicret.com\/zh-hans\/wp-json\/wp\/v2\/product_tag?post=619"}],"curies":[{"name":"wp","href":"https:\/\/api.w.org\/{rel}","templated":true}]}}