{"id":5632,"date":"2025-05-27T08:11:09","date_gmt":"2025-05-27T07:11:09","guid":{"rendered":"https:\/\/pavicret.com\/?post_type=product&#038;p=5632"},"modified":"2025-09-18T11:45:12","modified_gmt":"2025-09-18T10:45:12","slug":"pavicret-strongfloor","status":"publish","type":"product","link":"https:\/\/pavicret.com\/zh-hans\/producto\/pavicret-strongfloor\/","title":{"rendered":"Pavicret StrongFloor"},"content":{"rendered":"","protected":false},"excerpt":{"rendered":"<p><strong>PAVICRET STRONG FLOOR <\/strong>es un mortero de ligantes mixtos de altas prestaciones, indicado para la realizaci\u00f3n de reparaciones y recrecidos en pavimentos de altas prestaciones y sobre otros elementos de hormig\u00f3n, con espesores de trabajo de 10 a 30 mm, compuesto por aglomerantes hidr\u00e1ulicos, aglomerantes polim\u00e9ricos, \u00e1ridos, aditivos org\u00e1nicos, y microfibras de refuerzo.<\/p>\n<p>Est\u00e1 especialmente indicado para zonas donde sea necesario la regeneraci\u00f3n o renovaci\u00f3n de pavimentos con acabado fratasado y pulidos sobre un soporte preexistente y con un espesor de trabajo de 15 a 30 mm, ya que posee una baja absorci\u00f3n, altas resistencias mec\u00e1nicas, y excelente adherencia al soporte.<\/p>\n","protected":false},"featured_media":3990,"template":"","meta":{"_acf_changed":false,"content-type":""},"product_brand":[25],"product_cat":[352],"product_tag":[],"class_list":{"0":"post-5632","1":"product","2":"type-product","3":"status-publish","4":"has-post-thumbnail","6":"product_brand-pavicret","7":"product_cat-pavimentos-industriales","9":"first","10":"instock","11":"featured","12":"taxable","13":"shipping-taxable","14":"purchasable","15":"product-type-simple"},"acf":[],"_links":{"self":[{"href":"https:\/\/pavicret.com\/zh-hans\/wp-json\/wp\/v2\/product\/5632","targetHints":{"allow":["GET"]}}],"collection":[{"href":"https:\/\/pavicret.com\/zh-hans\/wp-json\/wp\/v2\/product"}],"about":[{"href":"https:\/\/pavicret.com\/zh-hans\/wp-json\/wp\/v2\/types\/product"}],"wp:featuredmedia":[{"embeddable":true,"href":"https:\/\/pavicret.com\/zh-hans\/wp-json\/wp\/v2\/media\/3990"}],"wp:attachment":[{"href":"https:\/\/pavicret.com\/zh-hans\/wp-json\/wp\/v2\/media?parent=5632"}],"wp:term":[{"taxonomy":"product_brand","embeddable":true,"href":"https:\/\/pavicret.com\/zh-hans\/wp-json\/wp\/v2\/product_brand?post=5632"},{"taxonomy":"product_cat","embeddable":true,"href":"https:\/\/pavicret.com\/zh-hans\/wp-json\/wp\/v2\/product_cat?post=5632"},{"taxonomy":"product_tag","embeddable":true,"href":"https:\/\/pavicret.com\/zh-hans\/wp-json\/wp\/v2\/product_tag?post=5632"}],"curies":[{"name":"wp","href":"https:\/\/api.w.org\/{rel}","templated":true}]}}