{"id":5480,"date":"2025-05-23T08:37:57","date_gmt":"2025-05-23T07:37:57","guid":{"rendered":"https:\/\/pavicret.com\/?post_type=product&#038;p=5480"},"modified":"2025-09-18T12:06:42","modified_gmt":"2025-09-18T11:06:42","slug":"durocret","status":"publish","type":"product","link":"https:\/\/pavicret.com\/zh-hans\/producto\/durocret\/","title":{"rendered":"Durocret"},"content":{"rendered":"","protected":false},"excerpt":{"rendered":"<p><strong>DUROCRET<\/strong> es un revestimiento a base de resinas metacr\u00edlicas que seca por evaporaci\u00f3n de su disolvente, ideal para suelos de hormig\u00f3n, mejorando la resistencia mec\u00e1nica al suelo.<\/p>\n","protected":false},"featured_media":5481,"template":"","meta":{"_acf_changed":false,"content-type":""},"product_brand":[25],"product_cat":[46],"product_tag":[],"class_list":{"0":"post-5480","1":"product","2":"type-product","3":"status-publish","4":"has-post-thumbnail","6":"product_brand-pavicret","7":"product_cat-rehabilitacion-de-pavimentos","9":"first","10":"instock","11":"featured","12":"taxable","13":"shipping-taxable","14":"purchasable","15":"product-type-simple"},"acf":[],"_links":{"self":[{"href":"https:\/\/pavicret.com\/zh-hans\/wp-json\/wp\/v2\/product\/5480","targetHints":{"allow":["GET"]}}],"collection":[{"href":"https:\/\/pavicret.com\/zh-hans\/wp-json\/wp\/v2\/product"}],"about":[{"href":"https:\/\/pavicret.com\/zh-hans\/wp-json\/wp\/v2\/types\/product"}],"wp:featuredmedia":[{"embeddable":true,"href":"https:\/\/pavicret.com\/zh-hans\/wp-json\/wp\/v2\/media\/5481"}],"wp:attachment":[{"href":"https:\/\/pavicret.com\/zh-hans\/wp-json\/wp\/v2\/media?parent=5480"}],"wp:term":[{"taxonomy":"product_brand","embeddable":true,"href":"https:\/\/pavicret.com\/zh-hans\/wp-json\/wp\/v2\/product_brand?post=5480"},{"taxonomy":"product_cat","embeddable":true,"href":"https:\/\/pavicret.com\/zh-hans\/wp-json\/wp\/v2\/product_cat?post=5480"},{"taxonomy":"product_tag","embeddable":true,"href":"https:\/\/pavicret.com\/zh-hans\/wp-json\/wp\/v2\/product_tag?post=5480"}],"curies":[{"name":"wp","href":"https:\/\/api.w.org\/{rel}","templated":true}]}}