{"id":5058,"date":"2025-05-14T11:09:49","date_gmt":"2025-05-14T10:09:49","guid":{"rendered":"https:\/\/pavicret.com\/?post_type=product&#038;p=5058"},"modified":"2025-09-18T10:01:25","modified_gmt":"2025-09-18T09:01:25","slug":"pavicret-indufix","status":"publish","type":"product","link":"https:\/\/pavicret.com\/zh-hans\/producto\/pavicret-indufix\/","title":{"rendered":"Pavicret Indufix"},"content":{"rendered":"","protected":false},"excerpt":{"rendered":"<p>Mortero seco multiusos para la preparaci\u00f3n de cualquier tipo de soportes. Reparaci\u00f3n de todo tipo de soportes previo a la aplicaci\u00f3n de otro tipo de revestimiento.<\/p>\n<p><span class=\"fontstyle0\">Cubo de pl\u00e1stico de 5kg.\u00a0<\/span><\/p>\n","protected":false},"featured_media":5063,"template":"","meta":{"_acf_changed":false,"content-type":""},"product_brand":[25],"product_cat":[38,35,46],"product_tag":[],"class_list":{"0":"post-5058","1":"product","2":"type-product","3":"status-publish","4":"has-post-thumbnail","6":"product_brand-pavicret","7":"product_cat-complementos","8":"product_cat-pavimentos-decorativos","9":"product_cat-rehabilitacion-de-pavimentos","11":"first","12":"instock","13":"featured","14":"taxable","15":"shipping-taxable","16":"purchasable","17":"product-type-simple"},"acf":[],"_links":{"self":[{"href":"https:\/\/pavicret.com\/zh-hans\/wp-json\/wp\/v2\/product\/5058","targetHints":{"allow":["GET"]}}],"collection":[{"href":"https:\/\/pavicret.com\/zh-hans\/wp-json\/wp\/v2\/product"}],"about":[{"href":"https:\/\/pavicret.com\/zh-hans\/wp-json\/wp\/v2\/types\/product"}],"wp:featuredmedia":[{"embeddable":true,"href":"https:\/\/pavicret.com\/zh-hans\/wp-json\/wp\/v2\/media\/5063"}],"wp:attachment":[{"href":"https:\/\/pavicret.com\/zh-hans\/wp-json\/wp\/v2\/media?parent=5058"}],"wp:term":[{"taxonomy":"product_brand","embeddable":true,"href":"https:\/\/pavicret.com\/zh-hans\/wp-json\/wp\/v2\/product_brand?post=5058"},{"taxonomy":"product_cat","embeddable":true,"href":"https:\/\/pavicret.com\/zh-hans\/wp-json\/wp\/v2\/product_cat?post=5058"},{"taxonomy":"product_tag","embeddable":true,"href":"https:\/\/pavicret.com\/zh-hans\/wp-json\/wp\/v2\/product_tag?post=5058"}],"curies":[{"name":"wp","href":"https:\/\/api.w.org\/{rel}","templated":true}]}}