{"id":5041,"date":"2025-05-14T09:46:34","date_gmt":"2025-05-14T08:46:34","guid":{"rendered":"https:\/\/pavicret.com\/?post_type=product&#038;p=5041"},"modified":"2025-09-18T16:18:39","modified_gmt":"2025-09-18T15:18:39","slug":"metacret","status":"publish","type":"product","link":"https:\/\/pavicret.com\/zh-hans\/producto\/metacret\/","title":{"rendered":"Metacret"},"content":{"rendered":"","protected":false},"excerpt":{"rendered":"<p><strong>METACRET<\/strong> es un compuesto l\u00edquido para la protecci\u00f3n del pavimento de exteriores elaborado a base de resinas metacr\u00edlicas, con excelentes propiedades de dureza, resistencia a los rayos ultravioleta, a la humedad y a la abrasi\u00f3n exterior. Espec\u00edficamente formulado para ser utilizado como pel\u00edcula protectora y decorativa de extraordinaria adherencia, endurece por evaporaci\u00f3n de sus disolventes, mejorando la durabilidad final del pavimento.<\/p>\n","protected":false},"featured_media":5042,"template":"","meta":{"_acf_changed":false,"content-type":""},"product_brand":[25],"product_cat":[357,38,355,328],"product_tag":[],"class_list":{"0":"post-5041","1":"product","2":"type-product","3":"status-publish","4":"has-post-thumbnail","6":"product_brand-pavicret","7":"product_cat-base-disolvente","8":"product_cat-complementos","9":"product_cat-curadores","10":"product_cat-protectores","12":"first","13":"instock","14":"featured","15":"taxable","16":"shipping-taxable","17":"purchasable","18":"product-type-simple"},"acf":[],"_links":{"self":[{"href":"https:\/\/pavicret.com\/zh-hans\/wp-json\/wp\/v2\/product\/5041","targetHints":{"allow":["GET"]}}],"collection":[{"href":"https:\/\/pavicret.com\/zh-hans\/wp-json\/wp\/v2\/product"}],"about":[{"href":"https:\/\/pavicret.com\/zh-hans\/wp-json\/wp\/v2\/types\/product"}],"wp:featuredmedia":[{"embeddable":true,"href":"https:\/\/pavicret.com\/zh-hans\/wp-json\/wp\/v2\/media\/5042"}],"wp:attachment":[{"href":"https:\/\/pavicret.com\/zh-hans\/wp-json\/wp\/v2\/media?parent=5041"}],"wp:term":[{"taxonomy":"product_brand","embeddable":true,"href":"https:\/\/pavicret.com\/zh-hans\/wp-json\/wp\/v2\/product_brand?post=5041"},{"taxonomy":"product_cat","embeddable":true,"href":"https:\/\/pavicret.com\/zh-hans\/wp-json\/wp\/v2\/product_cat?post=5041"},{"taxonomy":"product_tag","embeddable":true,"href":"https:\/\/pavicret.com\/zh-hans\/wp-json\/wp\/v2\/product_tag?post=5041"}],"curies":[{"name":"wp","href":"https:\/\/api.w.org\/{rel}","templated":true}]}}