{"id":1702,"date":"2025-04-11T10:29:15","date_gmt":"2025-04-11T09:29:15","guid":{"rendered":"https:\/\/pavicret.com\/?post_type=product&#038;p=1702"},"modified":"2025-09-18T12:14:45","modified_gmt":"2025-09-18T11:14:45","slug":"pavicret-txt","status":"publish","type":"product","link":"https:\/\/pavicret.com\/zh-hans\/producto\/pavicret-txt\/","title":{"rendered":"PaviCret TXT"},"content":{"rendered":"","protected":false},"excerpt":{"rendered":"<p>PaviCret TXT es un mortero especialmente indicado para imitaci\u00f3n de piedra, formulado a base de cemento portland, seg\u00fan la norma EN 197-1, \u00e1ridos seleccionados y resinas.<\/p>\n<p>Sacos de 25 kg aprox. y palets de 1.200 kg. aprox.<\/p>\n","protected":false},"featured_media":3982,"template":"","meta":{"_acf_changed":false,"content-type":""},"product_brand":[25],"product_cat":[35,45],"product_tag":[],"class_list":{"0":"post-1702","1":"product","2":"type-product","3":"status-publish","4":"has-post-thumbnail","6":"product_brand-pavicret","7":"product_cat-pavimentos-decorativos","8":"product_cat-revestimiento-vertical","10":"first","11":"instock","12":"featured","13":"taxable","14":"shipping-taxable","15":"purchasable","16":"product-type-simple"},"acf":[],"_links":{"self":[{"href":"https:\/\/pavicret.com\/zh-hans\/wp-json\/wp\/v2\/product\/1702","targetHints":{"allow":["GET"]}}],"collection":[{"href":"https:\/\/pavicret.com\/zh-hans\/wp-json\/wp\/v2\/product"}],"about":[{"href":"https:\/\/pavicret.com\/zh-hans\/wp-json\/wp\/v2\/types\/product"}],"wp:featuredmedia":[{"embeddable":true,"href":"https:\/\/pavicret.com\/zh-hans\/wp-json\/wp\/v2\/media\/3982"}],"wp:attachment":[{"href":"https:\/\/pavicret.com\/zh-hans\/wp-json\/wp\/v2\/media?parent=1702"}],"wp:term":[{"taxonomy":"product_brand","embeddable":true,"href":"https:\/\/pavicret.com\/zh-hans\/wp-json\/wp\/v2\/product_brand?post=1702"},{"taxonomy":"product_cat","embeddable":true,"href":"https:\/\/pavicret.com\/zh-hans\/wp-json\/wp\/v2\/product_cat?post=1702"},{"taxonomy":"product_tag","embeddable":true,"href":"https:\/\/pavicret.com\/zh-hans\/wp-json\/wp\/v2\/product_tag?post=1702"}],"curies":[{"name":"wp","href":"https:\/\/api.w.org\/{rel}","templated":true}]}}