{"id":1437,"date":"2025-04-11T10:28:30","date_gmt":"2025-04-11T09:28:30","guid":{"rendered":"https:\/\/pavicret.com\/?post_type=product&#038;p=1437"},"modified":"2025-09-18T11:58:31","modified_gmt":"2025-09-18T10:58:31","slug":"pavicril-plus-ptr","status":"publish","type":"product","link":"https:\/\/pavicret.com\/zh-hans\/producto\/pavicril-plus-ptr\/","title":{"rendered":"PaviCril Plus PTR"},"content":{"rendered":"","protected":false},"excerpt":{"rendered":"<p>Resina de sellado base disolvente.<\/p>\n<p>PaviCril Plus PTR es una laca de curado basada en una resina acr\u00edlica termopl\u00e1stica de alta viscosidad, especialmente indicada para la protecci\u00f3n y sellado de pavimentos impresos de hormig\u00f3n en exteriores\u00a0preservando su textura original<span class=\"Apple-converted-space\">\u00a0.<\/span><\/p>\n<p><strong>Color:<\/strong> Incoloro Brillante.<\/p>\n<p>Garrafa de 25 Lts.<\/p>\n","protected":false},"featured_media":5035,"template":"","meta":{"_acf_changed":false,"content-type":""},"product_brand":[25],"product_cat":[357,38,355,328],"product_tag":[],"class_list":{"0":"post-1437","1":"product","2":"type-product","3":"status-publish","4":"has-post-thumbnail","6":"product_brand-pavicret","7":"product_cat-base-disolvente","8":"product_cat-complementos","9":"product_cat-curadores","10":"product_cat-protectores","12":"first","13":"instock","14":"featured","15":"taxable","16":"shipping-taxable","17":"purchasable","18":"product-type-simple"},"acf":[],"_links":{"self":[{"href":"https:\/\/pavicret.com\/zh-hans\/wp-json\/wp\/v2\/product\/1437","targetHints":{"allow":["GET"]}}],"collection":[{"href":"https:\/\/pavicret.com\/zh-hans\/wp-json\/wp\/v2\/product"}],"about":[{"href":"https:\/\/pavicret.com\/zh-hans\/wp-json\/wp\/v2\/types\/product"}],"wp:featuredmedia":[{"embeddable":true,"href":"https:\/\/pavicret.com\/zh-hans\/wp-json\/wp\/v2\/media\/5035"}],"wp:attachment":[{"href":"https:\/\/pavicret.com\/zh-hans\/wp-json\/wp\/v2\/media?parent=1437"}],"wp:term":[{"taxonomy":"product_brand","embeddable":true,"href":"https:\/\/pavicret.com\/zh-hans\/wp-json\/wp\/v2\/product_brand?post=1437"},{"taxonomy":"product_cat","embeddable":true,"href":"https:\/\/pavicret.com\/zh-hans\/wp-json\/wp\/v2\/product_cat?post=1437"},{"taxonomy":"product_tag","embeddable":true,"href":"https:\/\/pavicret.com\/zh-hans\/wp-json\/wp\/v2\/product_tag?post=1437"}],"curies":[{"name":"wp","href":"https:\/\/api.w.org\/{rel}","templated":true}]}}