{"id":7212,"date":"2025-04-11T10:25:26","date_gmt":"2025-04-11T09:25:26","guid":{"rendered":"https:\/\/pavicret.com\/producto\/pavicret-plus-release-plus\/"},"modified":"2025-09-18T15:31:23","modified_gmt":"2025-09-18T14:31:23","slug":"pavicret-plus-release-plus","status":"publish","type":"product","link":"https:\/\/pavicret.com\/fr\/producto\/pavicret-plus-release-plus\/","title":{"rendered":"PaviCret Plus Release Plus"},"content":{"rendered":"<p>&nbsp;<\/p>\n<p>&nbsp;<\/p>\n<p>&nbsp;<\/p>\n<p>&nbsp;<\/p>\n","protected":false},"excerpt":{"rendered":"<p>Desmoldeante Plus est un produit ayant l&rsquo;aspect d&rsquo;une poudre color\u00e9e tr\u00e8s fine, sp\u00e9cialement indiqu\u00e9 pour les rev\u00eatements imprim\u00e9s, emp\u00eachant l&rsquo;adh\u00e9rence des moules \u00e0 la couche de roulement et permettant le moulage du b\u00e9ton en phase plastique.<\/p>\n<p>Bidon de 10Kg.<\/p>\n","protected":false},"featured_media":6590,"template":"","meta":{"_acf_changed":false,"content-type":""},"product_brand":[25],"product_cat":[547,405],"product_tag":[],"class_list":{"0":"post-7212","1":"product","2":"type-product","3":"status-publish","4":"has-post-thumbnail","6":"product_brand-pavicret","7":"product_cat-agents-de-demoulage","8":"product_cat-complements","10":"first","11":"instock","12":"featured","13":"taxable","14":"shipping-taxable","15":"purchasable","16":"product-type-variable"},"acf":[],"_links":{"self":[{"href":"https:\/\/pavicret.com\/fr\/wp-json\/wp\/v2\/product\/7212","targetHints":{"allow":["GET"]}}],"collection":[{"href":"https:\/\/pavicret.com\/fr\/wp-json\/wp\/v2\/product"}],"about":[{"href":"https:\/\/pavicret.com\/fr\/wp-json\/wp\/v2\/types\/product"}],"wp:featuredmedia":[{"embeddable":true,"href":"https:\/\/pavicret.com\/fr\/wp-json\/wp\/v2\/media\/6590"}],"wp:attachment":[{"href":"https:\/\/pavicret.com\/fr\/wp-json\/wp\/v2\/media?parent=7212"}],"wp:term":[{"taxonomy":"product_brand","embeddable":true,"href":"https:\/\/pavicret.com\/fr\/wp-json\/wp\/v2\/product_brand?post=7212"},{"taxonomy":"product_cat","embeddable":true,"href":"https:\/\/pavicret.com\/fr\/wp-json\/wp\/v2\/product_cat?post=7212"},{"taxonomy":"product_tag","embeddable":true,"href":"https:\/\/pavicret.com\/fr\/wp-json\/wp\/v2\/product_tag?post=7212"}],"curies":[{"name":"wp","href":"https:\/\/api.w.org\/{rel}","templated":true}]}}