{"id":7210,"date":"2025-04-11T10:25:26","date_gmt":"2025-04-11T09:25:26","guid":{"rendered":"https:\/\/pavicret.com\/producto\/pavicret-antiderapant\/"},"modified":"2025-04-11T10:25:26","modified_gmt":"2025-04-11T09:25:26","slug":"pavicret-antiderapant","status":"publish","type":"product","link":"https:\/\/pavicret.com\/fr\/producto\/pavicret-antiderapant\/","title":{"rendered":"PaviCret Antid\u00e9rapant"},"content":{"rendered":"","protected":false},"excerpt":{"rendered":"<p><strong>Charge antid\u00e9rapante \u00e0 base d&rsquo;homopolym\u00e8re de chlorure de polyvinyle<\/strong>.<\/p>\n<p>PaviCret Anti-slip est un produit sp\u00e9cialement indiqu\u00e9 comme additif antid\u00e9rapant \u00e0 ajouter \u00e0 la r\u00e9sine de finition de tout type de rev\u00eatement en b\u00e9ton.<\/p>\n<p><strong>Dosage de 250 gr.<\/strong><\/p>\n","protected":false},"featured_media":6526,"template":"","meta":{"_acf_changed":false,"content-type":""},"product_brand":[25],"product_cat":[405],"product_tag":[],"class_list":{"0":"post-7210","1":"product","2":"type-product","3":"status-publish","4":"has-post-thumbnail","6":"product_brand-pavicret","7":"product_cat-complements","9":"first","10":"instock","11":"featured","12":"taxable","13":"shipping-taxable","14":"purchasable","15":"product-type-simple"},"acf":[],"_links":{"self":[{"href":"https:\/\/pavicret.com\/fr\/wp-json\/wp\/v2\/product\/7210","targetHints":{"allow":["GET"]}}],"collection":[{"href":"https:\/\/pavicret.com\/fr\/wp-json\/wp\/v2\/product"}],"about":[{"href":"https:\/\/pavicret.com\/fr\/wp-json\/wp\/v2\/types\/product"}],"wp:featuredmedia":[{"embeddable":true,"href":"https:\/\/pavicret.com\/fr\/wp-json\/wp\/v2\/media\/6526"}],"wp:attachment":[{"href":"https:\/\/pavicret.com\/fr\/wp-json\/wp\/v2\/media?parent=7210"}],"wp:term":[{"taxonomy":"product_brand","embeddable":true,"href":"https:\/\/pavicret.com\/fr\/wp-json\/wp\/v2\/product_brand?post=7210"},{"taxonomy":"product_cat","embeddable":true,"href":"https:\/\/pavicret.com\/fr\/wp-json\/wp\/v2\/product_cat?post=7210"},{"taxonomy":"product_tag","embeddable":true,"href":"https:\/\/pavicret.com\/fr\/wp-json\/wp\/v2\/product_tag?post=7210"}],"curies":[{"name":"wp","href":"https:\/\/api.w.org\/{rel}","templated":true}]}}