{"id":7209,"date":"2025-04-11T10:25:25","date_gmt":"2025-04-11T09:25:25","guid":{"rendered":"https:\/\/pavicret.com\/producto\/pavisol-ecol\/"},"modified":"2025-09-18T16:15:50","modified_gmt":"2025-09-18T15:15:50","slug":"pavisol-ecol","status":"publish","type":"product","link":"https:\/\/pavicret.com\/fr\/producto\/pavisol-ecol\/","title":{"rendered":"PaviSol Ecol"},"content":{"rendered":"","protected":false},"excerpt":{"rendered":"<p><strong>R\u00e9sine de scellement \u00e0 base d&rsquo;eau.<\/strong><\/p>\n<p>PaviSol ecol est une laque durcissante \u00e0 base d&rsquo;une \u00e9mulsion acrylique pure auto-r\u00e9ticul\u00e9e \u00e0 haute viscosit\u00e9, particuli\u00e8rement adapt\u00e9e \u00e0 la protection et au scellement des rev\u00eatements en b\u00e9ton imprim\u00e9 \u00e0 l&rsquo;ext\u00e9rieur.<\/p>\n<p><strong>Couleur : Satin incolore.<\/strong><\/p>\n<p><strong>Bouteilles en plastique de 25 Lts<\/strong>.<\/p>\n","protected":false},"featured_media":6540,"template":"","meta":{"_acf_changed":false,"content-type":""},"product_brand":[25],"product_cat":[516,405,408,407],"product_tag":[],"class_list":{"0":"post-7209","1":"product","2":"type-product","3":"status-publish","4":"has-post-thumbnail","6":"product_brand-pavicret","7":"product_cat-a-base-deau","8":"product_cat-complements","9":"product_cat-conservateurs","10":"product_cat-protecteurs","12":"first","13":"instock","14":"taxable","15":"shipping-taxable","16":"purchasable","17":"product-type-simple"},"acf":[],"_links":{"self":[{"href":"https:\/\/pavicret.com\/fr\/wp-json\/wp\/v2\/product\/7209","targetHints":{"allow":["GET"]}}],"collection":[{"href":"https:\/\/pavicret.com\/fr\/wp-json\/wp\/v2\/product"}],"about":[{"href":"https:\/\/pavicret.com\/fr\/wp-json\/wp\/v2\/types\/product"}],"wp:featuredmedia":[{"embeddable":true,"href":"https:\/\/pavicret.com\/fr\/wp-json\/wp\/v2\/media\/6540"}],"wp:attachment":[{"href":"https:\/\/pavicret.com\/fr\/wp-json\/wp\/v2\/media?parent=7209"}],"wp:term":[{"taxonomy":"product_brand","embeddable":true,"href":"https:\/\/pavicret.com\/fr\/wp-json\/wp\/v2\/product_brand?post=7209"},{"taxonomy":"product_cat","embeddable":true,"href":"https:\/\/pavicret.com\/fr\/wp-json\/wp\/v2\/product_cat?post=7209"},{"taxonomy":"product_tag","embeddable":true,"href":"https:\/\/pavicret.com\/fr\/wp-json\/wp\/v2\/product_tag?post=7209"}],"curies":[{"name":"wp","href":"https:\/\/api.w.org\/{rel}","templated":true}]}}