{"id":7207,"date":"2025-04-10T07:41:26","date_gmt":"2025-04-10T06:41:26","guid":{"rendered":"https:\/\/pavicret.com\/producto\/pavicret-imprime\/"},"modified":"2025-09-18T15:29:05","modified_gmt":"2025-09-18T14:29:05","slug":"pavicret-imprime","status":"publish","type":"product","link":"https:\/\/pavicret.com\/fr\/producto\/pavicret-imprime\/","title":{"rendered":"PaviCret Imprim\u00e9"},"content":{"rendered":"<p>Pav\u00e9 en b\u00e9ton imprim\u00e9 Pavicret.<\/p>\n<p><strong>MORTIER POUR CHAUSS\u00c9ES EN B\u00c9TON IMPRIM\u00c9<\/strong><\/p>\n<p>PaviCret Impreso est un mortier sec qui s&rsquo;applique par saupoudrage sur le b\u00e9ton frais, formant une couche d&rsquo;usure monolithique qui peut acqu\u00e9rir des textures par l&rsquo;application de moules. Gr\u00e2ce \u00e0 cette caract\u00e9ristique, ces rev\u00eatements peuvent \u00eatre utilis\u00e9s pour remplacer les rev\u00eatements traditionnels, tels que la pierre naturelle, l&rsquo;ardoise, les pav\u00e9s, etc. <\/p>\n","protected":false},"excerpt":{"rendered":"<p>PaviCret Impreso est un mortier sec qui s&rsquo;applique saupoudr\u00e9 sur le b\u00e9ton frais, formant une couche d&rsquo;usure monolithique sur celui-ci, qui peut acqu\u00e9rir des textures par l&rsquo;application de moules, pour cette caract\u00e9ristique peuvent \u00eatre utilis\u00e9s ces pavements pour le remplacement des pavements traditionnels, tels que la pierre naturelle, l&rsquo;ardoise, les pav\u00e9s, etc.<\/p>\n<p>Sac de<strong>25 Kg.<\/strong><\/p>\n","protected":false},"featured_media":6520,"template":"","meta":{"_acf_changed":false,"content-type":""},"product_brand":[25],"product_cat":[559,489],"product_tag":[],"class_list":{"0":"post-7207","1":"product","2":"type-product","3":"status-publish","4":"has-post-thumbnail","6":"product_brand-pavicret","7":"product_cat-beton-imprime","8":"product_cat-revetement-de-sol-decoratif","10":"first","11":"instock","12":"featured","13":"taxable","14":"shipping-taxable","15":"purchasable","16":"product-type-simple"},"acf":[],"_links":{"self":[{"href":"https:\/\/pavicret.com\/fr\/wp-json\/wp\/v2\/product\/7207","targetHints":{"allow":["GET"]}}],"collection":[{"href":"https:\/\/pavicret.com\/fr\/wp-json\/wp\/v2\/product"}],"about":[{"href":"https:\/\/pavicret.com\/fr\/wp-json\/wp\/v2\/types\/product"}],"wp:featuredmedia":[{"embeddable":true,"href":"https:\/\/pavicret.com\/fr\/wp-json\/wp\/v2\/media\/6520"}],"wp:attachment":[{"href":"https:\/\/pavicret.com\/fr\/wp-json\/wp\/v2\/media?parent=7207"}],"wp:term":[{"taxonomy":"product_brand","embeddable":true,"href":"https:\/\/pavicret.com\/fr\/wp-json\/wp\/v2\/product_brand?post=7207"},{"taxonomy":"product_cat","embeddable":true,"href":"https:\/\/pavicret.com\/fr\/wp-json\/wp\/v2\/product_cat?post=7207"},{"taxonomy":"product_tag","embeddable":true,"href":"https:\/\/pavicret.com\/fr\/wp-json\/wp\/v2\/product_tag?post=7207"}],"curies":[{"name":"wp","href":"https:\/\/api.w.org\/{rel}","templated":true}]}}