{"id":7206,"date":"2025-04-09T16:49:41","date_gmt":"2025-04-09T15:49:41","guid":{"rendered":"https:\/\/pavicret.com\/producto\/cromicret\/"},"modified":"2025-09-18T12:36:07","modified_gmt":"2025-09-18T11:36:07","slug":"cromicret","status":"publish","type":"product","link":"https:\/\/pavicret.com\/fr\/producto\/cromicret\/","title":{"rendered":"Cromicret"},"content":{"rendered":"","protected":false},"excerpt":{"rendered":"<p><strong>Mortier de ciment pour chapes et finitions de sols<\/strong><\/p>\n<p>CromiCret est un mortier color\u00e9 en masse. Ce produit est utilis\u00e9 m\u00e9lang\u00e9 \u00e0 des agr\u00e9gats de diff\u00e9rentes couleurs et granulom\u00e9tries pour la r\u00e9alisation de pavages en agr\u00e9gats.<\/p>\n<p><strong>Sac de 25 kg.<\/strong><\/p>\n","protected":false},"featured_media":6524,"template":"","meta":{"_acf_changed":false},"product_brand":[25],"product_cat":[548,489],"product_tag":[],"class_list":{"0":"post-7206","1":"product","2":"type-product","3":"status-publish","4":"has-post-thumbnail","6":"product_brand-pavicret","7":"product_cat-beton-desactive","8":"product_cat-revetement-de-sol-decoratif","10":"first","11":"instock","12":"featured","13":"taxable","14":"shipping-taxable","15":"purchasable","16":"product-type-simple"},"acf":[],"_links":{"self":[{"href":"https:\/\/pavicret.com\/fr\/wp-json\/wp\/v2\/product\/7206","targetHints":{"allow":["GET"]}}],"collection":[{"href":"https:\/\/pavicret.com\/fr\/wp-json\/wp\/v2\/product"}],"about":[{"href":"https:\/\/pavicret.com\/fr\/wp-json\/wp\/v2\/types\/product"}],"wp:featuredmedia":[{"embeddable":true,"href":"https:\/\/pavicret.com\/fr\/wp-json\/wp\/v2\/media\/6524"}],"wp:attachment":[{"href":"https:\/\/pavicret.com\/fr\/wp-json\/wp\/v2\/media?parent=7206"}],"wp:term":[{"taxonomy":"product_brand","embeddable":true,"href":"https:\/\/pavicret.com\/fr\/wp-json\/wp\/v2\/product_brand?post=7206"},{"taxonomy":"product_cat","embeddable":true,"href":"https:\/\/pavicret.com\/fr\/wp-json\/wp\/v2\/product_cat?post=7206"},{"taxonomy":"product_tag","embeddable":true,"href":"https:\/\/pavicret.com\/fr\/wp-json\/wp\/v2\/product_tag?post=7206"}],"curies":[{"name":"wp","href":"https:\/\/api.w.org\/{rel}","templated":true}]}}