{"id":7195,"date":"2018-04-11T10:25:26","date_gmt":"2018-04-11T09:25:26","guid":{"rendered":"https:\/\/pavicret.com\/producto\/pavicret-imprime-plus\/"},"modified":"2025-09-18T15:29:33","modified_gmt":"2025-09-18T14:29:33","slug":"pavicret-imprime-plus","status":"publish","type":"product","link":"https:\/\/pavicret.com\/fr\/producto\/pavicret-imprime-plus\/","title":{"rendered":"PaviCret Imprim\u00e9 Plus"},"content":{"rendered":"","protected":false},"excerpt":{"rendered":"<p>PaviCret Impreso Plus est un mortier pour b\u00e9ton imprim\u00e9 de haute qualit\u00e9, haute r\u00e9sistance aux cycles gel\/d\u00e9gel et haute r\u00e9sistance aux agressions climatiques.<\/p>\n<p>Sac de<strong>25 kg.<\/strong><\/p>\n<p>&nbsp;<\/p>\n","protected":false},"featured_media":6521,"template":"","meta":{"_acf_changed":false,"content-type":""},"product_brand":[25],"product_cat":[559],"product_tag":[],"class_list":{"0":"post-7195","1":"product","2":"type-product","3":"status-publish","4":"has-post-thumbnail","6":"product_brand-pavicret","7":"product_cat-beton-imprime","9":"first","10":"instock","11":"featured","12":"taxable","13":"shipping-taxable","14":"purchasable","15":"product-type-variable"},"acf":[],"_links":{"self":[{"href":"https:\/\/pavicret.com\/fr\/wp-json\/wp\/v2\/product\/7195","targetHints":{"allow":["GET"]}}],"collection":[{"href":"https:\/\/pavicret.com\/fr\/wp-json\/wp\/v2\/product"}],"about":[{"href":"https:\/\/pavicret.com\/fr\/wp-json\/wp\/v2\/types\/product"}],"wp:featuredmedia":[{"embeddable":true,"href":"https:\/\/pavicret.com\/fr\/wp-json\/wp\/v2\/media\/6521"}],"wp:attachment":[{"href":"https:\/\/pavicret.com\/fr\/wp-json\/wp\/v2\/media?parent=7195"}],"wp:term":[{"taxonomy":"product_brand","embeddable":true,"href":"https:\/\/pavicret.com\/fr\/wp-json\/wp\/v2\/product_brand?post=7195"},{"taxonomy":"product_cat","embeddable":true,"href":"https:\/\/pavicret.com\/fr\/wp-json\/wp\/v2\/product_cat?post=7195"},{"taxonomy":"product_tag","embeddable":true,"href":"https:\/\/pavicret.com\/fr\/wp-json\/wp\/v2\/product_tag?post=7195"}],"curies":[{"name":"wp","href":"https:\/\/api.w.org\/{rel}","templated":true}]}}