{"id":7194,"date":"2023-05-01T10:25:25","date_gmt":"2023-05-01T09:25:25","guid":{"rendered":"https:\/\/pavicret.com\/producto\/agent-de-demoulage-liquide-pavicret\/"},"modified":"2025-09-18T15:31:44","modified_gmt":"2025-09-18T14:31:44","slug":"agent-de-demoulage-liquide-pavicret","status":"publish","type":"product","link":"https:\/\/pavicret.com\/fr\/producto\/agent-de-demoulage-liquide-pavicret\/","title":{"rendered":"Agent de d\u00e9moulage liquide PaviCret"},"content":{"rendered":"<p>&nbsp;<\/p>\n<p>&nbsp;<\/p>\n","protected":false},"excerpt":{"rendered":"<p><b>Agent de d\u00e9moulage liquide pour le processus de moulage des sols et des murs.<\/b><\/p>\n<p>Desmoldeante L\u00edquido est un produit liquide non pigment\u00e9, sp\u00e9cialement indiqu\u00e9 pour permettre un d\u00e9moulage facile aussi bien sur les surfaces horizontales en utilisant Pavicret Impreso que sur les surfaces verticales en utilisant Pavicret Impreso Vertical.<\/p>\n<p><strong>Bouteilles de 25 ltr et de 5 ltr<\/strong>.<\/p>\n<p>&nbsp;<\/p>\n","protected":false},"featured_media":6549,"template":"","meta":{"_acf_changed":false,"content-type":""},"product_brand":[25],"product_cat":[547,405],"product_tag":[],"class_list":{"0":"post-7194","1":"product","2":"type-product","3":"status-publish","4":"has-post-thumbnail","6":"product_brand-pavicret","7":"product_cat-agents-de-demoulage","8":"product_cat-complements","10":"first","11":"instock","12":"featured","13":"taxable","14":"shipping-taxable","15":"purchasable","16":"product-type-simple"},"acf":[],"_links":{"self":[{"href":"https:\/\/pavicret.com\/fr\/wp-json\/wp\/v2\/product\/7194","targetHints":{"allow":["GET"]}}],"collection":[{"href":"https:\/\/pavicret.com\/fr\/wp-json\/wp\/v2\/product"}],"about":[{"href":"https:\/\/pavicret.com\/fr\/wp-json\/wp\/v2\/types\/product"}],"wp:featuredmedia":[{"embeddable":true,"href":"https:\/\/pavicret.com\/fr\/wp-json\/wp\/v2\/media\/6549"}],"wp:attachment":[{"href":"https:\/\/pavicret.com\/fr\/wp-json\/wp\/v2\/media?parent=7194"}],"wp:term":[{"taxonomy":"product_brand","embeddable":true,"href":"https:\/\/pavicret.com\/fr\/wp-json\/wp\/v2\/product_brand?post=7194"},{"taxonomy":"product_cat","embeddable":true,"href":"https:\/\/pavicret.com\/fr\/wp-json\/wp\/v2\/product_cat?post=7194"},{"taxonomy":"product_tag","embeddable":true,"href":"https:\/\/pavicret.com\/fr\/wp-json\/wp\/v2\/product_tag?post=7194"}],"curies":[{"name":"wp","href":"https:\/\/api.w.org\/{rel}","templated":true}]}}