{"id":7193,"date":"2023-04-11T10:28:30","date_gmt":"2023-04-11T09:28:30","guid":{"rendered":"https:\/\/pavicret.com\/producto\/texte-pavilat\/"},"modified":"2025-09-18T16:04:10","modified_gmt":"2025-09-18T15:04:10","slug":"texte-pavilat","status":"publish","type":"product","link":"https:\/\/pavicret.com\/fr\/producto\/texte-pavilat\/","title":{"rendered":"Texte PaviLat"},"content":{"rendered":"","protected":false},"excerpt":{"rendered":"<p><strong>Pont de collage rugueux<\/strong><\/p>\n<p>Primaire formul\u00e9 \u00e0 partir de copolym\u00e8res \u00e0 base d&rsquo;eau avec des agr\u00e9gats s\u00e9lectionn\u00e9s et des charges min\u00e9rales. Il est utilis\u00e9 comme pont d&rsquo;adh\u00e9rence entre des mat\u00e9riaux de nature diff\u00e9rente.<\/p>\n<p><strong>Seaux en plastique de 15 litres.<\/strong><\/p>\n<p><strong>Couleur Rouge<\/strong><\/p>\n","protected":false},"featured_media":6553,"template":"","meta":{"_acf_changed":false,"content-type":""},"product_brand":[25],"product_cat":[405,406],"product_tag":[],"class_list":{"0":"post-7193","1":"product","2":"type-product","3":"status-publish","4":"has-post-thumbnail","6":"product_brand-pavicret","7":"product_cat-complements","8":"product_cat-ponts-de-liaison","10":"first","11":"instock","12":"featured","13":"taxable","14":"shipping-taxable","15":"purchasable","16":"product-type-simple"},"acf":[],"_links":{"self":[{"href":"https:\/\/pavicret.com\/fr\/wp-json\/wp\/v2\/product\/7193","targetHints":{"allow":["GET"]}}],"collection":[{"href":"https:\/\/pavicret.com\/fr\/wp-json\/wp\/v2\/product"}],"about":[{"href":"https:\/\/pavicret.com\/fr\/wp-json\/wp\/v2\/types\/product"}],"wp:featuredmedia":[{"embeddable":true,"href":"https:\/\/pavicret.com\/fr\/wp-json\/wp\/v2\/media\/6553"}],"wp:attachment":[{"href":"https:\/\/pavicret.com\/fr\/wp-json\/wp\/v2\/media?parent=7193"}],"wp:term":[{"taxonomy":"product_brand","embeddable":true,"href":"https:\/\/pavicret.com\/fr\/wp-json\/wp\/v2\/product_brand?post=7193"},{"taxonomy":"product_cat","embeddable":true,"href":"https:\/\/pavicret.com\/fr\/wp-json\/wp\/v2\/product_cat?post=7193"},{"taxonomy":"product_tag","embeddable":true,"href":"https:\/\/pavicret.com\/fr\/wp-json\/wp\/v2\/product_tag?post=7193"}],"curies":[{"name":"wp","href":"https:\/\/api.w.org\/{rel}","templated":true}]}}