{"id":7192,"date":"2025-04-11T10:25:26","date_gmt":"2025-04-11T09:25:26","guid":{"rendered":"https:\/\/pavicret.com\/producto\/pavicret-floor\/"},"modified":"2025-09-18T15:51:33","modified_gmt":"2025-09-18T14:51:33","slug":"pavicret-floor","status":"publish","type":"product","link":"https:\/\/pavicret.com\/fr\/producto\/pavicret-floor\/","title":{"rendered":"PaviCret Floor"},"content":{"rendered":"","protected":false},"excerpt":{"rendered":"<p><strong>Mortier pour chapes de 1 \u00e0 3 cm<\/strong><\/p>\n<p>PaviCret Floor est un mortier qui s&rsquo;applique en couches de 5-20mm, sur du b\u00e9ton d\u00e9j\u00e0 durci, que l&rsquo;on peut texturer, pour cette caract\u00e9ristique ces rev\u00eatements peuvent \u00eatre utilis\u00e9s en remplacement de rev\u00eatements traditionnels, comme la pierre naturelle, l&rsquo;ardoise, les pav\u00e9s, etc.<\/p>\n<p><strong>Sacs de 25 Kilos<\/strong>.<\/p>\n","protected":false},"featured_media":6525,"template":"","meta":{"_acf_changed":false,"content-type":""},"product_brand":[25],"product_cat":[512],"product_tag":[],"class_list":{"0":"post-7192","1":"product","2":"type-product","3":"status-publish","4":"has-post-thumbnail","6":"product_brand-pavicret","7":"product_cat-rehabilitation-des-chaussees","9":"first","10":"instock","11":"featured","12":"taxable","13":"shipping-taxable","14":"purchasable","15":"product-type-simple"},"acf":[],"_links":{"self":[{"href":"https:\/\/pavicret.com\/fr\/wp-json\/wp\/v2\/product\/7192","targetHints":{"allow":["GET"]}}],"collection":[{"href":"https:\/\/pavicret.com\/fr\/wp-json\/wp\/v2\/product"}],"about":[{"href":"https:\/\/pavicret.com\/fr\/wp-json\/wp\/v2\/types\/product"}],"wp:featuredmedia":[{"embeddable":true,"href":"https:\/\/pavicret.com\/fr\/wp-json\/wp\/v2\/media\/6525"}],"wp:attachment":[{"href":"https:\/\/pavicret.com\/fr\/wp-json\/wp\/v2\/media?parent=7192"}],"wp:term":[{"taxonomy":"product_brand","embeddable":true,"href":"https:\/\/pavicret.com\/fr\/wp-json\/wp\/v2\/product_brand?post=7192"},{"taxonomy":"product_cat","embeddable":true,"href":"https:\/\/pavicret.com\/fr\/wp-json\/wp\/v2\/product_cat?post=7192"},{"taxonomy":"product_tag","embeddable":true,"href":"https:\/\/pavicret.com\/fr\/wp-json\/wp\/v2\/product_tag?post=7192"}],"curies":[{"name":"wp","href":"https:\/\/api.w.org\/{rel}","templated":true}]}}