{"id":7190,"date":"2025-04-11T10:25:25","date_gmt":"2025-04-11T09:25:25","guid":{"rendered":"https:\/\/pavicret.com\/producto\/pavicret-agent-de-demoulage-en-poudre\/"},"modified":"2025-09-18T15:30:58","modified_gmt":"2025-09-18T14:30:58","slug":"pavicret-agent-de-demoulage-en-poudre","status":"publish","type":"product","link":"https:\/\/pavicret.com\/fr\/producto\/pavicret-agent-de-demoulage-en-poudre\/","title":{"rendered":"PaviCret Agent de d\u00e9moulage en poudre"},"content":{"rendered":"","protected":false},"excerpt":{"rendered":"<p><span style=\"font-size: 16px;\"><strong>Agent de d\u00e9moulage en poudre pour le processus du b\u00e9ton imprim\u00e9<\/strong><\/span><\/p>\n<p>Desmoldeante Powder est un produit \u00e0 l&rsquo;aspect de poudre tr\u00e8s fine et color\u00e9e, sp\u00e9cialement indiqu\u00e9 pour les rev\u00eatements imprim\u00e9s, emp\u00eachant l&rsquo;adh\u00e9rence des moules \u00e0 la couche de roulement et permettant le moulage du b\u00e9ton en phase plastique.<\/p>\n<p><strong>Bidon de 10 Kg.<\/strong><\/p>\n","protected":false},"featured_media":6558,"template":"","meta":{"_acf_changed":false,"content-type":""},"product_brand":[25],"product_cat":[547,405],"product_tag":[],"class_list":{"0":"post-7190","1":"product","2":"type-product","3":"status-publish","4":"has-post-thumbnail","6":"product_brand-pavicret","7":"product_cat-agents-de-demoulage","8":"product_cat-complements","10":"first","11":"instock","12":"featured","13":"taxable","14":"shipping-taxable","15":"purchasable","16":"product-type-simple"},"acf":[],"_links":{"self":[{"href":"https:\/\/pavicret.com\/fr\/wp-json\/wp\/v2\/product\/7190","targetHints":{"allow":["GET"]}}],"collection":[{"href":"https:\/\/pavicret.com\/fr\/wp-json\/wp\/v2\/product"}],"about":[{"href":"https:\/\/pavicret.com\/fr\/wp-json\/wp\/v2\/types\/product"}],"wp:featuredmedia":[{"embeddable":true,"href":"https:\/\/pavicret.com\/fr\/wp-json\/wp\/v2\/media\/6558"}],"wp:attachment":[{"href":"https:\/\/pavicret.com\/fr\/wp-json\/wp\/v2\/media?parent=7190"}],"wp:term":[{"taxonomy":"product_brand","embeddable":true,"href":"https:\/\/pavicret.com\/fr\/wp-json\/wp\/v2\/product_brand?post=7190"},{"taxonomy":"product_cat","embeddable":true,"href":"https:\/\/pavicret.com\/fr\/wp-json\/wp\/v2\/product_cat?post=7190"},{"taxonomy":"product_tag","embeddable":true,"href":"https:\/\/pavicret.com\/fr\/wp-json\/wp\/v2\/product_tag?post=7190"}],"curies":[{"name":"wp","href":"https:\/\/api.w.org\/{rel}","templated":true}]}}