{"id":7189,"date":"2025-04-11T10:25:25","date_gmt":"2025-04-11T09:25:25","guid":{"rendered":"https:\/\/pavicret.com\/producto\/pavisol-curex\/"},"modified":"2025-09-18T16:16:39","modified_gmt":"2025-09-18T15:16:39","slug":"pavisol-curex","status":"publish","type":"product","link":"https:\/\/pavicret.com\/fr\/producto\/pavisol-curex\/","title":{"rendered":"PaviSol Curex"},"content":{"rendered":"","protected":false},"excerpt":{"rendered":"<p><strong>R\u00e9sine de scellement \u00e0 base aqueuse.<\/strong><\/p>\n<p>Pavisol est une laque durcissante \u00e0 base d&rsquo;une \u00e9mulsion acrylique styr\u00e9n\u00e9e, sp\u00e9cialement indiqu\u00e9e pour la protection et le scellement des rev\u00eatements en b\u00e9ton imprim\u00e9s en ext\u00e9rieur.<\/p>\n<p><strong>Couleur : <\/strong>incolore brillant.<\/p>\n<p><strong>Bouteilles en plastique de 25 litres.<\/strong><\/p>\n","protected":false},"featured_media":6544,"template":"","meta":{"_acf_changed":false,"content-type":""},"product_brand":[25],"product_cat":[516,405,408,407],"product_tag":[],"class_list":{"0":"post-7189","1":"product","2":"type-product","3":"status-publish","4":"has-post-thumbnail","6":"product_brand-pavicret","7":"product_cat-a-base-deau","8":"product_cat-complements","9":"product_cat-conservateurs","10":"product_cat-protecteurs","12":"first","13":"instock","14":"featured","15":"taxable","16":"shipping-taxable","17":"purchasable","18":"product-type-simple"},"acf":[],"_links":{"self":[{"href":"https:\/\/pavicret.com\/fr\/wp-json\/wp\/v2\/product\/7189","targetHints":{"allow":["GET"]}}],"collection":[{"href":"https:\/\/pavicret.com\/fr\/wp-json\/wp\/v2\/product"}],"about":[{"href":"https:\/\/pavicret.com\/fr\/wp-json\/wp\/v2\/types\/product"}],"wp:featuredmedia":[{"embeddable":true,"href":"https:\/\/pavicret.com\/fr\/wp-json\/wp\/v2\/media\/6544"}],"wp:attachment":[{"href":"https:\/\/pavicret.com\/fr\/wp-json\/wp\/v2\/media?parent=7189"}],"wp:term":[{"taxonomy":"product_brand","embeddable":true,"href":"https:\/\/pavicret.com\/fr\/wp-json\/wp\/v2\/product_brand?post=7189"},{"taxonomy":"product_cat","embeddable":true,"href":"https:\/\/pavicret.com\/fr\/wp-json\/wp\/v2\/product_cat?post=7189"},{"taxonomy":"product_tag","embeddable":true,"href":"https:\/\/pavicret.com\/fr\/wp-json\/wp\/v2\/product_tag?post=7189"}],"curies":[{"name":"wp","href":"https:\/\/api.w.org\/{rel}","templated":true}]}}