{"id":7188,"date":"2025-04-11T10:26:10","date_gmt":"2025-04-11T09:26:10","guid":{"rendered":"https:\/\/pavicret.com\/producto\/pavipol-pu-630\/"},"modified":"2025-04-11T10:26:10","modified_gmt":"2025-04-11T09:26:10","slug":"pavipol-pu-630","status":"publish","type":"product","link":"https:\/\/pavicret.com\/fr\/producto\/pavipol-pu-630\/","title":{"rendered":"PaviPol PU-630"},"content":{"rendered":"<p><strong><a href=\"http:\/\/pavicret.com\/wp-content\/uploads\/2017\/11\/PaviPol-PU-630-FT-2018-02-1.pdf\" target=\"_blank\" rel=\"noopener noreferrer\">T\u00c9L\u00c9CHARGEZ LA FICHE TECHNIQUE<\/a><\/strong><\/p>\n<p>&nbsp;<\/p>\n<p><strong>VERNIS POLYUR\u00c9THANE  <\/strong><\/p>\n<p><strong>Vernis polyur\u00e9thane aliphatique \u00e0 2 composants en phase solvant<\/strong><\/p>\n<p>&#8211; Finition compatible avec les syst\u00e8mes \u00e9poxy.<\/p>\n<p>&#8211; Finition pour MICROCEMENT.<\/p>\n<p>&#8211; Haute r\u00e9tention de la brillance.<\/p>\n<p>&#8211; Finition uniforme.<\/p>\n<p>&#8211; Haute r\u00e9sistance chimique.<\/p>\n<p>&#8211; Am\u00e9liore la r\u00e9sistance aux rayures.<\/p>\n<p>&#8211; Couche de finition pour les syst\u00e8mes \u00e0 couches minces, autonivelants ou multicouches.<\/p>\n<p>&nbsp;<\/p>\n<p><strong>PR\u00c9SENTATION :<\/strong><\/p>\n<p>PaviPol PU-630 est fourni dans des conteneurs m\u00e9talliques de 25 et 5 litres.<\/p>\n<p>PaviPol PU-630 est disponible dans les couleurs suivantes : Incolore<\/p>\n<p>&nbsp;<\/p>\n<p><strong>CONSOMMATION :<\/strong><\/p>\n<p>De 8 \u00e0 10 m\u00b2\/Kg. et couche. <\/p>\n<p>&nbsp;<\/p>\n<p><strong>PROPRI\u00c9T\u00c9S TECHNIQUES :<\/strong><\/p>\n<p>Aspect : brillant, mat et satin\u00e9<\/p>\n<p>Couleur : Divers<\/p>\n<p>Volume des solides : 62 \u00b1 2 %.<\/p>\n<p>Diluant : Solvant polyur\u00e9thane<\/p>\n<p>Poids sp\u00e9cifique : 1,050 \u00b1 0,020 Kg\/ l<\/p>\n<p>S\u00e9chage au toucher : 6 heures \u00e0 20\u00ba C et 60% d&rsquo;humidit\u00e9 relative<\/p>\n<p>Mise en service : 24 heures personnes<\/p>\n<p>48 heures pour les v\u00e9hicules l\u00e9gers &#8211; 7 jours pour l&rsquo;utilisation compl\u00e8te<\/p>\n<p>Point d&rsquo;\u00e9clair : 35\u00ba C<\/p>\n<p>COV : conforme \u00e0 la directive 2004\/42\/CE (RD 227\/2006) Annexe I.1) : Sous-cat\u00e9gorie d&rsquo;\u00e9mission c) Rev\u00eatement mural ext\u00e9rieur pour supports min\u00e9raux, \u00e0 base de solvant. COV(produit pr\u00eat \u00e0 l&#8217;emploi*) (Produit pr\u00eat \u00e0 l&#8217;emploi. ) : 1,1 g\/l* (COV max. 450. g\/l* \u00e0 partir du 01.01.2007 et COV max. 430.g\/l* \u00e0 partir du 01.01.2010). <\/p>\n<p>&nbsp;<\/p>\n<p><strong>DEMANDE D&rsquo;EMPLOI :  <\/strong><\/p>\n<p>Catalyseur : PaviPol PU-630<\/p>\n<p>Rapport de m\u00e9lange : 4 pour 1 en volume<\/p>\n<p>Dur\u00e9e du m\u00e9lange : 5 heures \u00e0 20\u00baC<\/p>\n<p>M\u00e9thode : rouleau, pinceau.<\/p>\n<p>Dilution : 0 -10% Dilution : 0 -10% Dilution : 0 -10% Dilution : 0 -10% Dilution : 0 -10<\/p>\n<p>Nettoyage : Solvant pour polyur\u00e9thane.<\/p>\n<p>\u00c9paisseur : 35 -40 microns.<\/p>\n<p>Intervalle de recouvrement : Minimum : 24 heures \u00e0 20\u00baC<\/p>\n<p>Maximum : 72 heures \u00e0 20\u00b0C<\/p>\n<p>&nbsp;<\/p>\n<p><strong>CONDITIONS :<\/strong><\/p>\n<p>Appliquer \u00e0 des temp\u00e9ratures sup\u00e9rieures \u00e0 +10\u00b0C humidit\u00e9 relative<\/p>\n<p>moins de 80%.<\/p>\n<p>La temp\u00e9rature de la peinture et celle de la surface doivent \u00eatre identiques.<\/p>\n<p>au-del\u00e0 de cette limite.<\/p>\n<p>&nbsp;<\/p>\n<p><strong>PR\u00c9PARATION DE LA SURFACE :<\/strong><\/p>\n<p><strong>B\u00c9TON :<\/strong><\/p>\n<p>Laissez le b\u00e9ton prendre compl\u00e8tement.<\/p>\n<p>\u00c9liminez les boues de prise, les efflorescences et autres contaminants par des moyens m\u00e9caniques.<\/p>\n<p>R\u00e9parez les fissures, les fentes, les fentes, etc. jusqu&rsquo;\u00e0 ce que vous trouviez un support solide. Impr\u00e9gner les zones nettoy\u00e9es avec du PaviEpox 300 appliqu\u00e9 avec une brosse \u00e9paisse jusqu&rsquo;\u00e0 saturation. A l&rsquo;\u00e9tat frais, remplir avec un mortier pr\u00e9par\u00e9 avec du PaviEpox 330 m\u00e9lang\u00e9 \u00e0 de la silice fine ou grossi\u00e8re selon les irr\u00e9gularit\u00e9s. Laisser s\u00e9cher pendant 6 \u00e0 8 heures \u00e0 20\u00ba C.   <\/p>\n<p>Note : Sur les sols en b\u00e9ton finis \u00e0 l&rsquo;h\u00e9licopt\u00e8re, proc\u00e9dez \u00e0 un pon\u00e7age de surface avec un disque diamant\u00e9 ou \u00e0 un grenaillage afin d&rsquo;obtenir une parfaite adh\u00e9rence du produit.<\/p>\n<p>&nbsp;<\/p>\n<p><strong>RECOMMANDATIONS :<\/strong><\/p>\n<p>&#8211; M\u00e9langez les deux composants \u00e0 l&rsquo;aide d&rsquo;un agitateur \u00e0 faible vitesse.<\/p>\n<p>&#8211; Si l&rsquo;application est r\u00e9alis\u00e9e \u00e0 des temp\u00e9ratures \u00e9lev\u00e9es, la dur\u00e9e de vie du m\u00e9lange peut \u00eatre consid\u00e9rablement r\u00e9duite.<\/p>\n<p>&#8211; Le temps de s\u00e9chage et de durcissement d\u00e9pend de la temp\u00e9rature et de l&rsquo;humidit\u00e9 ambiantes lors de l&rsquo;application.<\/p>\n<p>&#8211; Si l&rsquo;intervalle maximal de recouvrement est d\u00e9pass\u00e9, il est n\u00e9cessaire de rendre la surface rugueuse pour faciliter l&rsquo;adh\u00e9rence de la couche suivante.<\/p>\n<p>&#8211; Prot\u00e9gez le r\u00e9cipient du gel et de la lumi\u00e8re directe du soleil.<\/p>\n<p><strong><a href=\"https:\/\/pavicret.com\/fr\/contact\/\">DEMANDER LA FICHE DE DONN\u00c9ES DE S\u00c9CURIT\u00c9<\/a><\/strong><\/p>\n","protected":false},"excerpt":{"rendered":"<p><strong>Vernis polyur\u00e9thane aliphatique \u00e0 2 composants en phase solvant.<\/strong><\/p>\n<p><strong><a href=\"http:\/\/pavicret.com\/wp-content\/uploads\/2017\/11\/PaviPol-PU-630-FT-2018-02-1.pdf\" target=\"_blank\" rel=\"noopener noreferrer\">T\u00c9L\u00c9CHARGEZ LA FICHE TECHNIQUE<\/a><\/strong><\/p>\n<p><strong><a href=\"https:\/\/pavicret.com\/fr\/contact\/\">DEMANDEZ LA FICHE DE S\u00c9CURIT\u00c9<\/a><\/strong><\/p>\n","protected":false},"featured_media":0,"template":"","meta":{"_acf_changed":false,"content-type":""},"product_brand":[25],"product_cat":[387],"product_tag":[],"class_list":{"0":"post-7188","1":"product","2":"type-product","3":"status-publish","5":"product_brand-pavicret","6":"product_cat-sans-categorie","8":"first","9":"instock","10":"taxable","11":"shipping-taxable","12":"purchasable","13":"product-type-simple"},"acf":[],"_links":{"self":[{"href":"https:\/\/pavicret.com\/fr\/wp-json\/wp\/v2\/product\/7188","targetHints":{"allow":["GET"]}}],"collection":[{"href":"https:\/\/pavicret.com\/fr\/wp-json\/wp\/v2\/product"}],"about":[{"href":"https:\/\/pavicret.com\/fr\/wp-json\/wp\/v2\/types\/product"}],"wp:attachment":[{"href":"https:\/\/pavicret.com\/fr\/wp-json\/wp\/v2\/media?parent=7188"}],"wp:term":[{"taxonomy":"product_brand","embeddable":true,"href":"https:\/\/pavicret.com\/fr\/wp-json\/wp\/v2\/product_brand?post=7188"},{"taxonomy":"product_cat","embeddable":true,"href":"https:\/\/pavicret.com\/fr\/wp-json\/wp\/v2\/product_cat?post=7188"},{"taxonomy":"product_tag","embeddable":true,"href":"https:\/\/pavicret.com\/fr\/wp-json\/wp\/v2\/product_tag?post=7188"}],"curies":[{"name":"wp","href":"https:\/\/api.w.org\/{rel}","templated":true}]}}