{"id":7185,"date":"2025-04-11T10:26:10","date_gmt":"2025-04-11T09:26:10","guid":{"rendered":"https:\/\/pavicret.com\/producto\/pavicret-imprime-thematique\/"},"modified":"2025-04-11T10:26:10","modified_gmt":"2025-04-11T09:26:10","slug":"pavicret-imprime-thematique","status":"publish","type":"product","link":"https:\/\/pavicret.com\/fr\/producto\/pavicret-imprime-thematique\/","title":{"rendered":"PaviCret Imprim\u00e9 th\u00e9matique"},"content":{"rendered":"<p><strong><a href=\"http:\/\/pavicret.com\/wp-content\/uploads\/2017\/11\/PaviCret-Tem%C3%A1tico-FT.-2016-01.pdf\" target=\"_blank\" rel=\"noopener noreferrer\">T\u00c9L\u00c9CHARGEZ LA FICHE TECHNIQUE<\/a><\/strong><\/p>\n<p><strong>MORTIER FIN POUR L&rsquo;IMITATION DE LA PIERRE ET DE LA ROCHE.<\/strong><\/p>\n<p><strong>Mortier \u00e0 base de ciment Portland.<\/strong><\/p>\n<p>PaviCret Tem\u00e1tico est un mortier sp\u00e9cialement adapt\u00e9 \u00e0 l&rsquo;imitation de la pierre, formul\u00e9 avec du ciment Portland, selon la norme EN 197-1, des agr\u00e9gats s\u00e9lectionn\u00e9s et des r\u00e9sines.<\/p>\n<p>&nbsp;<\/p>\n<p><strong>PROPRI\u00c9T\u00c9S G\u00c9N\u00c9RALES D&rsquo;UTILISATION :<\/strong><\/p>\n<p>Durable<\/p>\n<p>&#8211; \u00c9tanch\u00e9it\u00e9<\/p>\n<p>&#8211; R\u00e9siste au gel et au d\u00e9gel.<\/p>\n<p>&#8211; Perm\u00e9able \u00e0 la vapeur d&rsquo;eau.<\/p>\n<p>&#8211; Excellente adh\u00e9rence.<\/p>\n<p>\u00c9conomique<\/p>\n<p>&#8211; Mise en \u0153uvre rapide.<\/p>\n<p>Une application simple<\/p>\n<p>&#8211; Il peut \u00eatre appliqu\u00e9 \u00e0 l&rsquo;aide d&rsquo;une truelle ou d&rsquo;une spatule.<\/p>\n<p>&#8211; Pr\u00eat \u00e0 l&#8217;emploi : il suffit d&rsquo;ajouter de l&rsquo;eau.<\/p>\n<p>&#8211; Doit \u00eatre appliqu\u00e9 sur des surfaces humides.<\/p>\n<p>Respect de l&rsquo;environnement<\/p>\n<p>&#8211; Produit \u00e0 base de ciment.<\/p>\n<p>&#8211; Sans solvant.<\/p>\n<p>&nbsp;<\/p>\n<p><strong>PR\u00c9SENTATION :<\/strong><\/p>\n<p>PaviCret Tem\u00e1tico est livr\u00e9 en sacs de 25 kg et en palettes de 1 200 kg.<\/p>\n<p>&nbsp;<\/p>\n<p><strong>CANDIDATURES :<\/strong><\/p>\n<p>PaviCret Tem\u00e1tico est un mortier d\u00e9velopp\u00e9 pour l&rsquo;imitation de pierres naturelles et de roches, tant pour les int\u00e9rieurs que pour les ext\u00e9rieurs, caract\u00e9ris\u00e9 par sa r\u00e9sistance et sa durabilit\u00e9.<\/p>\n<p>&nbsp;<\/p>\n<p><strong>STOCKAGE :<\/strong><\/p>\n<p>La dur\u00e9e de conservation de PaviCret Tem\u00e1tico est d&rsquo;environ 12 mois, dans son emballage d&rsquo;origine, ferm\u00e9 et \u00e0 l&rsquo;abri des intemp\u00e9ries et de l&rsquo;humidit\u00e9.<\/p>\n<p>&nbsp;<\/p>\n<p><strong>PROPRI\u00c9T\u00c9S TECHNIQUES :<\/strong><\/p>\n<p>PaviCret Tem\u00e1tico est un mortier pour enduits color\u00e9s (CR), conforme \u00e0 la norme CE EN 998-1 :<\/p>\n<p>&#8211; R\u00e9action au feu : Classe A1FL<\/p>\n<p>&#8211; Absorption d&rsquo;eau : 0,1 kg\/m\u00b2min 0,5 (classe W2)<\/p>\n<p>&#8211; Perm\u00e9abilit\u00e9 \u00e0 la vapeur d&rsquo;eau : (\u03bc) \u2264 2,5<\/p>\n<p>&#8211; Adh\u00e9sion : \u2265 0,5 N\/mm\u00b2. Rupture de forme : A <\/p>\n<p>&#8211; R\u00e9sistance \u00e0 la compression : 7,9 N\/mm\u00b2 (classe CS IV)<\/p>\n<p>&#8211; R\u00e9sistance \u00e0 la flexion : 4,8 N\/mm\u00b2.<\/p>\n<p>&#8211; Densit\u00e9 apparente : 1,8 kg\/cm\u00b3<\/p>\n<p>&#8211; Taux d&rsquo;eau m\u00e9lang\u00e9e par 25 kg : 4,50 ltr.<\/p>\n<p>&#8211; Temps d&rsquo;application : 30\/60 minutes<\/p>\n<p>&#8211; Temps de recouvrement : 24 heures<\/p>\n<p>&#8211; Temp\u00e9rature minimale d&rsquo;application : 5\u00baC<\/p>\n<p>&#8211; Temp\u00e9rature maximale d&rsquo;application : 30\u00baC.<\/p>\n<p>&nbsp;<\/p>\n<p><strong>CONSOMMATION :<\/strong><\/p>\n<p>La consommation de PaviCret Thematic est de 14 Kg\/m\u00b2.<\/p>\n<p>&nbsp;<\/p>\n<p><strong>DEMANDE D&rsquo;EMPLOI :<\/strong><\/p>\n<p>PR\u00c9PARATION DE LA SURFACE :<\/p>\n<p>Les surfaces \u00e0 traiter doivent \u00eatre propres et structurellement saines.<\/p>\n<p>Tout mat\u00e9riau \u00e9tranger tel que le goudron, les d\u00e9fauts de surface, les coulis de ciment, les huiles et autres contaminants susceptibles de nuire \u00e0 l&rsquo;adh\u00e9rence doit \u00eatre \u00e9limin\u00e9. Les surfaces doivent \u00eatre pr\u00e9par\u00e9es en les pulv\u00e9risant avec des jets d&rsquo;eau \u00e0 haute pression ou avec du sable et du gravier abrasifs. La poussi\u00e8re et les particules r\u00e9sultant de la pr\u00e9paration doivent \u00eatre lav\u00e9es \u00e0 l&rsquo;eau.  <\/p>\n<p>Les fissures et les trous doivent \u00eatre r\u00e9par\u00e9s avec PaviCret Plug.<\/p>\n<p>Apr\u00e8s l&rsquo;application du PaviCret Tem\u00e1tico, la surface doit \u00eatre mouill\u00e9e pour contr\u00f4ler la succion et emp\u00eacher une perte d&rsquo;eau rapide, mais sans formation de flaques \u00e0 la surface.<\/p>\n<p><strong>MIXTE :<\/strong><\/p>\n<p>PaviCret Thematic doit \u00eatre m\u00e9lang\u00e9 \u00e0 25 kg de poudre pour 4,5 litres d&rsquo;eau propre.<\/p>\n<p>Utilisez un batteur \u00e9lectrique \u00e0 faible vitesse (400-600 tours\/minute) pendant environ 3 minutes jusqu&rsquo;\u00e0 l&rsquo;obtention d&rsquo;une consistance uniforme.<\/p>\n<p>Laissez reposer le m\u00e9lange pendant cinq minutes et rem\u00e9langez jusqu&rsquo;\u00e0 l&rsquo;obtention d&rsquo;une p\u00e2te \u00e9paisse, cr\u00e9meuse et sans grumeaux. Ne m\u00e9langez pas trop longtemps. <\/p>\n<p><strong>DEMANDE D&rsquo;EMPLOI :<\/strong><\/p>\n<p>PaviCret Tem\u00e1tico s&rsquo;applique en 2 couches, \u00e0 la truelle en acier inoxydable ou au pistolet, et peut \u00eatre appliqu\u00e9 jusqu&rsquo;\u00e0 4 cm. par couche.<\/p>\n<p>La premi\u00e8re couche doit \u00eatre appliqu\u00e9e horizontalement sur une surface pr\u00e9alablement humidifi\u00e9e, en utilisant un minimum de 1,5 kg de PaviCret Thematic par couche.<\/p>\n<p>Laissez durcir pendant au moins une nuit. Pour appliquer la deuxi\u00e8me couche, il faut d&rsquo;abord mouiller la premi\u00e8re couche. Appliquez la deuxi\u00e8me couche verticalement.  <\/p>\n<p>Pour les applications au pistolet, la premi\u00e8re couche doit \u00eatre \u00e9galis\u00e9e \u00e0 l&rsquo;aide d&rsquo;un pinceau.<\/p>\n<p><strong>CURED :<\/strong><\/p>\n<p>Par temps chaud ou venteux, il est conseill\u00e9 de pulv\u00e9riser de l&rsquo;eau claire sur la premi\u00e8re couche du produit fra\u00eechement appliqu\u00e9. Par temps froid, recouvrir d&rsquo;une b\u00e2che isolante, de polystyr\u00e8ne ou de tout autre mat\u00e9riau isolant. <\/p>\n<p>Prot\u00e9gez les surfaces r\u00e9par\u00e9es du froid et de la pluie avant d&rsquo;appliquer la deuxi\u00e8me couche tant qu&rsquo;elle n&rsquo;a pas pris sa forme d\u00e9finitive.<\/p>\n<p>Dans les zones froides, humides ou non ventil\u00e9es, il peut \u00eatre n\u00e9cessaire d&rsquo;augmenter le temps de durcissement ou d&rsquo;introduire une ventilation forc\u00e9e pour \u00e9viter la condensation.<\/p>\n<p>N&rsquo;utilisez jamais de d\u00e9shumidificateurs pendant la p\u00e9riode de durcissement et au plus t\u00f4t 28 jours apr\u00e8s l&rsquo;ach\u00e8vement des travaux.<\/p>\n<p>Nettoyage et entretien :<\/p>\n<p>Le mat\u00e9riel de m\u00e9lange et d&rsquo;application doit \u00eatre nettoy\u00e9 imm\u00e9diatement \u00e0 l&rsquo;eau claire.<\/p>\n<p>&nbsp;<\/p>\n<p><strong><a href=\"https:\/\/pavicret.com\/fr\/contact\/\">DEMANDER LA FICHE DE DONN\u00c9ES DE S\u00c9CURIT\u00c9<\/a><\/strong><\/p>\n","protected":false},"excerpt":{"rendered":"<p><strong>Mortier \u00e0 base de ciment Portland.<\/strong><\/p>\n<p>PaviCret Tem\u00e1tico est un mortier sp\u00e9cialement adapt\u00e9 \u00e0 l&rsquo;imitation de la pierre, formul\u00e9 avec du ciment Portland, selon la norme EN 197-1, des agr\u00e9gats s\u00e9lectionn\u00e9s et des r\u00e9sines.<\/p>\n<p><strong>Sacs de 25 kg<\/strong><\/p>\n<p><strong><a href=\"http:\/\/pavicret.com\/wp-content\/uploads\/2017\/11\/PaviCret-Tem%C3%A1tico-FT.-2016-01.pdf\" target=\"_blank\" rel=\"noopener noreferrer\">T\u00c9L\u00c9CHARGEZ LA FICHE TECHNIQUE<\/a><\/strong><\/p>\n<p><strong><a href=\"https:\/\/pavicret.com\/fr\/contact\/\">DEMANDER LA FICHE DE DONN\u00c9ES DE S\u00c9CURIT\u00c9<\/a><\/strong><\/p>\n","protected":false},"featured_media":0,"template":"","meta":{"_acf_changed":false,"content-type":""},"product_brand":[25],"product_cat":[387],"product_tag":[],"class_list":{"0":"post-7185","1":"product","2":"type-product","3":"status-publish","5":"product_brand-pavicret","6":"product_cat-sans-categorie","8":"first","9":"instock","10":"taxable","11":"shipping-taxable","12":"purchasable","13":"product-type-variable"},"acf":[],"_links":{"self":[{"href":"https:\/\/pavicret.com\/fr\/wp-json\/wp\/v2\/product\/7185","targetHints":{"allow":["GET"]}}],"collection":[{"href":"https:\/\/pavicret.com\/fr\/wp-json\/wp\/v2\/product"}],"about":[{"href":"https:\/\/pavicret.com\/fr\/wp-json\/wp\/v2\/types\/product"}],"wp:attachment":[{"href":"https:\/\/pavicret.com\/fr\/wp-json\/wp\/v2\/media?parent=7185"}],"wp:term":[{"taxonomy":"product_brand","embeddable":true,"href":"https:\/\/pavicret.com\/fr\/wp-json\/wp\/v2\/product_brand?post=7185"},{"taxonomy":"product_cat","embeddable":true,"href":"https:\/\/pavicret.com\/fr\/wp-json\/wp\/v2\/product_cat?post=7185"},{"taxonomy":"product_tag","embeddable":true,"href":"https:\/\/pavicret.com\/fr\/wp-json\/wp\/v2\/product_tag?post=7185"}],"curies":[{"name":"wp","href":"https:\/\/api.w.org\/{rel}","templated":true}]}}