{"id":7183,"date":"2025-04-11T10:26:10","date_gmt":"2025-04-11T09:26:10","guid":{"rendered":"https:\/\/pavicret.com\/producto\/maille-20x30-4-4\/"},"modified":"2025-04-11T10:26:10","modified_gmt":"2025-04-11T09:26:10","slug":"maille-20x30-4-4","status":"publish","type":"product","link":"https:\/\/pavicret.com\/fr\/producto\/maille-20x30-4-4\/","title":{"rendered":"Maille 20&#215;30 4\/4"},"content":{"rendered":"<p><strong><a href=\"http:\/\/pavicret.com\/wp-content\/uploads\/2017\/11\/Mallazo-20-x30-44-2018-01.pdf\" target=\"_blank\" rel=\"noopener noreferrer\">T\u00c9L\u00c9CHARGEZ LA FICHE TECHNIQUE<\/a><\/strong><\/p>\n<p><strong>TREILLIS \u00c9LECTROSOUD\u00c9<\/strong><\/p>\n<p>Le treillis est un treillis \u00e9lectrosoud\u00e9 pour la distribution et le contr\u00f4le des fissures superficielles conform\u00e9ment \u00e0 l&rsquo;instruction EHE-08, fabriqu\u00e9 \u00e0 partir d&rsquo;un treillis m\u00e9tallique de qualit\u00e9 B500T.<\/p>\n<p>CERTIFICATS DE CONFORMIT\u00c9<\/p>\n<p>Le produit est conforme \u00e0 l&rsquo;instruction EHE-08.<\/p>\n<p>&nbsp;<\/p>\n<p><strong>PR\u00c9SENTATION :<\/strong><\/p>\n<p>&#8211; Maille 20&#215;30 4\/4 (6m)<\/p>\n<p>&#8211; Maille 20&#215;30 4\/4 (3m)<\/p>\n<p>&#8211; Maille 20&#215;30 4\/4 (3,6m)<\/p>\n<p>&nbsp;<\/p>\n<p><strong>COMPOSITION :<\/strong><\/p>\n<p>Fils toronn\u00e9s de qualit\u00e9 B500T, fabriqu\u00e9s conform\u00e9ment \u00e0 la norme UNE EN 36092:2014.<\/p>\n<p>&nbsp;<\/p>\n<p><strong>DEMANDE D&rsquo;EMPLOI :<\/strong><\/p>\n<p>Encastrez-les dans le b\u00e9ton.<\/p>\n<p>&nbsp;<\/p>\n<p><strong>RECOMMANDATIONS :<\/strong><\/p>\n<p>Selon l&rsquo;instruction sur le b\u00e9ton structurel EHE-08, \u00ab\u00a0le diam\u00e8tre minimum de l&rsquo;armature de distribution doit \u00eatre de 5 mm s&rsquo;il est pris en compte dans le cadre de la v\u00e9rification des \u00e9tats limites ultimes\u00a0\u00bb.<\/p>\n<p>&nbsp;<\/p>\n<p><strong>STOCKAGE :<\/strong><\/p>\n<p>Il n&rsquo;y a pas de date de p\u00e9remption, mais il est recommand\u00e9 de l&rsquo;utiliser dans les 12 mois environ. Conservez le produit \u00e0 l&rsquo;abri de la pluie et des intemp\u00e9ries. <\/p>\n<p><strong>  PROPRI\u00c9T\u00c9S TECHNIQUES :<\/strong><\/p>\n<p>Diam\u00e8tre nominal : 4 mm.<\/p>\n<p>Dimensions nominales des mailles : 6 m x 2,2 m, 3 m x 2,2 m et 3,6 m x 2,2 m.<\/p>\n<p>Dimensions nominales de la grille : 200 mm x 300 mm.<\/p>\n<p>&nbsp;<\/p>\n<p><strong><a href=\"https:\/\/pavicret.com\/fr\/contact\/\">DEMANDER LA FICHE DE DONN\u00c9ES DE S\u00c9CURIT\u00c9<\/a><\/strong><\/p>\n<p>&nbsp;<\/p>\n","protected":false},"excerpt":{"rendered":"<p><strong><a href=\"https:\/\/issuu.com\/pavicret\/docs\/ficha_refuerzos\" target=\"_blank\" rel=\"noopener noreferrer\">VOIR LE CATALOGUE DES RENFORTS<\/a><\/strong><\/p>\n<p>TREILLIS \u00c9LECTROSOUD\u00c9<\/p>\n<p>Il s&rsquo;agit d&rsquo;un treillis \u00e9lectrosoud\u00e9 pour la r\u00e9partition et le contr\u00f4le des fissures superficielles conform\u00e9ment \u00e0 l&rsquo;instruction EHE-08, fabriqu\u00e9 \u00e0 partir de fils de qualit\u00e9 B500T.<\/p>\n<p>&#8211; Maille 20&#215;30 4\/4 (6m)<\/p>\n<p>&#8211; Maille 20&#215;30 4\/4 (3m)<\/p>\n<p>&#8211; Maille 20&#215;30 4\/4 (3,6m)<\/p>\n<p><strong><a href=\"http:\/\/pavicret.com\/wp-content\/uploads\/2017\/11\/Mallazo-20-x30-44-2018-01.pdf\" target=\"_blank\" rel=\"noopener noreferrer\">T\u00c9L\u00c9CHARGEZ LA FICHE TECHNIQUE<\/a><\/strong><\/p>\n<p><strong><a href=\"https:\/\/pavicret.com\/fr\/contact\/\">DEMANDER LA FICHE DE DONN\u00c9ES DE S\u00c9CURIT\u00c9<\/a><\/strong><\/p>\n","protected":false},"featured_media":0,"template":"","meta":{"_acf_changed":false,"content-type":""},"product_brand":[25],"product_cat":[387],"product_tag":[],"class_list":{"0":"post-7183","1":"product","2":"type-product","3":"status-publish","5":"product_brand-pavicret","6":"product_cat-sans-categorie","8":"first","9":"instock","10":"taxable","11":"shipping-taxable","12":"purchasable","13":"product-type-simple"},"acf":[],"_links":{"self":[{"href":"https:\/\/pavicret.com\/fr\/wp-json\/wp\/v2\/product\/7183","targetHints":{"allow":["GET"]}}],"collection":[{"href":"https:\/\/pavicret.com\/fr\/wp-json\/wp\/v2\/product"}],"about":[{"href":"https:\/\/pavicret.com\/fr\/wp-json\/wp\/v2\/types\/product"}],"wp:attachment":[{"href":"https:\/\/pavicret.com\/fr\/wp-json\/wp\/v2\/media?parent=7183"}],"wp:term":[{"taxonomy":"product_brand","embeddable":true,"href":"https:\/\/pavicret.com\/fr\/wp-json\/wp\/v2\/product_brand?post=7183"},{"taxonomy":"product_cat","embeddable":true,"href":"https:\/\/pavicret.com\/fr\/wp-json\/wp\/v2\/product_cat?post=7183"},{"taxonomy":"product_tag","embeddable":true,"href":"https:\/\/pavicret.com\/fr\/wp-json\/wp\/v2\/product_tag?post=7183"}],"curies":[{"name":"wp","href":"https:\/\/api.w.org\/{rel}","templated":true}]}}