{"id":7181,"date":"2025-04-11T10:26:10","date_gmt":"2025-04-11T09:26:10","guid":{"rendered":"https:\/\/pavicret.com\/producto\/refordur-met-50-50\/"},"modified":"2025-09-18T15:37:38","modified_gmt":"2025-09-18T14:37:38","slug":"refordur-met-50-50","status":"publish","type":"product","link":"https:\/\/pavicret.com\/fr\/producto\/refordur-met-50-50\/","title":{"rendered":"Refordur Met 50\/50"},"content":{"rendered":"","protected":false},"excerpt":{"rendered":"<p>Fibre d&rsquo;acier avec extr\u00e9mit\u00e9s fa\u00e7onn\u00e9es 50\/1 (norme AISI 1010)<\/p>\n<p>Bo\u00eetes en carton ou sacs de 25 kg.<\/p>\n","protected":false},"featured_media":6530,"template":"","meta":{"_acf_changed":false,"content-type":""},"product_brand":[25],"product_cat":[522,528],"product_tag":[],"class_list":{"0":"post-7181","1":"product","2":"type-product","3":"status-publish","4":"has-post-thumbnail","6":"product_brand-pavicret","7":"product_cat-fibres","8":"product_cat-fibres-dacier","10":"first","11":"instock","12":"featured","13":"taxable","14":"shipping-taxable","15":"purchasable","16":"product-type-simple"},"acf":[],"_links":{"self":[{"href":"https:\/\/pavicret.com\/fr\/wp-json\/wp\/v2\/product\/7181","targetHints":{"allow":["GET"]}}],"collection":[{"href":"https:\/\/pavicret.com\/fr\/wp-json\/wp\/v2\/product"}],"about":[{"href":"https:\/\/pavicret.com\/fr\/wp-json\/wp\/v2\/types\/product"}],"wp:featuredmedia":[{"embeddable":true,"href":"https:\/\/pavicret.com\/fr\/wp-json\/wp\/v2\/media\/6530"}],"wp:attachment":[{"href":"https:\/\/pavicret.com\/fr\/wp-json\/wp\/v2\/media?parent=7181"}],"wp:term":[{"taxonomy":"product_brand","embeddable":true,"href":"https:\/\/pavicret.com\/fr\/wp-json\/wp\/v2\/product_brand?post=7181"},{"taxonomy":"product_cat","embeddable":true,"href":"https:\/\/pavicret.com\/fr\/wp-json\/wp\/v2\/product_cat?post=7181"},{"taxonomy":"product_tag","embeddable":true,"href":"https:\/\/pavicret.com\/fr\/wp-json\/wp\/v2\/product_tag?post=7181"}],"curies":[{"name":"wp","href":"https:\/\/api.w.org\/{rel}","templated":true}]}}