{"id":7180,"date":"2025-04-11T10:26:10","date_gmt":"2025-04-11T09:26:10","guid":{"rendered":"https:\/\/pavicret.com\/producto\/pavicret-bobine-plastique-400g\/"},"modified":"2025-04-11T10:26:10","modified_gmt":"2025-04-11T09:26:10","slug":"pavicret-bobine-plastique-400g","status":"publish","type":"product","link":"https:\/\/pavicret.com\/fr\/producto\/pavicret-bobine-plastique-400g\/","title":{"rendered":"PaviCret Bobine plastique 400g"},"content":{"rendered":"<p><strong><a href=\"http:\/\/pavicret.com\/wp-content\/uploads\/2017\/11\/Pavicret-Bobina-plastico-galga-400-2018-02.pdf\" target=\"_blank\" rel=\"noopener noreferrer\">T\u00c9L\u00c9CHARGEZ LA FICHE TECHNIQUE<\/a><\/strong><\/p>\n<p><strong>Film de poly\u00e9thyl\u00e8ne basse densit\u00e9 de 1 \u00e0 4 m\u00e8tres.<\/strong><\/p>\n<p><strong>Calibre 400 gr.<\/strong><\/p>\n<p>&nbsp;<\/p>\n<p><strong>DESCRIPTION :<\/strong><\/p>\n<p>UTILISATION RECOMMAND\u00c9E<\/p>\n<p>Ce film est g\u00e9n\u00e9ralement utilis\u00e9 dans le secteur de la construction :<\/p>\n<p>&#8211; \u00c9vitez les frottements et les fissures dans le b\u00e9ton.<\/p>\n<p>&#8211; Emp\u00eacher l&rsquo;absorption de l&rsquo;eau de g\u00e2chage du b\u00e9ton par le sol.<\/p>\n<p>&#8211; Pr\u00e9venir l&rsquo;apparition d&rsquo;humidit\u00e9 dans la chape par capillarit\u00e9 du sol.<\/p>\n<p>&#8211; Prot\u00e9gez les surfaces verticales ou autres rev\u00eatements de sol de toute contamination lors de l&rsquo;application d&rsquo;une chape, d&rsquo;une couche de roulement, d&rsquo;agents de d\u00e9moulage, de r\u00e9sines, etc.<\/p>\n<p>&#8211; Pour prot\u00e9ger les parois verticales ou les planchers lorsque l&rsquo;isolation thermique est projet\u00e9e dans une cavit\u00e9.<\/p>\n<p>&#8211; Protection des surfaces verticales ou des sols lors de la pose de panneaux de pl\u00e2tre ou de moulures.<\/p>\n<p>&#8211; Prot\u00e9gez les surfaces verticales ou les sols lorsque vous peignez.<\/p>\n<p>&#8211; Pour prot\u00e9ger les carrelages et les sols lors de la finition des rev\u00eatements monocouches.<\/p>\n<p>&#8211; Prot\u00e9gez et imperm\u00e9abilisez les mat\u00e9riaux et les outils qui s&rsquo;accumulent sur un chantier de construction.<\/p>\n<p>&nbsp;<\/p>\n<p>PROPRI\u00c9T\u00c9S TECHNIQUES G\u00c9N\u00c9RALES :<\/p>\n<p>&#8211; Couleur : transparente avec de l\u00e9g\u00e8res nuances de miel.<\/p>\n<p>&#8211; \u00c9paisseur : jauge 400 (100 microns) \u00b115%.<\/p>\n<p>&#8211; Largeur de la bobine : 2000 mm demi-tube \u00b12%. <\/p>\n<p>&#8211; Largeur de la bobine pli\u00e9e : 1200 mm<\/p>\n<p>&#8211; Largeur de la bobine non pli\u00e9e : 4000 mm<\/p>\n<p>&#8211; Microperforation : Non<\/p>\n<p>&#8211; Impression : Non<\/p>\n<p>&nbsp;<\/p>\n<p><strong>PR\u00c9SENTATION :<\/strong><\/p>\n<p>&#8211; Palettes de 25 bobines d&rsquo;un poids approximatif de 1000 kg\/palette\u00b12%.<\/p>\n<p>&#8211; Chaque bobine p\u00e8se 40 kg\u00b12%.<\/p>\n<p>&#8211; Chaque bobine a une longueur de 109 m<\/p>\n<p>&#8211; Chaque bobine couvre environ 436 m\u00b2.<\/p>\n<p>&nbsp;<\/p>\n<p><strong>STOCKAGE :<\/strong><\/p>\n<p>Conserver dans un environnement sec, \u00e0 une temp\u00e9rature inf\u00e9rieure \u00e0 60\u00baC.<\/p>\n<p>Le stockage dans des conditions inappropri\u00e9es peut d\u00e9clencher des processus de d\u00e9gradation qui affectent n\u00e9gativement les propri\u00e9t\u00e9s de l&rsquo;article :<\/p>\n<p>&nbsp;<\/p>\n<p><strong>PROPRI\u00c9T\u00c9S TECHNIQUES :<\/strong><\/p>\n<p>Point d&rsquo;\u00e9coulement (190\u00b0C, 2,16 kg) : 0,3 g\/10 min.<\/p>\n<p>Densit\u00e9 nominale (T\u00aa : 23\u00b0C) : 921 kg\/m\u00b3.<\/p>\n<p>Temp\u00e9rature de ramollissement Vicat (charge : 10N) : 96\u00b0C.<\/p>\n<p>Temp\u00e9rature de fusion : 180-210\u00baC.<\/p>\n<p>R\u00e9sistance \u00e0 l&rsquo;impact (F50) : 950 g.<\/p>\n<p>R\u00e9sistance \u00e0 la d\u00e9chirure (Elmendorf) : 35\/55 kN\/m.<\/p>\n<p>R\u00e9sistance \u00e0 la traction au point de rupture : 23\/20 MPa.<\/p>\n<p>R\u00e9sistance \u00e0 la traction \u00e0 la limite d&rsquo;\u00e9lasticit\u00e9 : 0\/10 MPa.<\/p>\n<p>Allongement au point de rupture : 540\/660%.<\/p>\n<p>Coefficient de frottement : 0,12.<\/p>\n<p>Luminosit\u00e9 (r\u00e9flexion sp\u00e9culaire \u00e0 45\u00baC) : 60%.<\/p>\n<p>Turbidit\u00e9 : 10 %.<\/p>\n<p>&nbsp;<\/p>\n<p><strong>RECOMMANDATIONS :<\/strong><\/p>\n<p>Utilisez des gants pour son utilisation, ne l&rsquo;appliquez pas en dessous de 5\u00baC ou au-dessus de 35\u00baC.<\/p>\n<p>Ne pas appliquer en cas de risque de gel, de pluie, de vent fort ou de lumi\u00e8re directe du soleil.<\/p>\n<p>&nbsp;<\/p>\n<p><strong><a href=\"https:\/\/pavicret.com\/fr\/contact\/\">DEMANDER LA FICHE DE DONN\u00c9ES DE S\u00c9CURIT\u00c9<\/a><\/strong><\/p>\n<p>&nbsp;<\/p>\n","protected":false},"excerpt":{"rendered":"<p><strong>Film de poly\u00e9thyl\u00e8ne basse densit\u00e9 de 1 \u00e0 4 m\u00e8tres,<\/strong><\/p>\n<p><strong>Calibre 400 gr.<\/strong><\/p>\n<p><strong><a href=\"http:\/\/pavicret.com\/wp-content\/uploads\/2017\/11\/Pavicret-Bobina-plastico-galga-400-2018-02.pdf\" target=\"_blank\" rel=\"noopener noreferrer\">T\u00c9L\u00c9CHARGEZ LA FICHE TECHNIQUE<\/a><\/strong><\/p>\n<p><strong><a href=\"https:\/\/pavicret.com\/fr\/contact\/\">DEMANDER LA FICHE DE DONN\u00c9ES DE S\u00c9CURIT\u00c9<\/a><\/strong><\/p>\n","protected":false},"featured_media":0,"template":"","meta":{"_acf_changed":false,"content-type":""},"product_brand":[25],"product_cat":[387],"product_tag":[],"class_list":{"0":"post-7180","1":"product","2":"type-product","3":"status-publish","5":"product_brand-pavicret","6":"product_cat-sans-categorie","8":"first","9":"instock","10":"taxable","11":"shipping-taxable","12":"purchasable","13":"product-type-simple"},"acf":[],"_links":{"self":[{"href":"https:\/\/pavicret.com\/fr\/wp-json\/wp\/v2\/product\/7180","targetHints":{"allow":["GET"]}}],"collection":[{"href":"https:\/\/pavicret.com\/fr\/wp-json\/wp\/v2\/product"}],"about":[{"href":"https:\/\/pavicret.com\/fr\/wp-json\/wp\/v2\/types\/product"}],"wp:attachment":[{"href":"https:\/\/pavicret.com\/fr\/wp-json\/wp\/v2\/media?parent=7180"}],"wp:term":[{"taxonomy":"product_brand","embeddable":true,"href":"https:\/\/pavicret.com\/fr\/wp-json\/wp\/v2\/product_brand?post=7180"},{"taxonomy":"product_cat","embeddable":true,"href":"https:\/\/pavicret.com\/fr\/wp-json\/wp\/v2\/product_cat?post=7180"},{"taxonomy":"product_tag","embeddable":true,"href":"https:\/\/pavicret.com\/fr\/wp-json\/wp\/v2\/product_tag?post=7180"}],"curies":[{"name":"wp","href":"https:\/\/api.w.org\/{rel}","templated":true}]}}