{"id":7173,"date":"2025-04-11T10:26:10","date_gmt":"2025-04-11T09:26:10","guid":{"rendered":"https:\/\/pavicret.com\/producto\/refordur-fibre-de-verre-pour-mortier\/"},"modified":"2025-09-18T15:37:07","modified_gmt":"2025-09-18T14:37:07","slug":"refordur-fibre-de-verre-pour-mortier","status":"publish","type":"product","link":"https:\/\/pavicret.com\/fr\/producto\/refordur-fibre-de-verre-pour-mortier\/","title":{"rendered":"Refordur Fibre de verre pour mortier"},"content":{"rendered":"","protected":false},"excerpt":{"rendered":"<p>Ces fibres sont sp\u00e9cialement con\u00e7ues pour le renforcement des mat\u00e9riaux de construction \u00e0 base de ciment.<\/p>\n<p>Elles offrent une r\u00e9sistance \u00e9lev\u00e9e \u00e0 la traction, un module d&rsquo;\u00e9lasticit\u00e9 \u00e9lev\u00e9 et une excellente tenue dans le mortier ou le b\u00e9ton.<\/p>\n","protected":false},"featured_media":6559,"template":"","meta":{"_acf_changed":false,"content-type":""},"product_brand":[25],"product_cat":[522,523],"product_tag":[],"class_list":{"0":"post-7173","1":"product","2":"type-product","3":"status-publish","4":"has-post-thumbnail","6":"product_brand-pavicret","7":"product_cat-fibres","8":"product_cat-fibres-de-verre","10":"first","11":"instock","12":"featured","13":"taxable","14":"shipping-taxable","15":"purchasable","16":"product-type-simple"},"acf":[],"_links":{"self":[{"href":"https:\/\/pavicret.com\/fr\/wp-json\/wp\/v2\/product\/7173","targetHints":{"allow":["GET"]}}],"collection":[{"href":"https:\/\/pavicret.com\/fr\/wp-json\/wp\/v2\/product"}],"about":[{"href":"https:\/\/pavicret.com\/fr\/wp-json\/wp\/v2\/types\/product"}],"wp:featuredmedia":[{"embeddable":true,"href":"https:\/\/pavicret.com\/fr\/wp-json\/wp\/v2\/media\/6559"}],"wp:attachment":[{"href":"https:\/\/pavicret.com\/fr\/wp-json\/wp\/v2\/media?parent=7173"}],"wp:term":[{"taxonomy":"product_brand","embeddable":true,"href":"https:\/\/pavicret.com\/fr\/wp-json\/wp\/v2\/product_brand?post=7173"},{"taxonomy":"product_cat","embeddable":true,"href":"https:\/\/pavicret.com\/fr\/wp-json\/wp\/v2\/product_cat?post=7173"},{"taxonomy":"product_tag","embeddable":true,"href":"https:\/\/pavicret.com\/fr\/wp-json\/wp\/v2\/product_tag?post=7173"}],"curies":[{"name":"wp","href":"https:\/\/api.w.org\/{rel}","templated":true}]}}