{"id":7172,"date":"2025-04-11T10:25:49","date_gmt":"2025-04-11T09:25:49","guid":{"rendered":"https:\/\/pavicret.com\/producto\/paviseal-df\/"},"modified":"2025-09-19T15:10:57","modified_gmt":"2025-09-19T14:10:57","slug":"paviseal-df","status":"publish","type":"product","link":"https:\/\/pavicret.com\/fr\/producto\/paviseal-df\/","title":{"rendered":"PaviSeal DF"},"content":{"rendered":"","protected":false},"excerpt":{"rendered":"<p><strong>Laque de cure \u00e0 base de r\u00e9sines acryliques avec solvants, sp\u00e9cialement pour la cure des sols en b\u00e9ton truell\u00e9s.<\/strong><\/p>\n<p>PaviSeal DF est un liquide de cure de r\u00e9sines acryliques en dispersion qui forme un film sur le b\u00e9ton en \u00e9vitant l&rsquo;\u00e9vaporation rapide de l&rsquo;eau de g\u00e2chage, pr\u00e9venant l&rsquo;apparition de fissures pr\u00e9coces dues au retrait, aux craquelures, etc.<\/p>\n<p><strong>25lts. carafe.<\/strong><\/p>\n","protected":false},"featured_media":6634,"template":"","meta":{"_acf_changed":false,"content-type":""},"product_brand":[25],"product_cat":[409,405,408],"product_tag":[],"class_list":{"0":"post-7172","1":"product","2":"type-product","3":"status-publish","4":"has-post-thumbnail","6":"product_brand-pavicret","7":"product_cat-a-base-de-solvant","8":"product_cat-complements","9":"product_cat-conservateurs","11":"first","12":"instock","13":"taxable","14":"shipping-taxable","15":"purchasable","16":"product-type-simple"},"acf":[],"_links":{"self":[{"href":"https:\/\/pavicret.com\/fr\/wp-json\/wp\/v2\/product\/7172","targetHints":{"allow":["GET"]}}],"collection":[{"href":"https:\/\/pavicret.com\/fr\/wp-json\/wp\/v2\/product"}],"about":[{"href":"https:\/\/pavicret.com\/fr\/wp-json\/wp\/v2\/types\/product"}],"wp:featuredmedia":[{"embeddable":true,"href":"https:\/\/pavicret.com\/fr\/wp-json\/wp\/v2\/media\/6634"}],"wp:attachment":[{"href":"https:\/\/pavicret.com\/fr\/wp-json\/wp\/v2\/media?parent=7172"}],"wp:term":[{"taxonomy":"product_brand","embeddable":true,"href":"https:\/\/pavicret.com\/fr\/wp-json\/wp\/v2\/product_brand?post=7172"},{"taxonomy":"product_cat","embeddable":true,"href":"https:\/\/pavicret.com\/fr\/wp-json\/wp\/v2\/product_cat?post=7172"},{"taxonomy":"product_tag","embeddable":true,"href":"https:\/\/pavicret.com\/fr\/wp-json\/wp\/v2\/product_tag?post=7172"}],"curies":[{"name":"wp","href":"https:\/\/api.w.org\/{rel}","templated":true}]}}