{"id":7156,"date":"2025-04-11T10:26:10","date_gmt":"2025-04-11T09:26:10","guid":{"rendered":"https:\/\/pavicret.com\/producto\/fibre-de-polypropylene-refordur\/"},"modified":"2025-09-18T15:37:25","modified_gmt":"2025-09-18T14:37:25","slug":"fibre-de-polypropylene-refordur","status":"publish","type":"product","link":"https:\/\/pavicret.com\/fr\/producto\/fibre-de-polypropylene-refordur\/","title":{"rendered":"Fibre de polypropyl\u00e8ne Refordur"},"content":{"rendered":"","protected":false},"excerpt":{"rendered":"<p>Ces fibres sont sp\u00e9cialement con\u00e7ues pour \u00eatre m\u00e9lang\u00e9es aux b\u00e9tons et mortiers afin d&rsquo;augmenter leur durabilit\u00e9 et d&rsquo;\u00e9viter les fissures dues au retrait.<\/p>\n<p>&#8211; Sac en papier de 600 gr\/sac.<\/p>\n<p>&#8211; Sac en papier de 500 gr\/sac.<\/p>\n<p>&#8211; Sac en papier 150 gr\/sac (sur demande)<\/p>\n","protected":false},"featured_media":6535,"template":"","meta":{"_acf_changed":false,"content-type":""},"product_brand":[25],"product_cat":[522,524],"product_tag":[],"class_list":{"0":"post-7156","1":"product","2":"type-product","3":"status-publish","4":"has-post-thumbnail","6":"product_brand-pavicret","7":"product_cat-fibres","8":"product_cat-fibres-plastiques","10":"first","11":"instock","12":"featured","13":"taxable","14":"shipping-taxable","15":"purchasable","16":"product-type-simple"},"acf":[],"_links":{"self":[{"href":"https:\/\/pavicret.com\/fr\/wp-json\/wp\/v2\/product\/7156","targetHints":{"allow":["GET"]}}],"collection":[{"href":"https:\/\/pavicret.com\/fr\/wp-json\/wp\/v2\/product"}],"about":[{"href":"https:\/\/pavicret.com\/fr\/wp-json\/wp\/v2\/types\/product"}],"wp:featuredmedia":[{"embeddable":true,"href":"https:\/\/pavicret.com\/fr\/wp-json\/wp\/v2\/media\/6535"}],"wp:attachment":[{"href":"https:\/\/pavicret.com\/fr\/wp-json\/wp\/v2\/media?parent=7156"}],"wp:term":[{"taxonomy":"product_brand","embeddable":true,"href":"https:\/\/pavicret.com\/fr\/wp-json\/wp\/v2\/product_brand?post=7156"},{"taxonomy":"product_cat","embeddable":true,"href":"https:\/\/pavicret.com\/fr\/wp-json\/wp\/v2\/product_cat?post=7156"},{"taxonomy":"product_tag","embeddable":true,"href":"https:\/\/pavicret.com\/fr\/wp-json\/wp\/v2\/product_tag?post=7156"}],"curies":[{"name":"wp","href":"https:\/\/api.w.org\/{rel}","templated":true}]}}