{"id":7154,"date":"2025-04-11T10:25:48","date_gmt":"2025-04-11T09:25:48","guid":{"rendered":"https:\/\/pavicret.com\/producto\/maille-de-fibre-de-verre-refordur\/"},"modified":"2025-04-11T10:25:48","modified_gmt":"2025-04-11T09:25:48","slug":"maille-de-fibre-de-verre-refordur","status":"publish","type":"product","link":"https:\/\/pavicret.com\/fr\/producto\/maille-de-fibre-de-verre-refordur\/","title":{"rendered":"Maille de fibre de verre Refordur"},"content":{"rendered":"","protected":false},"excerpt":{"rendered":"<p><b>Maille en fibre de verre 90 gr\/m<\/b><span class=\"s2\"><b>2 <\/b><\/span><b>et 110 g\/m<\/b><span class=\"s2\"><b>2<\/b><\/span><b>.<\/b><\/p>\n<p><b>CERTIFICATION : <\/b>UNI EN ISO 9001:2010.<\/p>\n<p class=\"p2\"><b>COULEUR : <\/b>Bleu\/blanc.<\/p>\n<p class=\"p1\"><strong>DOMAINES D&rsquo;UTILISATION<\/strong>: Il est utilis\u00e9 pour p\u00e9n\u00e9trer parfaitement dans le b\u00e9ton, en augmentant la r\u00e9sistance des murs.<\/p>\n","protected":false},"featured_media":4042,"template":"","meta":{"_acf_changed":false,"content-type":""},"product_brand":[25],"product_cat":[522,523],"product_tag":[],"class_list":{"0":"post-7154","1":"product","2":"type-product","3":"status-publish","4":"has-post-thumbnail","6":"product_brand-pavicret","7":"product_cat-fibres","8":"product_cat-fibres-de-verre","10":"first","11":"instock","12":"featured","13":"taxable","14":"shipping-taxable","15":"purchasable","16":"product-type-simple"},"acf":[],"_links":{"self":[{"href":"https:\/\/pavicret.com\/fr\/wp-json\/wp\/v2\/product\/7154","targetHints":{"allow":["GET"]}}],"collection":[{"href":"https:\/\/pavicret.com\/fr\/wp-json\/wp\/v2\/product"}],"about":[{"href":"https:\/\/pavicret.com\/fr\/wp-json\/wp\/v2\/types\/product"}],"wp:featuredmedia":[{"embeddable":true,"href":"https:\/\/pavicret.com\/fr\/wp-json\/wp\/v2\/media\/4042"}],"wp:attachment":[{"href":"https:\/\/pavicret.com\/fr\/wp-json\/wp\/v2\/media?parent=7154"}],"wp:term":[{"taxonomy":"product_brand","embeddable":true,"href":"https:\/\/pavicret.com\/fr\/wp-json\/wp\/v2\/product_brand?post=7154"},{"taxonomy":"product_cat","embeddable":true,"href":"https:\/\/pavicret.com\/fr\/wp-json\/wp\/v2\/product_cat?post=7154"},{"taxonomy":"product_tag","embeddable":true,"href":"https:\/\/pavicret.com\/fr\/wp-json\/wp\/v2\/product_tag?post=7154"}],"curies":[{"name":"wp","href":"https:\/\/api.w.org\/{rel}","templated":true}]}}