{"id":7153,"date":"2025-04-11T10:26:10","date_gmt":"2025-04-11T09:26:10","guid":{"rendered":"https:\/\/pavicret.com\/producto\/impercret-dry\/"},"modified":"2025-04-11T10:26:10","modified_gmt":"2025-04-11T09:26:10","slug":"impercret-dry","status":"publish","type":"product","link":"https:\/\/pavicret.com\/fr\/producto\/impercret-dry\/","title":{"rendered":"ImperCret Dry"},"content":{"rendered":"<p>Mortier fin modifi\u00e9 pour l&rsquo;imperm\u00e9abilisation du b\u00e9ton et de la ma\u00e7onnerie<\/p>\n<h4 class=\"p2\" style=\"text-align: justify;\"><b>description<\/b><\/h4>\n<p>ImperCret-Dry est un mortier compos\u00e9 de ciment, d&rsquo;agr\u00e9gats s\u00e9lectionn\u00e9s et d&rsquo;additifs sp\u00e9ciaux.<\/p>\n<p>M\u00e9lang\u00e9 \u00e0 l&rsquo;eau, il forme une fine couche rapidement applicable, capable d&rsquo;imperm\u00e9abiliser le b\u00e9ton et la ma\u00e7onnerie.<\/p>\n<h4 class=\"p2\" style=\"text-align: justify;\">avantages<\/h4>\n<ul style=\"text-align: justify;\">\n<li>Durable.<\/li>\n<li>Imperm\u00e9abilisation.<\/li>\n<li>R\u00e9siste aux pressions hydrostatiques positives ou n\u00e9gatives.<\/li>\n<li>R\u00e9sistant au gel et au d\u00e9gel.<\/li>\n<li>Perm\u00e9able \u00e0 la vapeur d&rsquo;eau.<\/li>\n<li>Excellente adh\u00e9rence sans n\u00e9cessiter de ponts de collage.<\/li>\n<li>\u00c9conomique.<\/li>\n<li>Mise en \u0153uvre rapide et simple<\/li>\n<li>Grande durabilit\u00e9. Sans entretien. <\/li>\n<li>Il peut \u00eatre appliqu\u00e9 au pinceau ou pulv\u00e9ris\u00e9 \u00e0 l&rsquo;aide d&rsquo;un pistolet.<\/li>\n<li>Pr\u00eat \u00e0 l&#8217;emploi, il suffit d&rsquo;ajouter de l&rsquo;eau.<\/li>\n<li>Doit \u00eatre appliqu\u00e9 sur des surfaces humides.<\/li>\n<li>Respectueux de l&rsquo;environnement.<\/li>\n<li>Produit \u00e0 base de ciment.<\/li>\n<li>Sans solvant.<\/li>\n<li>Ne modifie pas la potabilit\u00e9.<\/li>\n<li>R\u00e9sistant aux intemp\u00e9ries.<\/li>\n<\/ul>\n<h4 style=\"text-align: justify;\">pr\u00e9sentation et conservation<\/h4>\n<div>\n<p>ImperCret-Dry est conditionn\u00e9 dans des sacs en papier multi-parois de 25 kg avec un film anti-humidit\u00e9.<\/p>\n<p>Stockage : 12 mois dans l&#8217;emballage d&rsquo;origine scell\u00e9, \u00e0 l&rsquo;abri de l&rsquo;humidit\u00e9 et dans des endroits couverts.<\/p>\n<\/div>\n<h4 style=\"text-align: justify;\">donn\u00e9es techniques<\/h4>\n<table style=\"height: 610px; width: 100%; border-collapse: collapse;\" border=\"1\" cellpadding=\"5px\">\n<tbody>\n<tr style=\"height: 24px;\">\n<td style=\"width: 100.06090133982948%; height: 24px;\" colspan=\"2\">\n<div style=\"text-align: center;\"><strong>Identification du produit et donn\u00e9es d&rsquo;application<\/strong><\/div>\n<\/td>\n<\/tr>\n<tr style=\"height: 24px;\">\n<td style=\"width: 50%; background-color: #bad4db; height: 24px;\">\n<div>Apparence<\/div>\n<\/td>\n<td style=\"width: 50.06090133982948%;\" width=\"350\">Poussi\u00e8re<\/td>\n<\/tr>\n<tr style=\"height: 24px;\">\n<td style=\"width: 50%; background-color: #bad4db; height: 24px;\">\n<div>Couleur<\/div>\n<\/td>\n<td style=\"width: 50.06090133982948%;\" width=\"350\">\n<div>Gris &#8211; Blanc<\/div>\n<\/td>\n<\/tr>\n<tr style=\"height: 29px;\">\n<td style=\"width: 50%; background-color: #bad4db; height: 29px;\">\n<div>Gamme de granulom\u00e9trie<\/div>\n<\/td>\n<td style=\"width: 50.06090133982948%;\" width=\"350\">\n<div>0-800 \u00b5m<\/div>\n<\/td>\n<\/tr>\n<tr style=\"height: 24px;\">\n<td style=\"width: 50%; background-color: #bad4db; height: 24px;\">\n<div>Densit\u00e9 du m\u00e9lange<\/div>\n<\/td>\n<td style=\"width: 50.06090133982948%;\" width=\"350\">\n<div>\u2248 1860 <sup>Kg\/m3<\/sup><\/div>\n<\/td>\n<\/tr>\n<tr style=\"height: 24px;\">\n<td style=\"width: 50%; background-color: #bad4db; height: 24px;\">\n<div>% Eau de p\u00e9trissage<\/div>\n<\/td>\n<td style=\"width: 50.06090133982948%;\" width=\"350\">\n<div>\u00b1 21%<\/div>\n<\/td>\n<\/tr>\n<tr style=\"height: 29px;\">\n<td style=\"width: 50%; background-color: #bad4db; height: 29px;\">\n<div>\u00c9paisseur totale applicable<\/div>\n<\/td>\n<td style=\"width: 50.06090133982948%;\" width=\"350\">\n<div>2-5 mm.<\/div>\n<\/td>\n<\/tr>\n<tr style=\"height: 24px;\">\n<td style=\"width: 50%; background-color: #bad4db; height: 24px;\">\n<div>Performance<\/div>\n<\/td>\n<td style=\"width: 50.06090133982948%;\" width=\"350\"><\/td>\n<\/tr>\n<tr style=\"height: 24px;\">\n<td style=\"width: 50%; background-color: #bad4db; height: 24px;\">\n<div>  Epaisseur 2 mm (eau non pressuris\u00e9e)<\/div>\n<\/td>\n<td style=\"width: 50.06090133982948%;\" width=\"350\">\n<div>\u2248 3 <sup>Kg\/m2<\/sup><\/div>\n<\/td>\n<\/tr>\n<tr style=\"height: 34px;\">\n<td style=\"width: 50%; background-color: #bad4db; height: 34px;\">\n<div>  Epaisseur 4 mm (eau sous pression)<\/div>\n<\/td>\n<td style=\"width: 50.06090133982948%;\" width=\"350\">\n<div>\u2248 6 <sup>Kg\/m2<\/sup><\/div>\n<\/td>\n<\/tr>\n<tr style=\"height: 24px;\">\n<td style=\"width: 50%; background-color: #bad4db; height: 24px;\">\n<div>Position tarifaire<\/div>\n<\/td>\n<td style=\"width: 50.06090133982948%;\" width=\"350\">\n<div>3824.50.90.00<\/div>\n<\/td>\n<\/tr>\n<tr style=\"height: 24px;\">\n<td style=\"width: 100.06090133982948%; height: 24px;\" colspan=\"2\">\n<div style=\"text-align: center;\"><strong>Performance finale<\/strong><\/div>\n<\/td>\n<\/tr>\n<tr style=\"height: 29px;\">\n<td style=\"height: 38px; background-color: #bad4db; vertical-align: middle; width: 50%;\">Classement<\/td>\n<td style=\"width: 50.06090133982948%; height: 38px;\">\n<div>Protection superficielle du b\u00e9ton UNE-EN 1504-2<\/div>\n<\/td>\n<\/tr>\n<tr style=\"height: 24px;\">\n<td style=\"width: 50%; background-color: #bad4db; height: 24px;\">\n<div>Adh\u00e9sion directe \u00e0 la traction<\/div>\n<\/td>\n<td style=\"width: 50.06090133982948%; height: 24px;\">\n<div>\u2265 1,0 MPa<\/div>\n<\/td>\n<\/tr>\n<tr style=\"height: 24px;\">\n<td style=\"width: 50%; background-color: #bad4db; height: 24px;\">\n<div>R\u00e9sistance \u00e0 la compression<\/div>\n<\/td>\n<td style=\"width: 50.06090133982948%; height: 24px;\">\n<div>\u2265 30,0 MPa<\/div>\n<\/td>\n<\/tr>\n<tr>\n<td style=\"width: 50%; background-color: #bad4db;\">\n<div>\n<div>Absorption capillaire et perm\u00e9abilit\u00e9 \u00e0 l&rsquo;eau<\/div>\n<\/div>\n<\/td>\n<td style=\"width: 50.06090133982948%;\">\n<div>\n<div>W &lt; 0,1 <sup>Kg\/m2h1\/2<\/sup><\/div>\n<\/div>\n<\/td>\n<\/tr>\n<tr>\n<td style=\"width: 50%; background-color: #bad4db;\">\n<div>\n<div>Perm\u00e9abilit\u00e9 \u00e0 la vapeur d&rsquo;eau<\/div>\n<\/div>\n<\/td>\n<td style=\"width: 50.06090133982948%;\">\n<div>\n<div>Classe I : SD &lt; 5 m.<\/div>\n<\/div>\n<\/td>\n<\/tr>\n<tr>\n<td style=\"width: 50%; background-color: #bad4db;\">\n<div>\n<div>R\u00e9action au feu<\/div>\n<\/div>\n<\/td>\n<td style=\"width: 50.06090133982948%;\">\n<div>\n<div>Classe A1<\/div>\n<\/div>\n<\/td>\n<\/tr>\n<\/tbody>\n<\/table>\n<h4 style=\"text-align: justify;\">application<\/h4>\n<div style=\"text-align: justify;\">\n<div>\n<p>M\u00e9langer ImperCret-Dry avec environ 4,75 &#8211; 5,75 l d&rsquo;eau propre par sac, ajout\u00e9 lentement. Malaxer manuellement ou m\u00e9caniquement jusqu&rsquo;\u00e0 l&rsquo;obtention d&rsquo;un m\u00e9lange ad\u00e9quat et d&rsquo;une consistance plastique. Laissez reposer pendant 5 minutes avant l&rsquo;application.    <\/p>\n<\/div>\n<div>\n<p>L&rsquo;application doit comporter un minimum de 2 couches et peut se faire par pulv\u00e9risation ou manuellement (truelle). La premi\u00e8re couche doit \u00eatre appliqu\u00e9e avec une consistance l\u00e9g\u00e8rement inf\u00e9rieure afin de saturer le support. La deuxi\u00e8me couche doit \u00eatre appliqu\u00e9e lorsque la premi\u00e8re couche est encore fra\u00eeche. Si l&rsquo;\u00e9paisseur finale doit atteindre 5 mm, 3 couches doivent \u00eatre appliqu\u00e9es.   <\/p>\n<\/div>\n<\/div>\n<h4 style=\"text-align: justify;\">utilise<\/h4>\n<div>\n<p style=\"text-align: justify;\">Protection superficielle du b\u00e9ton selon les principes du contr\u00f4le de l&rsquo;humidit\u00e9 (MC) par rev\u00eatement de surface et de l&rsquo;augmentation de la r\u00e9sistivit\u00e9 (RI) par limitation de la teneur en humidit\u00e9. Imperm\u00e9abilisation rigide des fondations, dalles, murs, r\u00e9servoirs, piscines, sous-sols, bacs \u00e0 fleurs, cages d&rsquo;ascenseur, salles de bains, douches, etc&#8230; Protection des b\u00e2timents contre l&rsquo;humidit\u00e9. <\/p>\n<\/div>\n<h4 style=\"text-align: justify;\">soutiens<\/h4>\n<p>Les substrats utiles pour l&rsquo;application d&rsquo;ImperCret-Dry sont, entre autres, les suivants :<\/p>\n<ul>\n<li>B\u00e9ton<\/li>\n<li>Supports conventionnels \u00e0 base de ciment.<\/li>\n<li>Enduit de mortier.<\/li>\n<li><span style=\"text-align: justify;\">Mortiers de r\u00e9paration PaviCret<\/span><\/li>\n<\/ul>\n<h4 style=\"text-align: justify;\">pr\u00e9paration du substrat<\/h4>\n<div>\n<div>\n<p style=\"text-align: justify;\">Le b\u00e9ton doit \u00eatre exempt de poussi\u00e8re, d&rsquo;huiles, d&rsquo;agents de d\u00e9coffrage, de r\u00e9sidus de peinture, de mat\u00e9riaux d\u00e9coll\u00e9s ou mal coll\u00e9s et de contaminants de surface susceptibles de r\u00e9duire l&rsquo;adh\u00e9rence ou d&#8217;emp\u00eacher l&rsquo;aspiration ou le mouillage des mat\u00e9riaux de r\u00e9paration. Le b\u00e9ton faible, endommag\u00e9 ou d\u00e9t\u00e9rior\u00e9 et, le cas \u00e9ch\u00e9ant, le b\u00e9ton sain doivent \u00eatre enlev\u00e9s par des moyens manuels ou m\u00e9caniques appropri\u00e9s qui ne provoquent pas de vibrations ou d&rsquo;impacts. Les supports absorbants doivent \u00eatre mouill\u00e9s jusqu&rsquo;\u00e0 saturation, en \u00e9vitant l&rsquo;engorgement et en appliquant le produit lorsque la surface a un aspect mat. Les supports lisses, peu absorbants ou tr\u00e8s d\u00e9t\u00e9rior\u00e9s doivent \u00eatre trait\u00e9s par sablage ou par une m\u00e9thode similaire jusqu&rsquo;\u00e0 l&rsquo;obtention d&rsquo;une surface pr\u00e9sentant des garanties minimales de rugosit\u00e9 et de r\u00e9sistance \u00e0 la traction.   <\/p>\n<\/div>\n<div>\n<p style=\"text-align: justify;\">Les exigences sp\u00e9cifiques de la norme EN 1504-10 doivent \u00eatre prises en compte.<\/p>\n<\/div>\n<\/div>\n<h4 style=\"text-align: justify;\">notes importantes<\/h4>\n<ul style=\"text-align: justify;\">\n<li>Ne pas appliquer en dessous de 5\u00baC et ne pas appliquer au-dessus de 30\u00baC.<\/li>\n<li>Ne pas appliquer en cas de risque de gel, de pluie, de vent fort ou de lumi\u00e8re directe du soleil.<\/li>\n<li>N&rsquo;ajoutez pas d&rsquo;eau au-del\u00e0 de la dose recommand\u00e9e.<\/li>\n<li>Les supports soumis \u00e0 de petits mouvements ou pr\u00e9sentant de petites fissures doivent \u00eatre imperm\u00e9abilis\u00e9s avec ImperCret-Flex.<\/li>\n<li>Les livraisons horizontales de mur \u00e0 dalle ou de mur \u00e0 toit et les livraisons verticales de mur \u00e0 mur doivent \u00eatre trait\u00e9es au mortier afin d&rsquo;adoucir l&rsquo;angle d&rsquo;application de ImperCret-Dry.<\/li>\n<li>Appliquez de pr\u00e9f\u00e9rence sur le c\u00f4t\u00e9 positif, c&rsquo;est-\u00e0-dire le c\u00f4t\u00e9 qui re\u00e7oit la pression de l&rsquo;eau.<\/li>\n<li>Lorsqu&rsquo;il est appliqu\u00e9 sur le c\u00f4t\u00e9 n\u00e9gatif, il y a un risque de d\u00e9collement si la pression de l&rsquo;eau est sup\u00e9rieure \u00e0 l&rsquo;adh\u00e9rence du mat\u00e9riau.<\/li>\n<li>Prot\u00e9gez le mortier fra\u00eechement appliqu\u00e9 d&rsquo;une d\u00e9shydratation pr\u00e9coce en utilisant des m\u00e9thodes de cure appropri\u00e9es. Le durcissement dans un environnement humide est essentiel pendant au moins 24 heures apr\u00e8s l&rsquo;application. <\/li>\n<li>Ne pas appliquer sur le pl\u00e2tre, le m\u00e9tal ou le bois.<\/li>\n<li>Ne pas m\u00e9langer plus de produit qu&rsquo;il n&rsquo;est possible d&rsquo;en appliquer au cours de la p\u00e9riode d&rsquo;ouvrabilit\u00e9.<\/li>\n<li>Rechargeable m\u00e9caniquement apr\u00e8s environ 3 \u00e0 7 jours. <\/li>\n<li>Facturable \u00e0 la pression de l&rsquo;eau apr\u00e8s environ 7 \u00e0 14 jours. <\/li>\n<li>N&rsquo;ajoutez pas de ciment, de sable, de colorants ou toute autre substance susceptible d&rsquo;affecter les propri\u00e9t\u00e9s du mat\u00e9riau.<\/li>\n<\/ul>\n<p><span style=\"color: #3c3950; font-family: Montserrat; font-size: 22px; font-weight: bold; letter-spacing: 0.05em; text-transform: uppercase;\">nettoyage des outils<\/span><\/p>\n<div>\n<p style=\"text-align: justify;\">Les outils sont facilement nettoy\u00e9s \u00e0 l&rsquo;eau avant que la p\u00e2te n&rsquo;ait durci. Le produit durci ne peut \u00eatre enlev\u00e9 que par des moyens m\u00e9caniques. <\/p>\n<\/div>\n<h4>m\u00e9moire descriptive<\/h4>\n<div>\n<p style=\"text-align: justify;\">La protection superficielle du b\u00e9ton et l&rsquo;imperm\u00e9abilisation seront r\u00e9alis\u00e9es avec le mortier flexible \u00e0 deux composants modifi\u00e9 par des polym\u00e8res ImperCret-Flex, de l&rsquo;entreprise PaviCret, conform\u00e9ment aux normes EN 14891 et EN 1504-2 et conform\u00e9ment au principe 2, m\u00e9thode 2.2 et au principe 8, m\u00e9thode 8.2 de la norme UNE-EN 1504-9. La performance sera de \u22481<sup>,5Kg\/m2<\/sup>par mm d&rsquo;\u00e9paisseur. <\/p>\n<\/div>\n<h4>la consommation<\/h4>\n<div>\n<p>La consommation approximative d&rsquo;ImperCret-Dry est de 3 \u00e0 5 <sup>kg\/m2.<\/sup><\/p>\n<\/div>\n<h4>instructions en mati\u00e8re de sant\u00e9 et de s\u00e9curit\u00e9<\/h4>\n<div style=\"text-align: justify;\">\n<p>Pour toute information concernant les questions de s\u00e9curit\u00e9 dans l&rsquo;utilisation, la manipulation, le stockage et l&rsquo;\u00e9limination des r\u00e9sidus chimiques, les utilisateurs doivent consulter la version la plus r\u00e9cente de la fiche de donn\u00e9es de s\u00e9curit\u00e9 du produit. L&rsquo;\u00e9limination du produit et de son emballage doit \u00eatre effectu\u00e9e conform\u00e9ment \u00e0 la l\u00e9gislation en vigueur et rel\u00e8ve de la responsabilit\u00e9 du consommateur final du produit. <\/p>\n<\/div>\n<h4>certifications<\/h4>\n<p><a href=\"https:\/\/pavicret.com\/certificado-iso-9001\/\"><img decoding=\"async\" class=\"aligncenter\" src=\"http:\/\/pavicret.com\/wp-content\/uploads\/2021\/10\/LOGO_AENOR-e1635439700351.jpg\" alt=\"ISO 9001\" width=\"84\" height=\"176\"><\/p>\n<p><\/a><\/p>\n<p style=\"text-align: justify;\">Nos conseils techniques d&rsquo;utilisation, qu&rsquo;ils soient verbaux, \u00e9crits ou sous forme d&rsquo;essais, sont donn\u00e9s de bonne foi et refl\u00e8tent le niveau actuel des connaissances et de l&rsquo;exp\u00e9rience avec nos produits. Lors de l&rsquo;utilisation de nos produits, il est n\u00e9cessaire, dans chaque cas, de faire un compte rendu d\u00e9taill\u00e9 des objets li\u00e9s \u00e0 l&rsquo;inspection et qualifi\u00e9s afin de d\u00e9terminer si le produit et\/ou l&rsquo;application de la technologie en question r\u00e9pond aux exigences et objectifs sp\u00e9cifiques. Nous ne sommes responsables de nos produits que si une application correcte de nos produits est effectu\u00e9e, par cons\u00e9quent, la responsabilit\u00e9 se situe enti\u00e8rement dans leur champ d&rsquo;application. Nous offrons bien entendu des produits de qualit\u00e9 constante dans le cadre de nos conditions g\u00e9n\u00e9rales de vente et de livraison. Il incombe aux utilisateurs de se conformer \u00e0 la l\u00e9gislation locale et d&rsquo;obtenir les autorisations n\u00e9cessaires. Les valeurs indiqu\u00e9es dans cette fiche technique sont donn\u00e9es \u00e0 titre d&rsquo;exemple et ne peuvent \u00eatre consid\u00e9r\u00e9es comme des sp\u00e9cifications. Pour toute autre sp\u00e9cification de produit, nous vous recommandons de contacter notre d\u00e9partement R&amp;D. La nouvelle \u00e9dition de la fiche technique remplace les informations techniques pr\u00e9c\u00e9dentes et les rend caduques. Il est donc n\u00e9cessaire que vous ayez toujours \u00e0 port\u00e9e de main le code de bonne pratique en vigueur.       <\/p>\n<p>&nbsp;<\/p>\n","protected":false},"excerpt":{"rendered":"<p>Mortier fin modifi\u00e9 pour l&rsquo;imperm\u00e9abilisation du b\u00e9ton et de la ma\u00e7onnerie<\/p>\n<p><strong><a href=\"http:\/\/pavicret.com\/wp-content\/uploads\/2021\/11\/Ficha-ImperCret-Dry.pdf\" target=\"_blank\" rel=\"noopener noreferrer\">T\u00c9L\u00c9CHARGEZ LA FICHE TECHNIQUE<\/a><\/strong><\/p>\n<p><strong><a href=\"https:\/\/pavicret.com\/fr\/contact\/\">DEMANDER LA FICHE DE S\u00c9CURIT\u00c9<\/a><\/strong><\/p>\n<p>&nbsp;<\/p>\n","protected":false},"featured_media":0,"template":"","meta":{"_acf_changed":false,"content-type":""},"product_brand":[25],"product_cat":[387],"product_tag":[],"class_list":{"0":"post-7153","1":"product","2":"type-product","3":"status-publish","5":"product_brand-pavicret","6":"product_cat-sans-categorie","8":"first","9":"instock","10":"taxable","11":"shipping-taxable","12":"purchasable","13":"product-type-simple"},"acf":[],"_links":{"self":[{"href":"https:\/\/pavicret.com\/fr\/wp-json\/wp\/v2\/product\/7153","targetHints":{"allow":["GET"]}}],"collection":[{"href":"https:\/\/pavicret.com\/fr\/wp-json\/wp\/v2\/product"}],"about":[{"href":"https:\/\/pavicret.com\/fr\/wp-json\/wp\/v2\/types\/product"}],"wp:attachment":[{"href":"https:\/\/pavicret.com\/fr\/wp-json\/wp\/v2\/media?parent=7153"}],"wp:term":[{"taxonomy":"product_brand","embeddable":true,"href":"https:\/\/pavicret.com\/fr\/wp-json\/wp\/v2\/product_brand?post=7153"},{"taxonomy":"product_cat","embeddable":true,"href":"https:\/\/pavicret.com\/fr\/wp-json\/wp\/v2\/product_cat?post=7153"},{"taxonomy":"product_tag","embeddable":true,"href":"https:\/\/pavicret.com\/fr\/wp-json\/wp\/v2\/product_tag?post=7153"}],"curies":[{"name":"wp","href":"https:\/\/api.w.org\/{rel}","templated":true}]}}