{"id":7152,"date":"2025-04-11T10:25:48","date_gmt":"2025-04-11T09:25:48","guid":{"rendered":"https:\/\/pavicret.com\/producto\/pavipol-650\/"},"modified":"2025-04-11T10:25:48","modified_gmt":"2025-04-11T09:25:48","slug":"pavipol-650","status":"publish","type":"product","link":"https:\/\/pavicret.com\/fr\/producto\/pavipol-650\/","title":{"rendered":"PaviPol 650"},"content":{"rendered":"<p><strong><a href=\"http:\/\/pavicret.com\/wp-content\/uploads\/2019\/04\/Pavipol-650-2018-01.pdf\" target=\"_blank\" rel=\"noopener noreferrer\">T\u00c9L\u00c9CHARGEZ LA FICHE TECHNIQUE<\/a><\/strong><\/p>\n<p><strong>Vernis \u00e0 base de r\u00e9sine r\u00e9ticul\u00e9e avec des isocyanates.<\/strong><\/p>\n<p>PaviPol-650 est un vernis incolore \u00e0 base de r\u00e9sines r\u00e9ticulables avec des isocyanates \u00e0 base de solvant, avec une excellente duret\u00e9, t\u00e9nacit\u00e9, r\u00e9sistance chimique et une haute r\u00e9sistance au jaunissement. Il peut \u00eatre appliqu\u00e9 \u00e0 l&rsquo;ext\u00e9rieur ou \u00e0 l&rsquo;int\u00e9rieur. <span class=\"Apple-converted-space\"> <\/span><\/p>\n<p>&nbsp;<\/p>\n<p><strong>PR\u00c9SENTATION :<\/strong><\/p>\n<p>Le PaviPol-630 est fourni dans des conteneurs m\u00e9talliques de 20 et 5 kg.<span class=\"Apple-converted-space\"> <\/span><\/p>\n<p>Disponible en couleur : Incolore.<span class=\"Apple-converted-space\"> <\/span><\/p>\n<p>&nbsp;<\/p>\n<p><b>COMPOSITION<span class=\"Apple-converted-space\"> <\/span><\/b><\/p>\n<p>Vernis \u00e0 base de r\u00e9sine r\u00e9ticulable avec isocyanates, \u00e0 base de solvant. Bi-composant A+B. <span class=\"Apple-converted-space\"> <\/span><\/p>\n<p>&nbsp;<\/p>\n<p><span class=\"Apple-converted-space\"> <\/span><b>CANDIDATURES<span class=\"Apple-converted-space\"> <\/span><\/b><\/p>\n<p>Finition compatible avec les syst\u00e8mes \u00e9poxy<span class=\"Apple-converted-space\"> <\/span><\/p>\n<p>Finition pour MICROCEMENT<span class=\"Apple-converted-space\"> <\/span><\/p>\n<p>Haute r\u00e9tention de la brillance<span class=\"Apple-converted-space\"> <\/span><\/p>\n<p>Finition uniforme<span class=\"Apple-converted-space\"> <\/span><\/p>\n<p>Haute r\u00e9sistance chimique<span class=\"Apple-converted-space\"> <\/span><\/p>\n<p>Meilleure r\u00e9sistance aux rayures<span class=\"Apple-converted-space\"> <\/span><\/p>\n<p>Couche de finition pour les syst\u00e8mes \u00e0 couches minces, autonivelants ou multicouches<span class=\"Apple-converted-space\"> <\/span><\/p>\n<p>&nbsp;<\/p>\n<p><span class=\"Apple-converted-space\"> <\/span><b>STOCKAGE<span class=\"Apple-converted-space\"> <\/span><\/b><\/p>\n<p>Les r\u00e9cipients doivent \u00eatre conserv\u00e9s dans un endroit frais et sec pendant une p\u00e9riode maximale de 12 mois, \u00e0 l&rsquo;abri de l&rsquo;humidit\u00e9 et de la lumi\u00e8re directe du soleil. La temp\u00e9rature de stockage doit \u00eatre comprise entre 5\u00b0C et 25\u00b0C. Le produit doit rester dans son emballage d&rsquo;origine avec le nom du fabricant, la d\u00e9signation du produit, le num\u00e9ro de production et les \u00e9tiquettes.  <span class=\"Apple-converted-space\"> <\/span><\/p>\n<p>&nbsp;<\/p>\n<p><b>PROPRI\u00c9T\u00c9S TECHNIQUES<span class=\"Apple-converted-space\"> <\/span><\/b><\/p>\n<p>Aspect : brillant, mat et satin\u00e9<span class=\"Apple-converted-space\"> <\/span><\/p>\n<p>Volume des solides : 62 \u00b1 2 %.<span class=\"Apple-converted-space\"> <\/span><\/p>\n<p>S\u00e9chage au toucher : 6 heures \u00e0 20\u00baC et 60% d&rsquo;humidit\u00e9 relative.<span class=\"Apple-converted-space\"> <\/span><\/p>\n<p>Mise en service : 24 heures pour les personnes et 48 heures pour les v\u00e9hicules l\u00e9gers 7 jours d&rsquo;utilisation compl\u00e8te<span class=\"Apple-converted-space\"> <\/span><\/p>\n<p>Densit\u00e9 : 1 050 \u00b1 0,020 Kg\/L<span class=\"Apple-converted-space\"> <\/span><\/p>\n<p>Point d&rsquo;\u00e9clair : 35\u00baC<span class=\"Apple-converted-space\"> <\/span><\/p>\n<p>COV Conforme \u00e0 la directive 2004\/42\/CE (RD 22\/2006) Annexe I sous-cat\u00e9gorie j) : 406,7 g\/l (500 g\/l maximum \u00e0 partir du 01.01.2010).<span class=\"Apple-converted-space\"> <\/span><\/p>\n<p>&nbsp;<\/p>\n<p><b>CANDIDATURE<span class=\"Apple-converted-space\"> <\/span><\/b><\/p>\n<p>Rapport de m\u00e9lange : 2 pour 1 en poids Dur\u00e9e de m\u00e9lange : 4 heures \u00e0 20\u00b0C<span class=\"Apple-converted-space\"> <\/span><\/p>\n<p>Intervalle de recouvrement : Minimum : 4 heures \u00e0 20\u00baC.<span class=\"Apple-converted-space\"> <\/span><\/p>\n<p>Maximum : 3 jours \u00e0 20\u00baC<span class=\"Apple-converted-space\"> <\/span><\/p>\n<p>S\u00e9chage total 24 heures (20\u00baC) <span class=\"Apple-converted-space\"> <\/span><\/p>\n<p>Temp\u00e9rature d&rsquo;application : entre 10\u00ba et 25\u00baC. Humidit\u00e9 ambiante : inf\u00e9rieure \u00e0 90%. Viscosit\u00e9 : 20 sec. Ford 4 (20\u00baC).   <span class=\"Apple-converted-space\"> <\/span><\/p>\n<p>La surface doit \u00eatre s\u00e8che, exempte de graisse et de contaminants.<span class=\"Apple-converted-space\"> <\/span><\/p>\n<p>Sur le b\u00e9ton, la surface doit \u00eatre compl\u00e8tement durcie (&gt;28 jours) et exempte d&rsquo;humidit\u00e9.<span class=\"Apple-converted-space\"> <\/span><\/p>\n<p>Le nombre de couches d\u00e9pend de l&rsquo;absorption du support ; sur les surfaces tr\u00e8s poreuses, il faut plus de couches pour \u00e9viter les diff\u00e9rences de brillance dues \u00e0 l&rsquo;absorption diff\u00e9rente du liant par le support. La temp\u00e9rature du support doit \u00eatre sup\u00e9rieure \u00e0 10\u00baC et au moins 3o au-dessus du point de ros\u00e9e. <span class=\"Apple-converted-space\"> <\/span><\/p>\n<p>&nbsp;<\/p>\n<p><b>RECOMMANDATIONS<span class=\"Apple-converted-space\"> <\/span><\/b><\/p>\n<p>V\u00e9rifiez soigneusement la pr\u00e9paration du support.<span class=\"Apple-converted-space\"> <\/span><\/p>\n<p>Agitez le contenu du r\u00e9cipient avant utilisation.<span class=\"Apple-converted-space\"> <\/span><\/p>\n<p>Ne laissez pas les conteneurs ouverts pendant une longue p\u00e9riode.<span class=\"Apple-converted-space\"> <\/span><\/p>\n<p>Appliquer avec un bon renouvellement de l&rsquo;air<span class=\"Apple-converted-space\"> <\/span><\/p>\n<p>S\u00c9CURIT\u00c9 :<span class=\"Apple-converted-space\"> <\/span><\/p>\n<p>Portez des gants lorsque vous utilisez le produit.<span class=\"Apple-converted-space\"> <\/span><\/p>\n<p>Pour toute information concernant la manipulation, le transport, le stockage et l&rsquo;utilisation du produit en toute s\u00e9curit\u00e9, veuillez vous r\u00e9f\u00e9rer \u00e0 la fiche de donn\u00e9es de s\u00e9curit\u00e9 du produit en vigueur.<span class=\"Apple-converted-space\"> <\/span><\/p>\n<p>&nbsp;<\/p>\n<p><a href=\"https:\/\/pavicret.com\/fr\/contact\/\"><strong>DEMANDER LA FICHE DE DONN\u00c9ES DE S\u00c9CURIT\u00c9<\/strong><\/a><\/p>\n<p>&nbsp;<\/p>\n","protected":false},"excerpt":{"rendered":"<p><strong>Vernis \u00e0 base de r\u00e9sine r\u00e9ticul\u00e9e avec des isocyanates.<\/strong><\/p>\n<p>PaviPol-650 est un vernis incolore \u00e0 base de r\u00e9sines r\u00e9ticulables avec des isocyanates \u00e0 base de solvant, avec une excellente duret\u00e9, t\u00e9nacit\u00e9, r\u00e9sistance chimique et une haute r\u00e9sistance au jaunissement. Il peut \u00eatre appliqu\u00e9 \u00e0 l&rsquo;ext\u00e9rieur ou \u00e0 l&rsquo;int\u00e9rieur. <\/p>\n<p><strong>Conteneurs m\u00e9talliques de 20 kg et 5 kg.<\/strong><\/p>\n<p><strong><a href=\"http:\/\/pavicret.com\/wp-content\/uploads\/2019\/04\/Pavipol-650-2018-01.pdf\" target=\"_blank\" rel=\"noopener noreferrer\">T\u00c9L\u00c9CHARGEZ LA FICHE TECHNIQUE<\/a><\/strong><\/p>\n<p><a href=\"https:\/\/pavicret.com\/fr\/contact\/\"><strong>DEMANDER LA FICHE DE DONN\u00c9ES DE S\u00c9CURIT\u00c9<\/strong><\/a><\/p>\n","protected":false},"featured_media":0,"template":"","meta":{"_acf_changed":false,"content-type":""},"product_brand":[25],"product_cat":[387],"product_tag":[],"class_list":{"0":"post-7152","1":"product","2":"type-product","3":"status-publish","5":"product_brand-pavicret","6":"product_cat-sans-categorie","8":"first","9":"instock","10":"taxable","11":"shipping-taxable","12":"purchasable","13":"product-type-simple"},"acf":[],"_links":{"self":[{"href":"https:\/\/pavicret.com\/fr\/wp-json\/wp\/v2\/product\/7152","targetHints":{"allow":["GET"]}}],"collection":[{"href":"https:\/\/pavicret.com\/fr\/wp-json\/wp\/v2\/product"}],"about":[{"href":"https:\/\/pavicret.com\/fr\/wp-json\/wp\/v2\/types\/product"}],"wp:attachment":[{"href":"https:\/\/pavicret.com\/fr\/wp-json\/wp\/v2\/media?parent=7152"}],"wp:term":[{"taxonomy":"product_brand","embeddable":true,"href":"https:\/\/pavicret.com\/fr\/wp-json\/wp\/v2\/product_brand?post=7152"},{"taxonomy":"product_cat","embeddable":true,"href":"https:\/\/pavicret.com\/fr\/wp-json\/wp\/v2\/product_cat?post=7152"},{"taxonomy":"product_tag","embeddable":true,"href":"https:\/\/pavicret.com\/fr\/wp-json\/wp\/v2\/product_tag?post=7152"}],"curies":[{"name":"wp","href":"https:\/\/api.w.org\/{rel}","templated":true}]}}