{"id":7151,"date":"2025-04-11T10:25:49","date_gmt":"2025-04-11T09:25:49","guid":{"rendered":"https:\/\/pavicret.com\/producto\/polisol\/"},"modified":"2025-09-19T15:10:03","modified_gmt":"2025-09-19T14:10:03","slug":"polisol","status":"publish","type":"product","link":"https:\/\/pavicret.com\/fr\/producto\/polisol\/","title":{"rendered":"PoliSol"},"content":{"rendered":"","protected":false},"excerpt":{"rendered":"<p><strong>RESINE D&rsquo;ETANCHEITE A BASE D&rsquo;EAU<\/strong><\/p>\n<p>Laque de<strong>cure pour le b\u00e9ton taloch\u00e9.<\/strong><\/p>\n<p>PoliSol est une laque de cure pour les sols industriels en b\u00e9ton, elle permet de contr\u00f4ler l&rsquo;\u00e9vaporation de l&rsquo;eau du b\u00e9ton, de retarder le s\u00e9chage, d&rsquo;augmenter la r\u00e9sistance globale et d&rsquo;\u00e9liminer les fissures de retrait de la surface.<\/p>\n<p>&nbsp;<\/p>\n","protected":false},"featured_media":6636,"template":"","meta":{"_acf_changed":false,"content-type":""},"product_brand":[25],"product_cat":[516,405,408],"product_tag":[],"class_list":{"0":"post-7151","1":"product","2":"type-product","3":"status-publish","4":"has-post-thumbnail","6":"product_brand-pavicret","7":"product_cat-a-base-deau","8":"product_cat-complements","9":"product_cat-conservateurs","11":"first","12":"instock","13":"taxable","14":"shipping-taxable","15":"purchasable","16":"product-type-simple"},"acf":[],"_links":{"self":[{"href":"https:\/\/pavicret.com\/fr\/wp-json\/wp\/v2\/product\/7151","targetHints":{"allow":["GET"]}}],"collection":[{"href":"https:\/\/pavicret.com\/fr\/wp-json\/wp\/v2\/product"}],"about":[{"href":"https:\/\/pavicret.com\/fr\/wp-json\/wp\/v2\/types\/product"}],"wp:featuredmedia":[{"embeddable":true,"href":"https:\/\/pavicret.com\/fr\/wp-json\/wp\/v2\/media\/6636"}],"wp:attachment":[{"href":"https:\/\/pavicret.com\/fr\/wp-json\/wp\/v2\/media?parent=7151"}],"wp:term":[{"taxonomy":"product_brand","embeddable":true,"href":"https:\/\/pavicret.com\/fr\/wp-json\/wp\/v2\/product_brand?post=7151"},{"taxonomy":"product_cat","embeddable":true,"href":"https:\/\/pavicret.com\/fr\/wp-json\/wp\/v2\/product_cat?post=7151"},{"taxonomy":"product_tag","embeddable":true,"href":"https:\/\/pavicret.com\/fr\/wp-json\/wp\/v2\/product_tag?post=7151"}],"curies":[{"name":"wp","href":"https:\/\/api.w.org\/{rel}","templated":true}]}}