{"id":7149,"date":"2025-04-11T10:25:49","date_gmt":"2025-04-11T09:25:49","guid":{"rendered":"https:\/\/pavicret.com\/producto\/paviseal-pro\/"},"modified":"2025-09-19T15:10:35","modified_gmt":"2025-09-19T14:10:35","slug":"paviseal-pro","status":"publish","type":"product","link":"https:\/\/pavicret.com\/fr\/producto\/paviseal-pro\/","title":{"rendered":"PaviSeal Pro"},"content":{"rendered":"","protected":false},"excerpt":{"rendered":"<p><strong>Laque de cure pour le b\u00e9ton taloch\u00e9.<\/strong><\/p>\n<p>PaviSeal est une laque de cure pour les sols industriels en b\u00e9ton. Elle aide \u00e0 contr\u00f4ler l&rsquo;\u00e9vaporation de l&rsquo;eau du b\u00e9ton, retarde le s\u00e9chage, augmente la r\u00e9sistance globale de la surface et \u00e9limine les fissures de retrait de la surface.<\/p>\n","protected":false},"featured_media":6635,"template":"","meta":{"_acf_changed":false,"content-type":""},"product_brand":[25],"product_cat":[409,405,408],"product_tag":[],"class_list":{"0":"post-7149","1":"product","2":"type-product","3":"status-publish","4":"has-post-thumbnail","6":"product_brand-pavicret","7":"product_cat-a-base-de-solvant","8":"product_cat-complements","9":"product_cat-conservateurs","11":"first","12":"instock","13":"taxable","14":"shipping-taxable","15":"purchasable","16":"product-type-simple"},"acf":[],"_links":{"self":[{"href":"https:\/\/pavicret.com\/fr\/wp-json\/wp\/v2\/product\/7149","targetHints":{"allow":["GET"]}}],"collection":[{"href":"https:\/\/pavicret.com\/fr\/wp-json\/wp\/v2\/product"}],"about":[{"href":"https:\/\/pavicret.com\/fr\/wp-json\/wp\/v2\/types\/product"}],"wp:featuredmedia":[{"embeddable":true,"href":"https:\/\/pavicret.com\/fr\/wp-json\/wp\/v2\/media\/6635"}],"wp:attachment":[{"href":"https:\/\/pavicret.com\/fr\/wp-json\/wp\/v2\/media?parent=7149"}],"wp:term":[{"taxonomy":"product_brand","embeddable":true,"href":"https:\/\/pavicret.com\/fr\/wp-json\/wp\/v2\/product_brand?post=7149"},{"taxonomy":"product_cat","embeddable":true,"href":"https:\/\/pavicret.com\/fr\/wp-json\/wp\/v2\/product_cat?post=7149"},{"taxonomy":"product_tag","embeddable":true,"href":"https:\/\/pavicret.com\/fr\/wp-json\/wp\/v2\/product_tag?post=7149"}],"curies":[{"name":"wp","href":"https:\/\/api.w.org\/{rel}","templated":true}]}}