{"id":7148,"date":"2025-04-11T10:25:48","date_gmt":"2025-04-11T09:25:48","guid":{"rendered":"https:\/\/pavicret.com\/producto\/durcisseur-pavicret-acg\/"},"modified":"2025-09-19T14:54:40","modified_gmt":"2025-09-19T13:54:40","slug":"durcisseur-pavicret-acg","status":"publish","type":"product","link":"https:\/\/pavicret.com\/fr\/producto\/durcisseur-pavicret-acg\/","title":{"rendered":"Durcisseur PaviCret ACG"},"content":{"rendered":"","protected":false},"excerpt":{"rendered":"<p><strong>Mortier de b\u00e9ton industriel Ciment de silice et de quartz.<\/strong><\/p>\n<p style=\"text-align: justify;\">PaviCret Industrial AC est un mortier sec qui s&rsquo;applique par saupoudrage sur le b\u00e9ton frais, formant ainsi une couche de roulement monolithique qui augmente la r\u00e9sistance \u00e0 l&rsquo;abrasion du rev\u00eatement.<\/p>\n","protected":false},"featured_media":6583,"template":"","meta":{"_acf_changed":false,"content-type":""},"product_brand":[25],"product_cat":[517,410],"product_tag":[],"class_list":{"0":"post-7148","1":"product","2":"type-product","3":"status-publish","4":"has-post-thumbnail","6":"product_brand-pavicret","7":"product_cat-durcisseurs","8":"product_cat-revetement-de-sol-industriel","10":"first","11":"instock","12":"featured","13":"taxable","14":"shipping-taxable","15":"purchasable","16":"product-type-simple"},"acf":[],"_links":{"self":[{"href":"https:\/\/pavicret.com\/fr\/wp-json\/wp\/v2\/product\/7148","targetHints":{"allow":["GET"]}}],"collection":[{"href":"https:\/\/pavicret.com\/fr\/wp-json\/wp\/v2\/product"}],"about":[{"href":"https:\/\/pavicret.com\/fr\/wp-json\/wp\/v2\/types\/product"}],"wp:featuredmedia":[{"embeddable":true,"href":"https:\/\/pavicret.com\/fr\/wp-json\/wp\/v2\/media\/6583"}],"wp:attachment":[{"href":"https:\/\/pavicret.com\/fr\/wp-json\/wp\/v2\/media?parent=7148"}],"wp:term":[{"taxonomy":"product_brand","embeddable":true,"href":"https:\/\/pavicret.com\/fr\/wp-json\/wp\/v2\/product_brand?post=7148"},{"taxonomy":"product_cat","embeddable":true,"href":"https:\/\/pavicret.com\/fr\/wp-json\/wp\/v2\/product_cat?post=7148"},{"taxonomy":"product_tag","embeddable":true,"href":"https:\/\/pavicret.com\/fr\/wp-json\/wp\/v2\/product_tag?post=7148"}],"curies":[{"name":"wp","href":"https:\/\/api.w.org\/{rel}","templated":true}]}}