{"id":7147,"date":"2025-04-11T10:25:48","date_gmt":"2025-04-11T09:25:48","guid":{"rendered":"https:\/\/pavicret.com\/producto\/durcisseur-pavicret-acgm\/"},"modified":"2025-09-19T14:55:56","modified_gmt":"2025-09-19T13:55:56","slug":"durcisseur-pavicret-acgm","status":"publish","type":"product","link":"https:\/\/pavicret.com\/fr\/producto\/durcisseur-pavicret-acgm\/","title":{"rendered":"Durcisseur PaviCret ACGM"},"content":{"rendered":"","protected":false},"excerpt":{"rendered":"<p>Mortier pour b\u00e9ton industriel Ciment-Corindon.<\/p>\n<p>Mortier sec qui s&rsquo;applique par saupoudrage sur le b\u00e9ton frais, formant une couche d&rsquo;usure monolithique sur celui-ci, augmentant la r\u00e9sistance du rev\u00eatement \u00e0 l&rsquo;abrasion.<\/p>\n<p><strong>25 Kg<\/strong> sac<\/p>\n","protected":false},"featured_media":6582,"template":"","meta":{"_acf_changed":false,"content-type":""},"product_brand":[25],"product_cat":[517,410],"product_tag":[],"class_list":{"0":"post-7147","1":"product","2":"type-product","3":"status-publish","4":"has-post-thumbnail","6":"product_brand-pavicret","7":"product_cat-durcisseurs","8":"product_cat-revetement-de-sol-industriel","10":"first","11":"instock","12":"featured","13":"taxable","14":"shipping-taxable","15":"purchasable","16":"product-type-simple"},"acf":[],"_links":{"self":[{"href":"https:\/\/pavicret.com\/fr\/wp-json\/wp\/v2\/product\/7147","targetHints":{"allow":["GET"]}}],"collection":[{"href":"https:\/\/pavicret.com\/fr\/wp-json\/wp\/v2\/product"}],"about":[{"href":"https:\/\/pavicret.com\/fr\/wp-json\/wp\/v2\/types\/product"}],"wp:featuredmedia":[{"embeddable":true,"href":"https:\/\/pavicret.com\/fr\/wp-json\/wp\/v2\/media\/6582"}],"wp:attachment":[{"href":"https:\/\/pavicret.com\/fr\/wp-json\/wp\/v2\/media?parent=7147"}],"wp:term":[{"taxonomy":"product_brand","embeddable":true,"href":"https:\/\/pavicret.com\/fr\/wp-json\/wp\/v2\/product_brand?post=7147"},{"taxonomy":"product_cat","embeddable":true,"href":"https:\/\/pavicret.com\/fr\/wp-json\/wp\/v2\/product_cat?post=7147"},{"taxonomy":"product_tag","embeddable":true,"href":"https:\/\/pavicret.com\/fr\/wp-json\/wp\/v2\/product_tag?post=7147"}],"curies":[{"name":"wp","href":"https:\/\/api.w.org\/{rel}","templated":true}]}}