{"id":7146,"date":"2025-04-11T10:25:48","date_gmt":"2025-04-11T09:25:48","guid":{"rendered":"https:\/\/pavicret.com\/producto\/durcisseur-pavicret-acp\/"},"modified":"2025-09-19T14:56:52","modified_gmt":"2025-09-19T13:56:52","slug":"durcisseur-pavicret-acp","status":"publish","type":"product","link":"https:\/\/pavicret.com\/fr\/producto\/durcisseur-pavicret-acp\/","title":{"rendered":"Durcisseur PaviCret ACP"},"content":{"rendered":"","protected":false},"excerpt":{"rendered":"<p>Mortier <strong>pour b\u00e9ton industriel Quartz-Ciment-Particules m\u00e9caniques.<\/strong><\/p>\n<p>PaviCret ACP est un mortier sec qui s&rsquo;applique par saupoudrage sur le b\u00e9ton frais, formant une couche de roulement monolithique sur celui-ci, augmentant les caract\u00e9ristiques m\u00e9caniques, la r\u00e9sistance \u00e0 l&rsquo;abrasion et aux chocs.<\/p>\n<p>Couleur grise.<\/p>\n<p>Sac de<strong>25 Kg.<\/strong><\/p>\n","protected":false},"featured_media":6585,"template":"","meta":{"_acf_changed":false,"content-type":""},"product_brand":[25],"product_cat":[517,410],"product_tag":[],"class_list":{"0":"post-7146","1":"product","2":"type-product","3":"status-publish","4":"has-post-thumbnail","6":"product_brand-pavicret","7":"product_cat-durcisseurs","8":"product_cat-revetement-de-sol-industriel","10":"first","11":"instock","12":"featured","13":"taxable","14":"shipping-taxable","15":"purchasable","16":"product-type-simple"},"acf":[],"_links":{"self":[{"href":"https:\/\/pavicret.com\/fr\/wp-json\/wp\/v2\/product\/7146","targetHints":{"allow":["GET"]}}],"collection":[{"href":"https:\/\/pavicret.com\/fr\/wp-json\/wp\/v2\/product"}],"about":[{"href":"https:\/\/pavicret.com\/fr\/wp-json\/wp\/v2\/types\/product"}],"wp:featuredmedia":[{"embeddable":true,"href":"https:\/\/pavicret.com\/fr\/wp-json\/wp\/v2\/media\/6585"}],"wp:attachment":[{"href":"https:\/\/pavicret.com\/fr\/wp-json\/wp\/v2\/media?parent=7146"}],"wp:term":[{"taxonomy":"product_brand","embeddable":true,"href":"https:\/\/pavicret.com\/fr\/wp-json\/wp\/v2\/product_brand?post=7146"},{"taxonomy":"product_cat","embeddable":true,"href":"https:\/\/pavicret.com\/fr\/wp-json\/wp\/v2\/product_cat?post=7146"},{"taxonomy":"product_tag","embeddable":true,"href":"https:\/\/pavicret.com\/fr\/wp-json\/wp\/v2\/product_tag?post=7146"}],"curies":[{"name":"wp","href":"https:\/\/api.w.org\/{rel}","templated":true}]}}