{"id":7144,"date":"2025-04-11T10:25:26","date_gmt":"2025-04-11T09:25:26","guid":{"rendered":"https:\/\/pavicret.com\/producto\/pavicril-plus-100\/"},"modified":"2025-09-18T16:17:34","modified_gmt":"2025-09-18T15:17:34","slug":"pavicril-plus-100","status":"publish","type":"product","link":"https:\/\/pavicret.com\/fr\/producto\/pavicril-plus-100\/","title":{"rendered":"PaviCril Plus 100"},"content":{"rendered":"","protected":false},"excerpt":{"rendered":"<p><strong>R\u00e9sine de scellement \u00e0 base de solvant.<\/strong><\/p>\n<p>PaviCril Plus 100 est formul\u00e9 avec des r\u00e9sines acryliques en fine dispersion de particules et un grand ancrage, avec une excellente t\u00e9nacit\u00e9 et une grande r\u00e9sistance aux rayons UV.<\/p>\n<p><strong>Couleur : Incolore brillant.<\/strong><\/p>\n<p><strong>Carafe de 25 Kg.<\/strong><\/p>\n","protected":false},"featured_media":6626,"template":"","meta":{"_acf_changed":false,"content-type":""},"product_brand":[25],"product_cat":[409,405,408,407],"product_tag":[],"class_list":{"0":"post-7144","1":"product","2":"type-product","3":"status-publish","4":"has-post-thumbnail","6":"product_brand-pavicret","7":"product_cat-a-base-de-solvant","8":"product_cat-complements","9":"product_cat-conservateurs","10":"product_cat-protecteurs","12":"first","13":"instock","14":"featured","15":"taxable","16":"shipping-taxable","17":"purchasable","18":"product-type-simple"},"acf":[],"_links":{"self":[{"href":"https:\/\/pavicret.com\/fr\/wp-json\/wp\/v2\/product\/7144","targetHints":{"allow":["GET"]}}],"collection":[{"href":"https:\/\/pavicret.com\/fr\/wp-json\/wp\/v2\/product"}],"about":[{"href":"https:\/\/pavicret.com\/fr\/wp-json\/wp\/v2\/types\/product"}],"wp:featuredmedia":[{"embeddable":true,"href":"https:\/\/pavicret.com\/fr\/wp-json\/wp\/v2\/media\/6626"}],"wp:attachment":[{"href":"https:\/\/pavicret.com\/fr\/wp-json\/wp\/v2\/media?parent=7144"}],"wp:term":[{"taxonomy":"product_brand","embeddable":true,"href":"https:\/\/pavicret.com\/fr\/wp-json\/wp\/v2\/product_brand?post=7144"},{"taxonomy":"product_cat","embeddable":true,"href":"https:\/\/pavicret.com\/fr\/wp-json\/wp\/v2\/product_cat?post=7144"},{"taxonomy":"product_tag","embeddable":true,"href":"https:\/\/pavicret.com\/fr\/wp-json\/wp\/v2\/product_tag?post=7144"}],"curies":[{"name":"wp","href":"https:\/\/api.w.org\/{rel}","templated":true}]}}