{"id":7142,"date":"2025-04-11T10:25:26","date_gmt":"2025-04-11T09:25:26","guid":{"rendered":"https:\/\/pavicret.com\/producto\/velacret-dans-leau\/"},"modified":"2025-09-18T15:58:15","modified_gmt":"2025-09-18T14:58:15","slug":"velacret-dans-leau","status":"publish","type":"product","link":"https:\/\/pavicret.com\/fr\/producto\/velacret-dans-leau\/","title":{"rendered":"VelaCret dans l&rsquo;eau"},"content":{"rendered":"","protected":false},"excerpt":{"rendered":"<p><strong>Colorant pour r\u00e9sine.<\/strong><\/p>\n<p>P\u00e2te de faible consistance, formul\u00e9e \u00e0 partir de principes actifs, dispers\u00e9s dans une base aqueuse.<\/p>\n<p><strong>R\u00e9cipient proportionnel pour 25 litres.<\/strong><\/p>\n","protected":false},"featured_media":6547,"template":"","meta":{"_acf_changed":false,"content-type":""},"product_brand":[25],"product_cat":[516,405,408,512],"product_tag":[],"class_list":{"0":"post-7142","1":"product","2":"type-product","3":"status-publish","4":"has-post-thumbnail","6":"product_brand-pavicret","7":"product_cat-a-base-deau","8":"product_cat-complements","9":"product_cat-conservateurs","10":"product_cat-rehabilitation-des-chaussees","12":"first","13":"instock","14":"featured","15":"taxable","16":"shipping-taxable","17":"purchasable","18":"product-type-simple"},"acf":[],"_links":{"self":[{"href":"https:\/\/pavicret.com\/fr\/wp-json\/wp\/v2\/product\/7142","targetHints":{"allow":["GET"]}}],"collection":[{"href":"https:\/\/pavicret.com\/fr\/wp-json\/wp\/v2\/product"}],"about":[{"href":"https:\/\/pavicret.com\/fr\/wp-json\/wp\/v2\/types\/product"}],"wp:featuredmedia":[{"embeddable":true,"href":"https:\/\/pavicret.com\/fr\/wp-json\/wp\/v2\/media\/6547"}],"wp:attachment":[{"href":"https:\/\/pavicret.com\/fr\/wp-json\/wp\/v2\/media?parent=7142"}],"wp:term":[{"taxonomy":"product_brand","embeddable":true,"href":"https:\/\/pavicret.com\/fr\/wp-json\/wp\/v2\/product_brand?post=7142"},{"taxonomy":"product_cat","embeddable":true,"href":"https:\/\/pavicret.com\/fr\/wp-json\/wp\/v2\/product_cat?post=7142"},{"taxonomy":"product_tag","embeddable":true,"href":"https:\/\/pavicret.com\/fr\/wp-json\/wp\/v2\/product_tag?post=7142"}],"curies":[{"name":"wp","href":"https:\/\/api.w.org\/{rel}","templated":true}]}}