{"id":7141,"date":"2025-04-11T10:25:26","date_gmt":"2025-04-11T09:25:26","guid":{"rendered":"https:\/\/pavicret.com\/producto\/solvant-velacret\/"},"modified":"2025-09-18T15:57:36","modified_gmt":"2025-09-18T14:57:36","slug":"solvant-velacret","status":"publish","type":"product","link":"https:\/\/pavicret.com\/fr\/producto\/solvant-velacret\/","title":{"rendered":"Solvant VelaCret"},"content":{"rendered":"","protected":false},"excerpt":{"rendered":"<p><strong>Colorant pour r\u00e9sine.<\/strong><\/p>\n<p>P\u00e2te de faible consistance, formul\u00e9e \u00e0 partir de principes actifs, dispers\u00e9s dans un solvant organique.<\/p>\n<p><strong>R\u00e9cipient proportionnel pour une carafe de 25 litres.<\/strong><\/p>\n","protected":false},"featured_media":6548,"template":"","meta":{"_acf_changed":false,"content-type":""},"product_brand":[25],"product_cat":[409,408,512],"product_tag":[],"class_list":{"0":"post-7141","1":"product","2":"type-product","3":"status-publish","4":"has-post-thumbnail","6":"product_brand-pavicret","7":"product_cat-a-base-de-solvant","8":"product_cat-conservateurs","9":"product_cat-rehabilitation-des-chaussees","11":"first","12":"instock","13":"taxable","14":"shipping-taxable","15":"purchasable","16":"product-type-simple"},"acf":[],"_links":{"self":[{"href":"https:\/\/pavicret.com\/fr\/wp-json\/wp\/v2\/product\/7141","targetHints":{"allow":["GET"]}}],"collection":[{"href":"https:\/\/pavicret.com\/fr\/wp-json\/wp\/v2\/product"}],"about":[{"href":"https:\/\/pavicret.com\/fr\/wp-json\/wp\/v2\/types\/product"}],"wp:featuredmedia":[{"embeddable":true,"href":"https:\/\/pavicret.com\/fr\/wp-json\/wp\/v2\/media\/6548"}],"wp:attachment":[{"href":"https:\/\/pavicret.com\/fr\/wp-json\/wp\/v2\/media?parent=7141"}],"wp:term":[{"taxonomy":"product_brand","embeddable":true,"href":"https:\/\/pavicret.com\/fr\/wp-json\/wp\/v2\/product_brand?post=7141"},{"taxonomy":"product_cat","embeddable":true,"href":"https:\/\/pavicret.com\/fr\/wp-json\/wp\/v2\/product_cat?post=7141"},{"taxonomy":"product_tag","embeddable":true,"href":"https:\/\/pavicret.com\/fr\/wp-json\/wp\/v2\/product_tag?post=7141"}],"curies":[{"name":"wp","href":"https:\/\/api.w.org\/{rel}","templated":true}]}}