{"id":7140,"date":"2025-04-11T10:25:26","date_gmt":"2025-04-11T09:25:26","guid":{"rendered":"https:\/\/pavicret.com\/producto\/pavilat\/"},"modified":"2025-09-18T16:04:46","modified_gmt":"2025-09-18T15:04:46","slug":"pavilat","status":"publish","type":"product","link":"https:\/\/pavicret.com\/fr\/producto\/pavilat\/","title":{"rendered":"PaviLat"},"content":{"rendered":"","protected":false},"excerpt":{"rendered":"<p><strong>Pont d&rsquo;adh\u00e9rence acrylique<\/strong><strong> pour mortiers et b\u00e9tons<\/strong><\/p>\n<p>M\u00e9lange d&rsquo;additifs modificateurs de rh\u00e9ologie pour mortier pour sa transformation en un mortier de 1 cm d&rsquo;\u00e9paisseur pour application verticale et horizontale en petites extensions.<\/p>\n<p><strong>Carafe en plastique de 25 litres.<\/strong><\/p>\n","protected":false},"featured_media":6537,"template":"","meta":{"_acf_changed":false,"content-type":""},"product_brand":[25],"product_cat":[405,406],"product_tag":[],"class_list":{"0":"post-7140","1":"product","2":"type-product","3":"status-publish","4":"has-post-thumbnail","6":"product_brand-pavicret","7":"product_cat-complements","8":"product_cat-ponts-de-liaison","10":"first","11":"instock","12":"featured","13":"taxable","14":"shipping-taxable","15":"purchasable","16":"product-type-simple"},"acf":[],"_links":{"self":[{"href":"https:\/\/pavicret.com\/fr\/wp-json\/wp\/v2\/product\/7140","targetHints":{"allow":["GET"]}}],"collection":[{"href":"https:\/\/pavicret.com\/fr\/wp-json\/wp\/v2\/product"}],"about":[{"href":"https:\/\/pavicret.com\/fr\/wp-json\/wp\/v2\/types\/product"}],"wp:featuredmedia":[{"embeddable":true,"href":"https:\/\/pavicret.com\/fr\/wp-json\/wp\/v2\/media\/6537"}],"wp:attachment":[{"href":"https:\/\/pavicret.com\/fr\/wp-json\/wp\/v2\/media?parent=7140"}],"wp:term":[{"taxonomy":"product_brand","embeddable":true,"href":"https:\/\/pavicret.com\/fr\/wp-json\/wp\/v2\/product_brand?post=7140"},{"taxonomy":"product_cat","embeddable":true,"href":"https:\/\/pavicret.com\/fr\/wp-json\/wp\/v2\/product_cat?post=7140"},{"taxonomy":"product_tag","embeddable":true,"href":"https:\/\/pavicret.com\/fr\/wp-json\/wp\/v2\/product_tag?post=7140"}],"curies":[{"name":"wp","href":"https:\/\/api.w.org\/{rel}","templated":true}]}}