{"id":7138,"date":"2025-06-04T12:29:21","date_gmt":"2025-06-04T11:29:21","guid":{"rendered":"https:\/\/pavicret.com\/producto\/policret\/"},"modified":"2025-09-18T12:21:54","modified_gmt":"2025-09-18T11:21:54","slug":"policret","status":"publish","type":"product","link":"https:\/\/pavicret.com\/fr\/producto\/policret\/","title":{"rendered":"Policret"},"content":{"rendered":"","protected":false},"excerpt":{"rendered":"<p><span class=\"fontstyle0\">POLICRET est un film de poly\u00e9thyl\u00e8ne qui sert de pare-vapeur, ainsi que pour la collaboration des surfaces horizontales, la mobilit\u00e9 entre les chapes, la r\u00e9tention de l&rsquo;humidit\u00e9 dans les \u00e9l\u00e9ments en b\u00e9ton frais, etc.<\/span><\/p>\n","protected":false},"featured_media":6655,"template":"","meta":{"_acf_changed":false,"content-type":""},"product_brand":[25],"product_cat":[405],"product_tag":[],"class_list":{"0":"post-7138","1":"product","2":"type-product","3":"status-publish","4":"has-post-thumbnail","6":"product_brand-pavicret","7":"product_cat-complements","9":"first","10":"instock","11":"featured","12":"taxable","13":"shipping-taxable","14":"product-type-simple"},"acf":[],"_links":{"self":[{"href":"https:\/\/pavicret.com\/fr\/wp-json\/wp\/v2\/product\/7138","targetHints":{"allow":["GET"]}}],"collection":[{"href":"https:\/\/pavicret.com\/fr\/wp-json\/wp\/v2\/product"}],"about":[{"href":"https:\/\/pavicret.com\/fr\/wp-json\/wp\/v2\/types\/product"}],"wp:featuredmedia":[{"embeddable":true,"href":"https:\/\/pavicret.com\/fr\/wp-json\/wp\/v2\/media\/6655"}],"wp:attachment":[{"href":"https:\/\/pavicret.com\/fr\/wp-json\/wp\/v2\/media?parent=7138"}],"wp:term":[{"taxonomy":"product_brand","embeddable":true,"href":"https:\/\/pavicret.com\/fr\/wp-json\/wp\/v2\/product_brand?post=7138"},{"taxonomy":"product_cat","embeddable":true,"href":"https:\/\/pavicret.com\/fr\/wp-json\/wp\/v2\/product_cat?post=7138"},{"taxonomy":"product_tag","embeddable":true,"href":"https:\/\/pavicret.com\/fr\/wp-json\/wp\/v2\/product_tag?post=7138"}],"curies":[{"name":"wp","href":"https:\/\/api.w.org\/{rel}","templated":true}]}}