{"id":7137,"date":"2025-05-14T12:31:50","date_gmt":"2025-05-14T11:31:50","guid":{"rendered":"https:\/\/pavicret.com\/producto\/paviflex-pu\/"},"modified":"2025-09-18T12:21:10","modified_gmt":"2025-09-18T11:21:10","slug":"paviflex-pu","status":"publish","type":"product","link":"https:\/\/pavicret.com\/fr\/producto\/paviflex-pu\/","title":{"rendered":"Paviflex PU"},"content":{"rendered":"","protected":false},"excerpt":{"rendered":"<p><span class=\"fontstyle0\">Mastic polyur\u00e9thane monocomposant de module moyen.<br \/>\n&#8211; Monocomposant. Aucun pr\u00e9-m\u00e9lange n&rsquo;est n\u00e9cessaire.<br \/>\n&#8211; N&rsquo;attaque pas les mat\u00e9riaux alcalins et ne corrode pas les m\u00e9taux.<br \/>\n&#8211; Bonne adh\u00e9rence sur une grande vari\u00e9t\u00e9 de substrats.<br \/>\n&#8211; Elle ne diminue pas.<br \/>\n&#8211; Amortit les vibrations.<br \/>\n&#8211; Capable de r\u00e9sister \u00e0 des contraintes dynamiques.<br \/>\n&#8211; Bonne capacit\u00e9 \u00e0 combler les lacunes.<br \/>\n&#8211; Convient \u00e0 une utilisation int\u00e9rieure et ext\u00e9rieure.<\/span><br \/>\n<strong><span class=\"fontstyle0\">Sacs de 600 ml.<\/span><\/strong><\/p>\n","protected":false},"featured_media":6632,"template":"","meta":{"_acf_changed":false,"content-type":""},"product_brand":[25],"product_cat":[405,514],"product_tag":[],"class_list":{"0":"post-7137","1":"product","2":"type-product","3":"status-publish","4":"has-post-thumbnail","6":"product_brand-pavicret","7":"product_cat-complements","8":"product_cat-remplisseurs-paviflex","10":"first","11":"instock","12":"featured","13":"taxable","14":"shipping-taxable","15":"purchasable","16":"product-type-simple"},"acf":[],"_links":{"self":[{"href":"https:\/\/pavicret.com\/fr\/wp-json\/wp\/v2\/product\/7137","targetHints":{"allow":["GET"]}}],"collection":[{"href":"https:\/\/pavicret.com\/fr\/wp-json\/wp\/v2\/product"}],"about":[{"href":"https:\/\/pavicret.com\/fr\/wp-json\/wp\/v2\/types\/product"}],"wp:featuredmedia":[{"embeddable":true,"href":"https:\/\/pavicret.com\/fr\/wp-json\/wp\/v2\/media\/6632"}],"wp:attachment":[{"href":"https:\/\/pavicret.com\/fr\/wp-json\/wp\/v2\/media?parent=7137"}],"wp:term":[{"taxonomy":"product_brand","embeddable":true,"href":"https:\/\/pavicret.com\/fr\/wp-json\/wp\/v2\/product_brand?post=7137"},{"taxonomy":"product_cat","embeddable":true,"href":"https:\/\/pavicret.com\/fr\/wp-json\/wp\/v2\/product_cat?post=7137"},{"taxonomy":"product_tag","embeddable":true,"href":"https:\/\/pavicret.com\/fr\/wp-json\/wp\/v2\/product_tag?post=7137"}],"curies":[{"name":"wp","href":"https:\/\/api.w.org\/{rel}","templated":true}]}}