{"id":7136,"date":"2025-06-02T14:33:14","date_gmt":"2025-06-02T13:33:14","guid":{"rendered":"https:\/\/pavicret.com\/producto\/playcolor\/"},"modified":"2025-09-16T10:15:32","modified_gmt":"2025-09-16T09:15:32","slug":"playcolor","status":"publish","type":"product","link":"https:\/\/pavicret.com\/fr\/producto\/playcolor\/","title":{"rendered":"Playcolor"},"content":{"rendered":"","protected":false},"excerpt":{"rendered":"<p><strong>PAVICRET PLAY COLOR <\/strong>sont des pigments inorganiques insolubles, r\u00e9sistants aux alcalis et stables aux rayons U.V., enti\u00e8rement applicables \u00e0 l&rsquo;ext\u00e9rieur (sauf BLUE 3400).<\/p>\n","protected":false},"featured_media":6654,"template":"","meta":{"_acf_changed":false,"content-type":""},"product_brand":[25],"product_cat":[403],"product_tag":[],"class_list":{"0":"post-7136","1":"product","2":"type-product","3":"status-publish","4":"has-post-thumbnail","6":"product_brand-pavicret","7":"product_cat-pigments","9":"first","10":"instock","11":"featured","12":"taxable","13":"shipping-taxable","14":"purchasable","15":"product-type-simple"},"acf":[],"_links":{"self":[{"href":"https:\/\/pavicret.com\/fr\/wp-json\/wp\/v2\/product\/7136","targetHints":{"allow":["GET"]}}],"collection":[{"href":"https:\/\/pavicret.com\/fr\/wp-json\/wp\/v2\/product"}],"about":[{"href":"https:\/\/pavicret.com\/fr\/wp-json\/wp\/v2\/types\/product"}],"wp:featuredmedia":[{"embeddable":true,"href":"https:\/\/pavicret.com\/fr\/wp-json\/wp\/v2\/media\/6654"}],"wp:attachment":[{"href":"https:\/\/pavicret.com\/fr\/wp-json\/wp\/v2\/media?parent=7136"}],"wp:term":[{"taxonomy":"product_brand","embeddable":true,"href":"https:\/\/pavicret.com\/fr\/wp-json\/wp\/v2\/product_brand?post=7136"},{"taxonomy":"product_cat","embeddable":true,"href":"https:\/\/pavicret.com\/fr\/wp-json\/wp\/v2\/product_cat?post=7136"},{"taxonomy":"product_tag","embeddable":true,"href":"https:\/\/pavicret.com\/fr\/wp-json\/wp\/v2\/product_tag?post=7136"}],"curies":[{"name":"wp","href":"https:\/\/api.w.org\/{rel}","templated":true}]}}