{"id":7135,"date":"2025-05-14T11:09:49","date_gmt":"2025-05-14T10:09:49","guid":{"rendered":"https:\/\/pavicret.com\/producto\/pavicret-indufix\/"},"modified":"2025-09-18T12:20:17","modified_gmt":"2025-09-18T11:20:17","slug":"pavicret-indufix","status":"publish","type":"product","link":"https:\/\/pavicret.com\/fr\/producto\/pavicret-indufix\/","title":{"rendered":"Pavicret Indufix"},"content":{"rendered":"","protected":false},"excerpt":{"rendered":"<p>Mortier sec polyvalent pour la pr\u00e9paration de tous types de supports. R\u00e9paration de tous types de supports avant l&rsquo;application d&rsquo;un autre type de rev\u00eatement. <\/p>\n<p><span class=\"fontstyle0\">Seau en plastique de 5 kg.  <\/span><\/p>\n","protected":false},"featured_media":6631,"template":"","meta":{"_acf_changed":false,"content-type":""},"product_brand":[25],"product_cat":[405,512,489],"product_tag":[],"class_list":{"0":"post-7135","1":"product","2":"type-product","3":"status-publish","4":"has-post-thumbnail","6":"product_brand-pavicret","7":"product_cat-complements","8":"product_cat-rehabilitation-des-chaussees","9":"product_cat-revetement-de-sol-decoratif","11":"first","12":"instock","13":"featured","14":"taxable","15":"shipping-taxable","16":"purchasable","17":"product-type-simple"},"acf":[],"_links":{"self":[{"href":"https:\/\/pavicret.com\/fr\/wp-json\/wp\/v2\/product\/7135","targetHints":{"allow":["GET"]}}],"collection":[{"href":"https:\/\/pavicret.com\/fr\/wp-json\/wp\/v2\/product"}],"about":[{"href":"https:\/\/pavicret.com\/fr\/wp-json\/wp\/v2\/types\/product"}],"wp:featuredmedia":[{"embeddable":true,"href":"https:\/\/pavicret.com\/fr\/wp-json\/wp\/v2\/media\/6631"}],"wp:attachment":[{"href":"https:\/\/pavicret.com\/fr\/wp-json\/wp\/v2\/media?parent=7135"}],"wp:term":[{"taxonomy":"product_brand","embeddable":true,"href":"https:\/\/pavicret.com\/fr\/wp-json\/wp\/v2\/product_brand?post=7135"},{"taxonomy":"product_cat","embeddable":true,"href":"https:\/\/pavicret.com\/fr\/wp-json\/wp\/v2\/product_cat?post=7135"},{"taxonomy":"product_tag","embeddable":true,"href":"https:\/\/pavicret.com\/fr\/wp-json\/wp\/v2\/product_tag?post=7135"}],"curies":[{"name":"wp","href":"https:\/\/api.w.org\/{rel}","templated":true}]}}