{"id":7134,"date":"2025-05-14T09:46:34","date_gmt":"2025-05-14T08:46:34","guid":{"rendered":"https:\/\/pavicret.com\/producto\/metacret\/"},"modified":"2025-09-16T10:33:46","modified_gmt":"2025-09-16T09:33:46","slug":"metacret","status":"publish","type":"product","link":"https:\/\/pavicret.com\/fr\/producto\/metacret\/","title":{"rendered":"Metacret"},"content":{"rendered":"","protected":false},"excerpt":{"rendered":"<p><strong>METACRET<\/strong> est un compos\u00e9 liquide pour la protection des rev\u00eatements ext\u00e9rieurs \u00e0 base de r\u00e9sines m\u00e9thacryliques, avec d&rsquo;excellentes propri\u00e9t\u00e9s de duret\u00e9, de r\u00e9sistance aux rayons ultraviolets, \u00e0 l&rsquo;humidit\u00e9 et \u00e0 l&rsquo;abrasion ext\u00e9rieure. Sp\u00e9cifiquement formul\u00e9 pour \u00eatre utilis\u00e9 comme film protecteur et d\u00e9coratif d&rsquo;une extraordinaire adh\u00e9rence, il durcit par \u00e9vaporation de ses solvants, am\u00e9liorant ainsi la durabilit\u00e9 finale du rev\u00eatement.<\/p>\n","protected":false},"featured_media":6629,"template":"","meta":{"_acf_changed":false,"content-type":""},"product_brand":[25],"product_cat":[409,405,408,407],"product_tag":[],"class_list":{"0":"post-7134","1":"product","2":"type-product","3":"status-publish","4":"has-post-thumbnail","6":"product_brand-pavicret","7":"product_cat-a-base-de-solvant","8":"product_cat-complements","9":"product_cat-conservateurs","10":"product_cat-protecteurs","12":"first","13":"instock","14":"featured","15":"taxable","16":"shipping-taxable","17":"purchasable","18":"product-type-simple"},"acf":[],"_links":{"self":[{"href":"https:\/\/pavicret.com\/fr\/wp-json\/wp\/v2\/product\/7134","targetHints":{"allow":["GET"]}}],"collection":[{"href":"https:\/\/pavicret.com\/fr\/wp-json\/wp\/v2\/product"}],"about":[{"href":"https:\/\/pavicret.com\/fr\/wp-json\/wp\/v2\/types\/product"}],"wp:featuredmedia":[{"embeddable":true,"href":"https:\/\/pavicret.com\/fr\/wp-json\/wp\/v2\/media\/6629"}],"wp:attachment":[{"href":"https:\/\/pavicret.com\/fr\/wp-json\/wp\/v2\/media?parent=7134"}],"wp:term":[{"taxonomy":"product_brand","embeddable":true,"href":"https:\/\/pavicret.com\/fr\/wp-json\/wp\/v2\/product_brand?post=7134"},{"taxonomy":"product_cat","embeddable":true,"href":"https:\/\/pavicret.com\/fr\/wp-json\/wp\/v2\/product_cat?post=7134"},{"taxonomy":"product_tag","embeddable":true,"href":"https:\/\/pavicret.com\/fr\/wp-json\/wp\/v2\/product_tag?post=7134"}],"curies":[{"name":"wp","href":"https:\/\/api.w.org\/{rel}","templated":true}]}}